{"id":88,"date":"2025-05-23T18:16:33","date_gmt":"2025-05-23T18:16:33","guid":{"rendered":"https:\/\/fatecbarueri.edu.br\/home\/?page_id=88"},"modified":"2026-01-21T18:47:49","modified_gmt":"2026-01-21T18:47:49","slug":"fale-conosco","status":"publish","type":"page","link":"https:\/\/fatecbarueri.edu.br\/home\/fale-conosco\/","title":{"rendered":"Fale Conosco"},"content":{"rendered":"\n<p>Para informa\u00e7\u00f5es gerais, sugest\u00f5es, esclarecer d\u00favidas ou fazer elogios sobre a Fatec Barueri:<\/p>\n\n\n\n<div class=\"wp-block-buttons is-layout-flex wp-block-buttons-is-layout-flex\">\n<div class=\"wp-block-button\"><a class=\"wp-block-button__link wp-element-button\" href=\"https:\/\/fatecbarueri.edu.br\/home\/secretaria-academica-virtual\/\" target=\"_blank\" rel=\"noreferrer noopener\">Secretaria Acad\u00eamica Virtual<\/a><\/div>\n<\/div>\n\n\n\n<p><\/p>\n\n\n\n<hr class=\"wp-block-separator has-alpha-channel-opacity\"\/>\n\n\n\n<figure class=\"wp-block-table is-style-stripes\"><table class=\"has-fixed-layout\"><tbody><tr><td><a href=\"mailto:f209.atendimento@fatec.sp.gov.br\">f209.atendimento@fatec.sp.gov.br<\/a>\u00a0<br><strong>(11) 2543-4900<\/strong>\u00a0<br>Avenida Carlos Capriotti, n\u00ba 123 \u2013 Centro &#8211; Barueri &#8211; SP &#8211; CEP 06401-134<\/td><\/tr><\/tbody><\/table><\/figure>\n\n\n\n<hr class=\"wp-block-separator has-alpha-channel-opacity\"\/>\n\n\n\n<figure class=\"wp-block-table is-style-stripes\"><table class=\"has-fixed-layout\"><tbody><tr><td><strong>Cursos<\/strong><\/td><td><strong>Contato<\/strong><\/td><\/tr><tr><td>Com\u00e9rcio Exterior<\/td><td><a href=\"mailto:f209coord.cex@cps.sp.gov.br\">f209coord.cex@cps.sp.gov.br<\/a><\/td><\/tr><tr><td>Design de M\u00eddias Digitais<\/td><td><a href=\"mailto:f209coord.dmd@cps.sp.gov.br\">f209coord.dmd@cps.sp.gov.br<\/a><\/td><\/tr><tr><td>Gest\u00e3o de Eventos<\/td><td><a href=\"mailto:f209coord.evt@cps.so.gov.br\">f209coord.evt@cps.sp.gov.br<\/a><\/td><\/tr><tr><td>Gest\u00e3o de Com\u00e9rcio Eletr\u00f4nico<\/td><td><a href=\"mailto:f209coord.gce@cps.sp.gov.br\">f209coord.gce@cps.sp.gov.br<\/a><\/td><\/tr><tr><td>Gest\u00e3o de Neg\u00f3cios e Pessoas<\/td><td><a href=\"mailto:f209coord.gnp@cps.sp.gov.br\">f209coord.gnp@cps.sp.gov.br<\/a><\/td><\/tr><tr><td>Gest\u00e3o de Recursos Humanos<\/td><td><a href=\"mailto:f209coord.grh@cps.sp.gov.br\">f209coord.grh@cps.sp.gov.br<\/a><\/td><\/tr><tr><td>Gest\u00e3o da Tecnologia da Informa\u00e7\u00e3o<\/td><td><a href=\"mailto:f209coord.gti@cps.sp.gov.br\">f209coord.gti@cps.sp.gov.br<\/a><\/td><\/tr><tr><td>Gest\u00e3o Empresaial (EaD)<\/td><td><a href=\"mailto:f209.ge@fatec.sp.gov.br\">f209.ge@fatec.sp.gov.br<\/a><\/td><\/tr><tr><td>Log\u00edstica<\/td><td><a href=\"mailto:f209coord.log@cps.sp.gov.br\">f209coord.log@cps.sp.gov.br<\/a><\/td><\/tr><tr><td>Transporte Terrestre<\/td><td><a href=\"mailto:f209coord.tte@cps.sp.gov.br\">f209coord.tte@cps.sp.gov.br<\/a><\/td><\/tr><\/tbody><\/table><\/figure>\n\n\n\n<p><\/p>\n<p><\/p>","protected":false},"excerpt":{"rendered":"<p>Para informa\u00e7\u00f5es gerais, sugest\u00f5es, esclarecer d\u00favidas ou fazer elogios sobre a Fatec Barueri: f209.atendimento@fatec.sp.gov.br\u00a0(11) 2543-4900\u00a0Avenida Carlos Capriotti, n\u00ba 123 \u2013 Centro &#8211; Barueri &#8211; SP &#8211; CEP 06401-134 Cursos Contato Com\u00e9rcio Exterior f209coord.cex@cps.sp.gov.br Design de M\u00eddias Digitais f209coord.dmd@cps.sp.gov.br Gest\u00e3o de Eventos f209coord.evt@cps.sp.gov.br Gest\u00e3o de Com\u00e9rcio Eletr\u00f4nico f209coord.gce@cps.sp.gov.br Gest\u00e3o de Neg\u00f3cios e Pessoas f209coord.gnp@cps.sp.gov.br Gest\u00e3o de Recursos Humanos f209coord.grh@cps.sp.gov.br Gest\u00e3o da Tecnologia da Informa\u00e7\u00e3o f209coord.gti@cps.sp.gov.br Gest\u00e3o Empresaial (EaD) f209.ge@fatec.sp.gov.br Log\u00edstica f209coord.log@cps.sp.gov.br Transporte Terrestre f209coord.tte@cps.sp.gov.br<\/p>\n","protected":false},"author":2,"featured_media":0,"parent":0,"menu_order":0,"comment_status":"closed","ping_status":"closed","template":"template-no-sidebar.php","meta":{"footnotes":""},"class_list":["post-88","page","type-page","status-publish","hentry"],"_links":{"self":[{"href":"https:\/\/fatecbarueri.edu.br\/home\/wp-json\/wp\/v2\/pages\/88"}],"collection":[{"href":"https:\/\/fatecbarueri.edu.br\/home\/wp-json\/wp\/v2\/pages"}],"about":[{"href":"https:\/\/fatecbarueri.edu.br\/home\/wp-json\/wp\/v2\/types\/page"}],"author":[{"embeddable":true,"href":"https:\/\/fatecbarueri.edu.br\/home\/wp-json\/wp\/v2\/users\/2"}],"replies":[{"embeddable":true,"href":"https:\/\/fatecbarueri.edu.br\/home\/wp-json\/wp\/v2\/comments?post=88"}],"version-history":[{"count":7,"href":"https:\/\/fatecbarueri.edu.br\/home\/wp-json\/wp\/v2\/pages\/88\/revisions"}],"predecessor-version":[{"id":1264,"href":"https:\/\/fatecbarueri.edu.br\/home\/wp-json\/wp\/v2\/pages\/88\/revisions\/1264"}],"wp:attachment":[{"href":"https:\/\/fatecbarueri.edu.br\/home\/wp-json\/wp\/v2\/media?parent=88"}],"curies":[{"name":"wp","href":"https:\/\/api.w.org\/{rel}","templated":true}]}}