{"id":815,"date":"2025-07-08T00:08:59","date_gmt":"2025-07-08T00:08:59","guid":{"rendered":"https:\/\/fatecbarueri.edu.br\/home\/?page_id=815"},"modified":"2025-09-10T18:09:58","modified_gmt":"2025-09-10T18:09:58","slug":"estrutura-organizacional","status":"publish","type":"page","link":"https:\/\/fatecbarueri.edu.br\/home\/estrutura-organizacional\/","title":{"rendered":"Estrutura Organizacional"},"content":{"rendered":"\n<p>Conhe\u00e7a a organiza\u00e7\u00e3o interna da Fatec Barueri, acessando os links a seguir:<\/p>\n\n\n\n<figure class=\"wp-block-table is-style-stripes\"><table class=\"has-fixed-layout\"><tbody><tr><td><strong>Estrutura Organizacional<\/strong><\/td><\/tr><tr><td><a href=\"https:\/\/fatecbarueri.edu.br\/home\/congregacao\/\" data-type=\"link\" data-id=\"https:\/\/fatecbarueri.edu.br\/home\/congregacao\/\">Congrega\u00e7\u00e3o<\/a><\/td><\/tr><tr><td><a href=\"https:\/\/fatecbarueri.edu.br\/home\/diretoria\/\" data-type=\"page\" data-id=\"400\">Coordena\u00e7\u00e3o da Fatec Barueri<\/a><\/td><\/tr><tr><td><a href=\"https:\/\/fatecbarueri.edu.br\/home\/diretoria-de-servicos-administrativos\/\" data-type=\"link\" data-id=\"https:\/\/fatecbarueri.edu.br\/home\/diretoria-de-servicos-administrativos\/\">Chefia de Servi\u00e7os Administrativos<\/a><\/td><\/tr><tr><td><a href=\"https:\/\/fatecbarueri.edu.br\/home\/diretoria-de-servicos-academicos\/\" data-type=\"link\" data-id=\"https:\/\/fatecbarueri.edu.br\/home\/diretoria-de-servicos-academicos\/\">Chefia de Servi\u00e7os Acad\u00eamicos<\/a><\/td><\/tr><tr><td><a href=\"https:\/\/fatecbarueri.edu.br\/home\/coordenadorias-de-curso\/\" data-type=\"page\" data-id=\"322\">Coordenadorias de Cursos<\/a><\/td><\/tr><tr><td><a href=\"https:\/\/fatecbarueri.edu.br\/home\/orientacao-de-polo\/\" data-type=\"link\" data-id=\"https:\/\/fatecbarueri.edu.br\/home\/orientacao-de-polo\/\">Orienta\u00e7\u00e3o de Polo<\/a><\/td><\/tr><tr><td><a href=\"https:\/\/fatecbarueri.edu.br\/home\/nucleos-docentes-estruturantes\/\" data-type=\"link\" data-id=\"https:\/\/fatecbarueri.edu.br\/home\/nucleos-docentes-estruturantes\/\">N\u00facleos Docentes Estruturantes<\/a><\/td><\/tr><tr><td><a href=\"https:\/\/fatecbarueri.edu.br\/home\/corpo-docente\/\" data-type=\"link\" data-id=\"https:\/\/fatecbarueri.edu.br\/home\/corpo-docente\/\">Corpo Docente<\/a><\/td><\/tr><tr><td><a href=\"https:\/\/fatecbarueri.edu.br\/home\/auxiliares-docentes\/\" data-type=\"link\" data-id=\"https:\/\/fatecbarueri.edu.br\/home\/auxiliares-docentes\/\">Auxiliares de Docentes<\/a><\/td><\/tr><tr><td><a href=\"https:\/\/fatecbarueri.edu.br\/home\/corpo-tecnico-administrativo\/\" data-type=\"link\" data-id=\"https:\/\/fatecbarueri.edu.br\/home\/corpo-tecnico-administrativo\/\">Corpo T\u00e9cnico Administrativo<\/a><\/td><\/tr><tr><td><a href=\"https:\/\/fatecbarueri.edu.br\/home\/comissao-propria-de-avaliacao-cpa\/\" data-type=\"link\" data-id=\"https:\/\/fatecbarueri.edu.br\/home\/comissao-propria-de-avaliacao-cpa\/\">Comiss\u00e3o Pr\u00f3pria de Avalia\u00e7\u00e3o \u2013 CPA<\/a><\/td><\/tr><tr><td><a href=\"https:\/\/fatecbarueri.edu.br\/home\/comissao-interna-de-prevencao-de-acidentes-cipa\/\" data-type=\"link\" data-id=\"https:\/\/fatecbarueri.edu.br\/home\/comissao-interna-de-prevencao-de-acidentes-cipa\/\">Comiss\u00e3o Interna de Preven\u00e7\u00e3o de Acidentes \u2013 CIPA<\/a><\/td><\/tr><\/tbody><\/table><\/figure>\n\n\n\n<p><\/p>\n\n\n\n<p><\/p>\n<p><\/p>","protected":false},"excerpt":{"rendered":"<p>Conhe\u00e7a a organiza\u00e7\u00e3o interna da Fatec Barueri, acessando os links a seguir: Estrutura Organizacional Congrega\u00e7\u00e3o Coordena\u00e7\u00e3o da Fatec Barueri Chefia de Servi\u00e7os Administrativos Chefia de Servi\u00e7os Acad\u00eamicos Coordenadorias de Cursos Orienta\u00e7\u00e3o de Polo N\u00facleos Docentes Estruturantes Corpo Docente Auxiliares de Docentes Corpo T\u00e9cnico Administrativo Comiss\u00e3o Pr\u00f3pria de Avalia\u00e7\u00e3o \u2013 CPA Comiss\u00e3o Interna de Preven\u00e7\u00e3o de Acidentes \u2013 CIPA<\/p>\n","protected":false},"author":2,"featured_media":0,"parent":0,"menu_order":0,"comment_status":"closed","ping_status":"closed","template":"template-no-sidebar.php","meta":{"footnotes":""},"class_list":["post-815","page","type-page","status-publish","hentry"],"_links":{"self":[{"href":"https:\/\/fatecbarueri.edu.br\/home\/wp-json\/wp\/v2\/pages\/815"}],"collection":[{"href":"https:\/\/fatecbarueri.edu.br\/home\/wp-json\/wp\/v2\/pages"}],"about":[{"href":"https:\/\/fatecbarueri.edu.br\/home\/wp-json\/wp\/v2\/types\/page"}],"author":[{"embeddable":true,"href":"https:\/\/fatecbarueri.edu.br\/home\/wp-json\/wp\/v2\/users\/2"}],"replies":[{"embeddable":true,"href":"https:\/\/fatecbarueri.edu.br\/home\/wp-json\/wp\/v2\/comments?post=815"}],"version-history":[{"count":3,"href":"https:\/\/fatecbarueri.edu.br\/home\/wp-json\/wp\/v2\/pages\/815\/revisions"}],"predecessor-version":[{"id":1139,"href":"https:\/\/fatecbarueri.edu.br\/home\/wp-json\/wp\/v2\/pages\/815\/revisions\/1139"}],"wp:attachment":[{"href":"https:\/\/fatecbarueri.edu.br\/home\/wp-json\/wp\/v2\/media?parent=815"}],"curies":[{"name":"wp","href":"https:\/\/api.w.org\/{rel}","templated":true}]}}