{"id":782,"date":"2025-07-07T20:28:29","date_gmt":"2025-07-07T20:28:29","guid":{"rendered":"https:\/\/fatecbarueri.edu.br\/home\/?page_id=782"},"modified":"2025-07-11T20:10:49","modified_gmt":"2025-07-11T20:10:49","slug":"ensino-trabalho","status":"publish","type":"page","link":"https:\/\/fatecbarueri.edu.br\/home\/ensino-trabalho\/","title":{"rendered":"Ensino e Trabalho"},"content":{"rendered":"\n<p>Voc\u00ea sabia que o Curso Superior de Tecnologia \u00e9 uma modalidade de gradua\u00e7\u00e3o voltada para quem quer ingressar rapidamente no mercado de trabalho?&nbsp;<\/p>\n\n\n\n<p>Ap\u00f3s 3 anos de curso voc\u00ea j\u00e1 poder\u00e1 ingressar em algumas das carreiras mais cobi\u00e7adas do mercado de trabalho atrav\u00e9s dessa modalidade de gradua\u00e7\u00e3o que vem crescendo mais a cada ano, segundo o Censo de Educa\u00e7\u00e3o Superior.<\/p>\n\n\n\n<p>Na Fatec Barueri voc\u00ea pode fazer os Cursos Superiores de Tecnologia em <a href=\"https:\/\/fatecbarueri.edu.br\/home\/tecnologo-em-comercio-exterior\/\" data-type=\"page\" data-id=\"146\">Com\u00e9rcio Exterior<\/a>, <a href=\"https:\/\/fatecbarueri.edu.br\/home\/tecnologo-em-design-de-midias-digitais\/\" data-type=\"page\" data-id=\"148\">Design de M\u00eddias Digitais<\/a>, <a href=\"https:\/\/fatecbarueri.edu.br\/home\/tecnologo-em-gestao-de-eventos\/\" data-type=\"page\" data-id=\"150\">Gest\u00e3o de Eventos<\/a>, <a href=\"https:\/\/fatecbarueri.edu.br\/home\/tecnologo-em-gestao-de-comercio-eletronico\/\" data-type=\"page\" data-id=\"154\">Gest\u00e3o de Com\u00e9rio Eletr\u00f4nico<\/a>, <a href=\"https:\/\/fatecbarueri.edu.br\/home\/tecnologo-em-gestao-de-negocios-e-pessoas\/\" data-type=\"page\" data-id=\"156\">Gest\u00e3o de Neg\u00f3cios e Pessoas<\/a>, <a href=\"https:\/\/fatecbarueri.edu.br\/home\/tecnologo-em-gestao-de-recursos-humanos\/\" data-type=\"page\" data-id=\"158\">Gest\u00e3o de Recursos Humanos<\/a>, <a href=\"https:\/\/fatecbarueri.edu.br\/home\/tecnologo-em-gestao-da-tecnologia-da-informacao\/\" data-type=\"page\" data-id=\"152\">Gest\u00e3o da Tecnologia da Informa\u00e7\u00e3o<\/a>, <a href=\"https:\/\/fatecbarueri.edu.br\/home\/tecnologo-em-gestao-empresarial-ead\/\" data-type=\"page\" data-id=\"160\">Gest\u00e3o Empresarial<\/a> e <a href=\"https:\/\/fatecbarueri.edu.br\/home\/tecnologo-em-transporte-terrestre\/\" data-type=\"page\" data-id=\"164\">Transporte Terrestre<\/a>, todos com dura\u00e7\u00e3o de 3 anos.<\/p>\n<p><\/p>","protected":false},"excerpt":{"rendered":"<p>Voc\u00ea sabia que o Curso Superior de Tecnologia \u00e9 uma modalidade de gradua\u00e7\u00e3o voltada para quem quer ingressar rapidamente no mercado de trabalho?&nbsp; Ap\u00f3s 3 anos de curso voc\u00ea j\u00e1 poder\u00e1 ingressar em algumas das carreiras mais cobi\u00e7adas do mercado de trabalho atrav\u00e9s dessa modalidade de gradua\u00e7\u00e3o que vem crescendo mais a cada ano, segundo o Censo de Educa\u00e7\u00e3o Superior. Na Fatec Barueri voc\u00ea pode fazer os Cursos Superiores de Tecnologia em Com\u00e9rcio Exterior, Design de M\u00eddias Digitais, Gest\u00e3o de Eventos, Gest\u00e3o de Com\u00e9rio Eletr\u00f4nico, Gest\u00e3o de Neg\u00f3cios e Pessoas, Gest\u00e3o de Recursos Humanos, Gest\u00e3o da Tecnologia da Informa\u00e7\u00e3o, Gest\u00e3o&#8230; <\/p>\n","protected":false},"author":2,"featured_media":755,"parent":0,"menu_order":0,"comment_status":"closed","ping_status":"closed","template":"template-no-sidebar.php","meta":{"footnotes":""},"class_list":["post-782","page","type-page","status-publish","has-post-thumbnail","hentry"],"_links":{"self":[{"href":"https:\/\/fatecbarueri.edu.br\/home\/wp-json\/wp\/v2\/pages\/782"}],"collection":[{"href":"https:\/\/fatecbarueri.edu.br\/home\/wp-json\/wp\/v2\/pages"}],"about":[{"href":"https:\/\/fatecbarueri.edu.br\/home\/wp-json\/wp\/v2\/types\/page"}],"author":[{"embeddable":true,"href":"https:\/\/fatecbarueri.edu.br\/home\/wp-json\/wp\/v2\/users\/2"}],"replies":[{"embeddable":true,"href":"https:\/\/fatecbarueri.edu.br\/home\/wp-json\/wp\/v2\/comments?post=782"}],"version-history":[{"count":1,"href":"https:\/\/fatecbarueri.edu.br\/home\/wp-json\/wp\/v2\/pages\/782\/revisions"}],"predecessor-version":[{"id":783,"href":"https:\/\/fatecbarueri.edu.br\/home\/wp-json\/wp\/v2\/pages\/782\/revisions\/783"}],"wp:featuredmedia":[{"embeddable":true,"href":"https:\/\/fatecbarueri.edu.br\/home\/wp-json\/wp\/v2\/media\/755"}],"wp:attachment":[{"href":"https:\/\/fatecbarueri.edu.br\/home\/wp-json\/wp\/v2\/media?parent=782"}],"curies":[{"name":"wp","href":"https:\/\/api.w.org\/{rel}","templated":true}]}}