{"id":72,"date":"2025-05-23T18:06:31","date_gmt":"2025-05-23T18:06:31","guid":{"rendered":"https:\/\/fatecbarueri.edu.br\/home\/?page_id=72"},"modified":"2025-06-01T02:20:30","modified_gmt":"2025-06-01T02:20:30","slug":"emtu-passe-escolar","status":"publish","type":"page","link":"https:\/\/fatecbarueri.edu.br\/home\/emtu-passe-escolar\/","title":{"rendered":"EMTU &#8211; Passe Escolar"},"content":{"rendered":"\n<p>Solicite o seu Passe Escolar.<br>Preencha o formul\u00e1rio abaixo. Voc\u00ea receber\u00e1 um e-mail de confirma\u00e7\u00e3o. Caso seus dados n\u00e3o estejam inseridos na EMTU em at\u00e9 cinco dias \u00fateis, imprima o e-mail de confirma\u00e7\u00e3o e apresente na Secretaria.<\/p>\n\n\n<div class=\"wpforms-container wpforms-container-full wpforms-block wpforms-block-688b1623-04d6-427c-a2ba-e09a4bc7f458 wpforms-render-modern\" id=\"wpforms-564\"><form id=\"wpforms-form-564\" class=\"wpforms-validate wpforms-form wpforms-ajax-form\" data-formid=\"564\" method=\"post\" enctype=\"multipart\/form-data\" action=\"\/home\/wp-json\/wp\/v2\/pages\/72\" data-token=\"bcfd95e4fee890f9f138a69d84194b2a\" data-token-time=\"1776879967\"><noscript class=\"wpforms-error-noscript\">Please enable JavaScript in your browser to complete this form.<\/noscript><div id=\"wpforms-error-noscript\" style=\"display: none;\">Please enable JavaScript in your browser to complete this form.<\/div><div class=\"wpforms-field-container\"><div id=\"wpforms-564-field_1-container\" class=\"wpforms-field wpforms-field-text\" data-field-id=\"1\"><label class=\"wpforms-field-label\" for=\"wpforms-564-field_1\">Nome Completo <span class=\"wpforms-required-label\" aria-hidden=\"true\">*<\/span><\/label><input type=\"text\" id=\"wpforms-564-field_1\" class=\"wpforms-field-medium wpforms-field-required\" name=\"wpforms[fields][1]\" aria-errormessage=\"wpforms-564-field_1-error\" required><\/div><div id=\"wpforms-564-field_6-container\" class=\"wpforms-field wpforms-field-text\" data-field-id=\"6\"><label class=\"wpforms-field-label\" for=\"wpforms-564-field_6\">RG <span class=\"wpforms-required-label\" aria-hidden=\"true\">*<\/span><\/label><input type=\"text\" id=\"wpforms-564-field_6\" class=\"wpforms-field-small wpforms-field-required wpforms-masked-input\" data-rule-inputmask-incomplete=\"1\" data-inputmask-mask=\"99.999.999-*\" name=\"wpforms[fields][6]\" aria-errormessage=\"wpforms-564-field_6-error\" required><\/div><div id=\"wpforms-564-field_9-container\" class=\"wpforms-field wpforms-field-text\" data-field-id=\"9\"><label class=\"wpforms-field-label\" for=\"wpforms-564-field_9\">CPF <span class=\"wpforms-required-label\" aria-hidden=\"true\">*<\/span><\/label><input type=\"text\" id=\"wpforms-564-field_9\" class=\"wpforms-field-small wpforms-field-required wpforms-masked-input\" data-rule-inputmask-incomplete=\"1\" data-inputmask-mask=\"999.999.999-99\" name=\"wpforms[fields][9]\" aria-errormessage=\"wpforms-564-field_9-error\" required><\/div><div id=\"wpforms-564-field_14-container\" class=\"wpforms-field wpforms-field-email\" data-field-id=\"14\"><label class=\"wpforms-field-label\" for=\"wpforms-564-field_14\">E-mail <span class=\"wpforms-required-label\" aria-hidden=\"true\">*<\/span><\/label><input type=\"email\" id=\"wpforms-564-field_14\" class=\"wpforms-field-medium wpforms-field-required\" name=\"wpforms[fields][14]\" spellcheck=\"false\" aria-errormessage=\"wpforms-564-field_14-error\" required><\/div><div id=\"wpforms-564-field_3-container\" class=\"wpforms-field wpforms-field-checkbox\" data-field-id=\"3\"><fieldset><legend class=\"wpforms-field-label\">Per\u00edodo <span class=\"wpforms-required-label\" aria-hidden=\"true\">*<\/span><\/legend><ul id=\"wpforms-564-field_3\" class=\"wpforms-field-required\"><li class=\"choice-1 depth-1\"><input type=\"checkbox\" id=\"wpforms-564-field_3_1\" name=\"wpforms[fields][3][]\" value=\"Matutino\" aria-errormessage=\"wpforms-564-field_3_1-error\" required ><label class=\"wpforms-field-label-inline\" for=\"wpforms-564-field_3_1\">Matutino<\/label><\/li><li class=\"choice-2 depth-1\"><input type=\"checkbox\" id=\"wpforms-564-field_3_2\" name=\"wpforms[fields][3][]\" value=\"Vespertino\" aria-errormessage=\"wpforms-564-field_3_2-error\" required ><label class=\"wpforms-field-label-inline\" for=\"wpforms-564-field_3_2\">Vespertino<\/label><\/li><li class=\"choice-3 depth-1\"><input type=\"checkbox\" id=\"wpforms-564-field_3_3\" name=\"wpforms[fields][3][]\" value=\"Noturno\" aria-errormessage=\"wpforms-564-field_3_3-error\" required ><label class=\"wpforms-field-label-inline\" for=\"wpforms-564-field_3_3\">Noturno<\/label><\/li><\/ul><\/fieldset><\/div>\t\t<div id=\"wpforms-564-field_4-container\"\n\t\t\tclass=\"wpforms-field wpforms-field-text\"\n\t\t\tdata-field-type=\"text\"\n\t\t\tdata-field-id=\"4\"\n\t\t\t>\n\t\t\t<label class=\"wpforms-field-label\" for=\"wpforms-564-field_4\" >Per\u00edodo CEP Endere\u00e7o<\/label>\n\t\t\t<input type=\"text\" id=\"wpforms-564-field_4\" class=\"wpforms-field-medium\" name=\"wpforms[fields][4]\" >\n\t\t<\/div>\n\t\t<div id=\"wpforms-564-field_2-container\" class=\"wpforms-field wpforms-field-select wpforms-field-select-style-classic\" data-field-id=\"2\"><label class=\"wpforms-field-label\" for=\"wpforms-564-field_2\">M\u00eas de Conclus\u00e3o <span class=\"wpforms-required-label\" aria-hidden=\"true\">*<\/span><\/label><select id=\"wpforms-564-field_2\" class=\"wpforms-field-medium wpforms-field-required\" name=\"wpforms[fields][2]\" required=\"required\"><option value=\"Janeiro\"  class=\"choice-1 depth-1\"  >Janeiro<\/option><option value=\"Fevereiro\"  class=\"choice-2 depth-1\"  >Fevereiro<\/option><option value=\"Mar\u00e7o\"  class=\"choice-3 depth-1\"  >Mar\u00e7o<\/option><option value=\"Abril\"  class=\"choice-4 depth-1\"  >Abril<\/option><option value=\"Maio\"  class=\"choice-5 depth-1\"  >Maio<\/option><option value=\"Junho\"  class=\"choice-6 depth-1\"  >Junho<\/option><option value=\"Julho\"  class=\"choice-7 depth-1\"  >Julho<\/option><option value=\"Agosto\"  class=\"choice-8 depth-1\"  >Agosto<\/option><option value=\"Setembro\"  class=\"choice-9 depth-1\"  >Setembro<\/option><option value=\"Outubro\"  class=\"choice-12 depth-1\"  >Outubro<\/option><option value=\"Novembro\"  class=\"choice-11 depth-1\"  >Novembro<\/option><option value=\"Dezembro\"  class=\"choice-10 depth-1\"  >Dezembro<\/option><\/select><\/div><div id=\"wpforms-564-field_5-container\" class=\"wpforms-field wpforms-field-text\" data-field-id=\"5\"><label class=\"wpforms-field-label\" for=\"wpforms-564-field_5\">Ano de Conclus\u00e3o <span class=\"wpforms-required-label\" aria-hidden=\"true\">*<\/span><\/label><input type=\"text\" id=\"wpforms-564-field_5\" class=\"wpforms-field-small wpforms-field-required wpforms-masked-input wpforms-limit-characters-enabled\" data-rule-inputmask-incomplete=\"1\" data-inputmask-mask=\"9999\" data-form-id=\"564\" data-field-id=\"5\" data-text-limit=\"4\" name=\"wpforms[fields][5]\" aria-errormessage=\"wpforms-564-field_5-error\" maxlength=\"4\" required><\/div><div id=\"wpforms-564-field_16-container\" class=\"wpforms-field wpforms-field-text\" data-field-id=\"16\"><label class=\"wpforms-field-label\" for=\"wpforms-564-field_16\">Endere\u00e7o <span class=\"wpforms-required-label\" aria-hidden=\"true\">*<\/span><\/label><input type=\"text\" id=\"wpforms-564-field_16\" class=\"wpforms-field-medium wpforms-field-required\" name=\"wpforms[fields][16]\" aria-errormessage=\"wpforms-564-field_16-error\" required><\/div><div id=\"wpforms-564-field_17-container\" class=\"wpforms-field wpforms-field-text\" data-field-id=\"17\"><label class=\"wpforms-field-label\" for=\"wpforms-564-field_17\">CEP <span class=\"wpforms-required-label\" aria-hidden=\"true\">*<\/span><\/label><input type=\"text\" id=\"wpforms-564-field_17\" class=\"wpforms-field-small wpforms-field-required wpforms-masked-input\" data-rule-inputmask-incomplete=\"1\" data-inputmask-mask=\"99999-999\" name=\"wpforms[fields][17]\" aria-errormessage=\"wpforms-564-field_17-error\" required><\/div><div id=\"wpforms-564-field_18-container\" class=\"wpforms-field wpforms-field-checkbox\" data-field-id=\"18\"><fieldset><legend class=\"wpforms-field-label\">Passe Escolar <span class=\"wpforms-required-label\" aria-hidden=\"true\">*<\/span><\/legend><ul id=\"wpforms-564-field_18\" class=\"wpforms-field-required\"><li class=\"choice-1 depth-1 wpforms-selected\"><input type=\"checkbox\" id=\"wpforms-564-field_18_1\" name=\"wpforms[fields][18][]\" value=\"TOP (EMTU)\" aria-errormessage=\"wpforms-564-field_18_1-error\" required  checked='checked'><label class=\"wpforms-field-label-inline\" for=\"wpforms-564-field_18_1\">TOP (EMTU)<\/label><\/li><\/ul><\/fieldset><\/div><div id=\"wpforms-564-field_19-container\" class=\"wpforms-field wpforms-field-checkbox\" data-field-id=\"19\"><fieldset><legend class=\"wpforms-field-label\">Obs.: Em caso de ter selecionado o TOP (EMTU) informe: Deseja solicitar o Passe Livre?<\/legend><ul id=\"wpforms-564-field_19\"><li class=\"choice-1 depth-1\"><input type=\"checkbox\" id=\"wpforms-564-field_19_1\" name=\"wpforms[fields][19][]\" value=\"Sim\" aria-errormessage=\"wpforms-564-field_19_1-error\"  ><label class=\"wpforms-field-label-inline\" for=\"wpforms-564-field_19_1\">Sim<\/label><\/li><li class=\"choice-2 depth-1\"><input type=\"checkbox\" id=\"wpforms-564-field_19_2\" name=\"wpforms[fields][19][]\" value=\"N\u00e3o\" aria-errormessage=\"wpforms-564-field_19_2-error\"  ><label class=\"wpforms-field-label-inline\" for=\"wpforms-564-field_19_2\">N\u00e3o<\/label><\/li><\/ul><\/fieldset><\/div><script>\n\t\t\t\t( function() {\n\t\t\t\t\tconst style = document.createElement( 'style' );\n\t\t\t\t\tstyle.appendChild( document.createTextNode( '#wpforms-564-field_4-container { position: absolute !important; overflow: hidden !important; display: inline !important; height: 1px !important; width: 1px !important; z-index: -1000 !important; padding: 0 !important; } #wpforms-564-field_4-container input { visibility: hidden; } #wpforms-conversational-form-page #wpforms-564-field_4-container label { counter-increment: none; }' ) );\n\t\t\t\t\tdocument.head.appendChild( style );\n\t\t\t\t\tdocument.currentScript?.remove();\n\t\t\t\t} )();\n\t\t\t<\/script><\/div><!-- .wpforms-field-container --><div class=\"wpforms-submit-container\" ><input type=\"hidden\" name=\"wpforms[id]\" value=\"564\"><input type=\"hidden\" name=\"page_title\" value=\"\"><input type=\"hidden\" name=\"page_url\" value=\"https:\/\/fatecbarueri.edu.br\/home\/wp-json\/wp\/v2\/pages\/72\"><input type=\"hidden\" name=\"url_referer\" value=\"\"><button type=\"submit\" name=\"wpforms[submit]\" id=\"wpforms-submit-564\" class=\"wpforms-submit\" data-alt-text=\"Enviando...\" data-submit-text=\"Enviar\" aria-live=\"assertive\" value=\"wpforms-submit\">Enviar<\/button><img loading=\"lazy\" decoding=\"async\" src=\"https:\/\/fatecbarueri.edu.br\/home\/wp-content\/plugins\/wpforms-lite\/assets\/images\/submit-spin.svg\" class=\"wpforms-submit-spinner\" style=\"display: none;\" width=\"26\" height=\"26\" alt=\"Loading\"><\/div><\/form><\/div>  <!-- .wpforms-container --><p><\/p>","protected":false},"excerpt":{"rendered":"<p>Solicite o seu Passe Escolar.Preencha o formul\u00e1rio abaixo. Voc\u00ea receber\u00e1 um e-mail de confirma\u00e7\u00e3o. Caso seus dados n\u00e3o estejam inseridos na EMTU em at\u00e9 cinco dias \u00fateis, imprima o e-mail de confirma\u00e7\u00e3o e apresente na Secretaria.<\/p>\n","protected":false},"author":2,"featured_media":0,"parent":0,"menu_order":0,"comment_status":"closed","ping_status":"closed","template":"template-no-sidebar.php","meta":{"footnotes":""},"class_list":["post-72","page","type-page","status-publish","hentry"],"_links":{"self":[{"href":"https:\/\/fatecbarueri.edu.br\/home\/wp-json\/wp\/v2\/pages\/72"}],"collection":[{"href":"https:\/\/fatecbarueri.edu.br\/home\/wp-json\/wp\/v2\/pages"}],"about":[{"href":"https:\/\/fatecbarueri.edu.br\/home\/wp-json\/wp\/v2\/types\/page"}],"author":[{"embeddable":true,"href":"https:\/\/fatecbarueri.edu.br\/home\/wp-json\/wp\/v2\/users\/2"}],"replies":[{"embeddable":true,"href":"https:\/\/fatecbarueri.edu.br\/home\/wp-json\/wp\/v2\/comments?post=72"}],"version-history":[{"count":3,"href":"https:\/\/fatecbarueri.edu.br\/home\/wp-json\/wp\/v2\/pages\/72\/revisions"}],"predecessor-version":[{"id":1329,"href":"https:\/\/fatecbarueri.edu.br\/home\/wp-json\/wp\/v2\/pages\/72\/revisions\/1329"}],"wp:attachment":[{"href":"https:\/\/fatecbarueri.edu.br\/home\/wp-json\/wp\/v2\/media?parent=72"}],"curies":[{"name":"wp","href":"https:\/\/api.w.org\/{rel}","templated":true}]}}