{"id":642,"date":"2025-06-07T22:01:57","date_gmt":"2025-06-07T22:01:57","guid":{"rendered":"https:\/\/fatecbarueri.edu.br\/home\/?page_id=642"},"modified":"2025-07-11T22:24:40","modified_gmt":"2025-07-11T22:24:40","slug":"mural-dos-formados","status":"publish","type":"page","link":"https:\/\/fatecbarueri.edu.br\/home\/mural-dos-formados\/","title":{"rendered":"Mural dos Formados"},"content":{"rendered":"\n<p>Conhe\u00e7a os formados da Fatec Barueri.<\/p>\n\n\n\n<figure class=\"wp-block-table is-style-stripes\"><table class=\"has-fixed-layout\"><tbody><tr><td><a href=\"https:\/\/fatecbarueri.edu.br\/home\/wp-content\/uploads\/2025\/07\/2023_COMEX_Alunos.pdf\" data-type=\"link\" data-id=\"https:\/\/fatecbarueri.edu.br\/home\/wp-content\/uploads\/2025\/07\/2023_COMEX_Alunos.pdf\" target=\"_blank\" rel=\"noreferrer noopener\">Com\u00e9rcio Exterior<\/a><\/td><\/tr><tr><td><\/td><\/tr><tr><td><a href=\"https:\/\/fatecbarueri.edu.br\/home\/wp-content\/uploads\/2025\/07\/2023_DmD_Alunos.pdf\" data-type=\"link\" data-id=\"https:\/\/fatecbarueri.edu.br\/home\/wp-content\/uploads\/2025\/07\/2023_DmD_Alunos.pdf\" target=\"_blank\" rel=\"noreferrer noopener\">Design de M\u00eddias Digitais<\/a><\/td><\/tr><tr><td><\/td><\/tr><tr><td><a href=\"https:\/\/fatecbarueri.edu.br\/home\/wp-content\/uploads\/2025\/07\/2023_Eventos_Alunos.pdf\" data-type=\"link\" data-id=\"https:\/\/fatecbarueri.edu.br\/home\/wp-content\/uploads\/2025\/07\/2023_Eventos_Alunos.pdf\" target=\"_blank\" rel=\"noreferrer noopener\">Gest\u00e3o de Eventos<\/a><\/td><\/tr><tr><td><\/td><\/tr><tr><td>Gest\u00e3o de Com\u00e9rcio Eletr\u00f4nico<\/td><\/tr><tr><td><\/td><\/tr><tr><td>Gest\u00e3o de Neg\u00f3cios e Pessoas<\/td><\/tr><tr><td><\/td><\/tr><tr><td><a href=\"https:\/\/fatecbarueri.edu.br\/home\/wp-content\/uploads\/2025\/07\/2023_GRH_Alunos.pdf\" data-type=\"link\" data-id=\"https:\/\/fatecbarueri.edu.br\/home\/wp-content\/uploads\/2025\/07\/2023_GRH_Alunos.pdf\" target=\"_blank\" rel=\"noreferrer noopener\">Gest\u00e3o de Recursos Humanos<\/a><\/td><\/tr><tr><td><\/td><\/tr><tr><td><a href=\"https:\/\/fatecbarueri.edu.br\/home\/wp-content\/uploads\/2025\/07\/2023_GTI_Alunos.pdf\" data-type=\"link\" data-id=\"https:\/\/fatecbarueri.edu.br\/home\/wp-content\/uploads\/2025\/07\/2023_GTI_Alunos.pdf\" target=\"_blank\" rel=\"noreferrer noopener\">Gest\u00e3o da Tecnologia da Informa\u00e7\u00e3o<\/a><\/td><\/tr><tr><td><\/td><\/tr><tr><td><a href=\"https:\/\/fatecbarueri.edu.br\/home\/wp-content\/uploads\/2025\/07\/2023_GE_Alunos.pdf\" data-type=\"link\" data-id=\"https:\/\/fatecbarueri.edu.br\/home\/wp-content\/uploads\/2025\/07\/2023_GE_Alunos.pdf\" target=\"_blank\" rel=\"noreferrer noopener\">Gest\u00e3o Empresarial (EaD)<\/a><\/td><\/tr><tr><td><\/td><\/tr><tr><td><a href=\"https:\/\/fatecbarueri.edu.br\/home\/wp-content\/uploads\/2025\/07\/2023_LOG_Alunos.pdf\" data-type=\"link\" data-id=\"https:\/\/fatecbarueri.edu.br\/home\/wp-content\/uploads\/2025\/07\/2023_LOG_Alunos.pdf\" target=\"_blank\" rel=\"noreferrer noopener\">Log\u00edstica<\/a><\/td><\/tr><tr><td><\/td><\/tr><tr><td><a href=\"https:\/\/fatecbarueri.edu.br\/home\/wp-content\/uploads\/2025\/07\/2023_TT_Alunos-1.pdf\" data-type=\"link\" data-id=\"https:\/\/fatecbarueri.edu.br\/home\/wp-content\/uploads\/2025\/07\/2023_TT_Alunos-1.pdf\" target=\"_blank\" rel=\"noreferrer noopener\">Transporte Terrestre<\/a><\/td><\/tr><\/tbody><\/table><\/figure>\n<p><\/p>","protected":false},"excerpt":{"rendered":"<p>Conhe\u00e7a os formados da Fatec Barueri. Com\u00e9rcio Exterior Design de M\u00eddias Digitais Gest\u00e3o de Eventos Gest\u00e3o de Com\u00e9rcio Eletr\u00f4nico Gest\u00e3o de Neg\u00f3cios e Pessoas Gest\u00e3o de Recursos Humanos Gest\u00e3o da Tecnologia da Informa\u00e7\u00e3o Gest\u00e3o Empresarial (EaD) Log\u00edstica Transporte Terrestre<\/p>\n","protected":false},"author":2,"featured_media":0,"parent":0,"menu_order":0,"comment_status":"closed","ping_status":"closed","template":"template-no-sidebar.php","meta":{"footnotes":""},"class_list":["post-642","page","type-page","status-publish","hentry"],"_links":{"self":[{"href":"https:\/\/fatecbarueri.edu.br\/home\/wp-json\/wp\/v2\/pages\/642"}],"collection":[{"href":"https:\/\/fatecbarueri.edu.br\/home\/wp-json\/wp\/v2\/pages"}],"about":[{"href":"https:\/\/fatecbarueri.edu.br\/home\/wp-json\/wp\/v2\/types\/page"}],"author":[{"embeddable":true,"href":"https:\/\/fatecbarueri.edu.br\/home\/wp-json\/wp\/v2\/users\/2"}],"replies":[{"embeddable":true,"href":"https:\/\/fatecbarueri.edu.br\/home\/wp-json\/wp\/v2\/comments?post=642"}],"version-history":[{"count":2,"href":"https:\/\/fatecbarueri.edu.br\/home\/wp-json\/wp\/v2\/pages\/642\/revisions"}],"predecessor-version":[{"id":877,"href":"https:\/\/fatecbarueri.edu.br\/home\/wp-json\/wp\/v2\/pages\/642\/revisions\/877"}],"wp:attachment":[{"href":"https:\/\/fatecbarueri.edu.br\/home\/wp-json\/wp\/v2\/media?parent=642"}],"curies":[{"name":"wp","href":"https:\/\/api.w.org\/{rel}","templated":true}]}}