{"id":60,"date":"2025-05-23T18:00:14","date_gmt":"2025-05-23T18:00:14","guid":{"rendered":"https:\/\/fatecbarueri.edu.br\/home\/?page_id=60"},"modified":"2026-04-01T14:43:19","modified_gmt":"2026-04-01T14:43:19","slug":"cursos-superiores","status":"publish","type":"page","link":"https:\/\/fatecbarueri.edu.br\/home\/cursos-superiores\/","title":{"rendered":"Cursos Superiores"},"content":{"rendered":"\n<figure class=\"wp-block-image size-large\"><img loading=\"lazy\" decoding=\"async\" width=\"1024\" height=\"416\" src=\"https:\/\/fatecbarueri.edu.br\/home\/wp-content\/uploads\/2025\/07\/IMG-20221107-WA0022-1024x416.png\" alt=\"\" class=\"wp-image-755\" srcset=\"https:\/\/fatecbarueri.edu.br\/home\/wp-content\/uploads\/2025\/07\/IMG-20221107-WA0022-1024x416.png 1024w, https:\/\/fatecbarueri.edu.br\/home\/wp-content\/uploads\/2025\/07\/IMG-20221107-WA0022-300x122.png 300w, https:\/\/fatecbarueri.edu.br\/home\/wp-content\/uploads\/2025\/07\/IMG-20221107-WA0022-768x312.png 768w, https:\/\/fatecbarueri.edu.br\/home\/wp-content\/uploads\/2025\/07\/IMG-20221107-WA0022.png 1280w\" sizes=\"(max-width: 1024px) 100vw, 1024px\" \/><\/figure>\n\n\n\n<p><\/p>\n\n\n\n<p>Os&nbsp;<a href=\"https:\/\/www.cps.sp.gov.br\/cursos-oferecidos-pelas-fatecs\/\" target=\"_blank\" rel=\"noreferrer noopener\">Cursos Superiores de Tecnologia<\/a>&nbsp;mantidos pelo&nbsp;<a href=\"http:\/\/www.cps.sp.gov.br\/\" target=\"_blank\" rel=\"noreferrer noopener\">Centro Paula Souza<\/a>&nbsp;s\u00e3o cursos de gradua\u00e7\u00e3o devidamente reconhecidos, que t\u00eam como objetivo formar profissionais que atendam \u00e0s reais necessidades do mercado de trabalho e da sociedade.<\/p>\n\n\n\n<p>O Tecn\u00f3logo ser\u00e1 um especialista em determinada \u00e1rea, vinculada a tecnologias e produ\u00e7\u00e3o e gest\u00e3o de bens e servi\u00e7os. O Curso tem carga hor\u00e1ria de 2.800 horas com 3 anos de dura\u00e7\u00e3o.<\/p>\n\n\n\n<p>Abaixo, os cursos Tecnol\u00f3gicos oferecidos pela Fatec Barueri semestralmente. Todos os cursos t\u00eam dura\u00e7\u00e3o de seis semestres (3 anos).<\/p>\n\n\n\n<h3 class=\"wp-block-heading\"><a href=\"https:\/\/fatecbarueri.edu.br\/home\/tecnologo-em-comercio-exterior\/\">Tecnologia em Com\u00e9rcio Exterior<\/a><\/h3>\n\n\n\n<p>Turno: Tarde e Noite (80 vagas por semestre)<\/p>\n\n\n\n<h3 class=\"wp-block-heading\"><a href=\"https:\/\/fatecbarueri.edu.br\/home\/tecnologo-em-design-de-midias-digitais\/\">Tecnologia em Design de M\u00eddias Digitas<\/a><\/h3>\n\n\n\n<p>Turno: Noite (40 vagas por semestre)<\/p>\n\n\n\n<h3 class=\"wp-block-heading\"><a href=\"https:\/\/fatecbarueri.edu.br\/home\/tecnologo-em-gestao-de-eventos\/\" data-type=\"page\" data-id=\"150\">Tecnologia em Gest\u00e3o de Eventos<\/a><\/h3>\n\n\n\n<p>Turno: Manh\u00e3 (40 vagas por semestre)<\/p>\n\n\n\n<h3 class=\"wp-block-heading\"><a href=\"https:\/\/fatecbarueri.edu.br\/home\/tecnologo-em-gestao-de-recursos-humanos\/\" data-type=\"page\" data-id=\"158\">Tecnologia em Gest\u00e3o de Recursos Humanos<\/a><\/h3>\n\n\n\n<p>Turno: Noite (40 vagas por semestre)<\/p>\n\n\n\n<h3 class=\"wp-block-heading\"><a href=\"https:\/\/fatecbarueri.edu.br\/home\/tecnologo-em-gestao-da-tecnologia-da-informacao\/\" data-type=\"page\" data-id=\"152\">Tecnologia em Gest\u00e3o da Tecnologia da Informa\u00e7\u00e3o<\/a><\/h3>\n\n\n\n<p>Turno: Manh\u00e3 (40 vagas por semestre)<\/p>\n\n\n\n<h3 class=\"wp-block-heading\"><a href=\"https:\/\/fatecbarueri.edu.br\/home\/tecnologo-em-gestao-de-comercio-eletronico\/\" data-type=\"page\" data-id=\"154\">Tecnologia em Gest\u00e3o de Com\u00e9rcio Eletr\u00f4nico<\/a><\/h3>\n\n\n\n<p>Turno: Noite (40 vagas por semestre)<\/p>\n\n\n\n<h3 class=\"wp-block-heading\"><a href=\"https:\/\/fatecbarueri.edu.br\/home\/tecnologo-em-gestao-de-negocios-e-pessoas\/\" data-type=\"page\" data-id=\"156\">Tecnologia em Gest\u00e3o de Neg\u00f3cios e Pessoas<\/a><\/h3>\n\n\n\n<p>Turno: Manh\u00e3 (40 vagas por semestre)<\/p>\n\n\n\n<h3 class=\"wp-block-heading\"><a href=\"https:\/\/fatecbarueri.edu.br\/home\/tecnologo-em-logistica\/\" data-type=\"page\" data-id=\"160\">Tecnologia em Log\u00edstica<\/a><\/h3>\n\n\n\n<p>Turno: Tarde<\/p>\n\n\n\n<h3 class=\"wp-block-heading\"><a href=\"https:\/\/fatecbarueri.edu.br\/home\/tecnologo-em-gestao-empresarial-ead\/\" data-type=\"page\" data-id=\"160\">Tecnologia em Gest\u00e3o Empresarial (EaD)<\/a><\/h3>\n\n\n\n<p>Ensino a Dist\u00e2ncia (40 vagas por semestre)<\/p>\n\n\n\n<h3 class=\"wp-block-heading\"><a href=\"https:\/\/fatecbarueri.edu.br\/home\/tecnologo-em-transporte-terrestre\/\" data-type=\"page\" data-id=\"164\">Tecnologia em Transporte Terrestre<\/a><\/h3>\n\n\n\n<p>Turno: Noite (40 vagas por semestre)<\/p>\n<p><\/p>","protected":false},"excerpt":{"rendered":"<p>Os&nbsp;Cursos Superiores de Tecnologia&nbsp;mantidos pelo&nbsp;Centro Paula Souza&nbsp;s\u00e3o cursos de gradua\u00e7\u00e3o devidamente reconhecidos, que t\u00eam como objetivo formar profissionais que atendam \u00e0s reais necessidades do mercado de trabalho e da sociedade. O Tecn\u00f3logo ser\u00e1 um especialista em determinada \u00e1rea, vinculada a tecnologias e produ\u00e7\u00e3o e gest\u00e3o de bens e servi\u00e7os. O Curso tem carga hor\u00e1ria de 2.800 horas com 3 anos de dura\u00e7\u00e3o. Abaixo, os cursos Tecnol\u00f3gicos oferecidos pela Fatec Barueri semestralmente. Todos os cursos t\u00eam dura\u00e7\u00e3o de seis semestres (3 anos). Tecnologia em Com\u00e9rcio Exterior Turno: Tarde e Noite (80 vagas por semestre) Tecnologia em Design de M\u00eddias Digitas Turno:&#8230; <\/p>\n","protected":false},"author":2,"featured_media":0,"parent":0,"menu_order":0,"comment_status":"closed","ping_status":"closed","template":"template-no-sidebar.php","meta":{"footnotes":""},"class_list":["post-60","page","type-page","status-publish","hentry"],"_links":{"self":[{"href":"https:\/\/fatecbarueri.edu.br\/home\/wp-json\/wp\/v2\/pages\/60"}],"collection":[{"href":"https:\/\/fatecbarueri.edu.br\/home\/wp-json\/wp\/v2\/pages"}],"about":[{"href":"https:\/\/fatecbarueri.edu.br\/home\/wp-json\/wp\/v2\/types\/page"}],"author":[{"embeddable":true,"href":"https:\/\/fatecbarueri.edu.br\/home\/wp-json\/wp\/v2\/users\/2"}],"replies":[{"embeddable":true,"href":"https:\/\/fatecbarueri.edu.br\/home\/wp-json\/wp\/v2\/comments?post=60"}],"version-history":[{"count":10,"href":"https:\/\/fatecbarueri.edu.br\/home\/wp-json\/wp\/v2\/pages\/60\/revisions"}],"predecessor-version":[{"id":1412,"href":"https:\/\/fatecbarueri.edu.br\/home\/wp-json\/wp\/v2\/pages\/60\/revisions\/1412"}],"wp:attachment":[{"href":"https:\/\/fatecbarueri.edu.br\/home\/wp-json\/wp\/v2\/media?parent=60"}],"curies":[{"name":"wp","href":"https:\/\/api.w.org\/{rel}","templated":true}]}}