{"id":520,"date":"2025-05-31T23:47:46","date_gmt":"2025-05-31T23:47:46","guid":{"rendered":"https:\/\/fatecbarueri.edu.br\/home\/?page_id=520"},"modified":"2025-06-01T02:24:36","modified_gmt":"2025-06-01T02:24:36","slug":"solicitacao-de-passe-escolar","status":"publish","type":"page","link":"https:\/\/fatecbarueri.edu.br\/home\/solicitacao-de-passe-escolar\/","title":{"rendered":"Solicita\u00e7\u00e3o de Passe Escolar"},"content":{"rendered":"\n<p>Para solicitar o passe escolar \u2013 preencher o respectivo formul\u00e1rio:<\/p>\n\n\n\n<div class=\"wp-block-buttons is-layout-flex wp-block-buttons-is-layout-flex\">\n<div class=\"wp-block-button\"><a class=\"wp-block-button__link wp-element-button\" href=\"https:\/\/fatecbarueri.edu.br\/home\/emtu-passe-escolar\/\">EMTU &#8211; Passe Escolar<\/a><\/div>\n\n\n\n<div class=\"wp-block-button\"><a class=\"wp-block-button__link wp-element-button\" href=\"https:\/\/fatecbarueri.edu.br\/home\/sptrans-bilhete-unico\/\">SPTRANS &#8211; Bilhete \u00danico &#8211; Passe Escolar<\/a><\/div>\n\n\n\n<div class=\"wp-block-button\"><a class=\"wp-block-button__link wp-element-button\" href=\"https:\/\/fatecbarueri.edu.br\/home\/passe-livre-barueri\/\">Passe Livre Barueri<\/a><\/div>\n<\/div>\n\n\n\n<p>Obs.: Para solicita\u00e7\u00e3o de passe escolar de empresas como BEM Osasco, BBTT, entre outras, faz-se necess\u00e1rio a Declara\u00e7\u00e3o de Matr\u00edcula que poder\u00e1 ser solicitada por meio da Secretaria Acad\u00eamica Virtual &#8211; SAV<\/p>\n\n\n\n<p>&nbsp;Ap\u00f3s o preenchimento do formul\u00e1rio, a Secretaria Acad\u00eamica, em at\u00e9 cinco dias \u00fateis, lan\u00e7ar\u00e1 os dados no site da SPTrans ou da EMTU conforme solicitado. O aluno ser\u00e1 previamente comunicado sobre a efetiva\u00e7\u00e3o do seu cadastro junto a SPTrans ou EMTU por meio do e-mail informado no formul\u00e1rio.&nbsp;<\/p>\n\n\n\n<p>Importante: \u00c9 necess\u00e1rio que, ap\u00f3s confirma\u00e7\u00e3o do cadastro pela Unidade de Ensino, o aluno entre no site da SPTrans ou EMTU, confirme o cadastro, imprima o boleto e efetue o pagamento.<\/p>\n\n\n\n<p>Retirada do Passe Escolar<\/p>\n\n\n\n<p>Os alunos ser\u00e3o previamente comunicados sobre a retirada dos passes escolares que forem entregues na Unidade de Ensino. A comunica\u00e7\u00e3o ser\u00e1 realizada por meio do e-mail: <a href=\"mailto:f209.passeescolar@fatec.sp.gov.br\" target=\"_blank\" rel=\"noopener\" title=\"\">f209.passeescolar@fatec.sp.gov.br<\/a><\/p>\n\n\n\n<p>Salientamos que o aluno poder\u00e1 optar por receber o cart\u00e3o em sua resid\u00eancia. A solicita\u00e7\u00e3o poder\u00e1 ser feita diretamente junto a SPTrans ou a EMTU.<\/p>\n\n\n\n<h3 class=\"wp-block-heading\">Passe Livre Barueri: benef\u00edcio oferecido apenas aos alunos residentes em Barueri e mediante as regras estabelecidas pela Prefeitura Municipal de Barueri.<\/h3>\n<p><\/p>","protected":false},"excerpt":{"rendered":"<p>Para solicitar o passe escolar \u2013 preencher o respectivo formul\u00e1rio: Obs.: Para solicita\u00e7\u00e3o de passe escolar de empresas como BEM Osasco, BBTT, entre outras, faz-se necess\u00e1rio a Declara\u00e7\u00e3o de Matr\u00edcula que poder\u00e1 ser solicitada por meio da Secretaria Acad\u00eamica Virtual &#8211; SAV &nbsp;Ap\u00f3s o preenchimento do formul\u00e1rio, a Secretaria Acad\u00eamica, em at\u00e9 cinco dias \u00fateis, lan\u00e7ar\u00e1 os dados no site da SPTrans ou da EMTU conforme solicitado. O aluno ser\u00e1 previamente comunicado sobre a efetiva\u00e7\u00e3o do seu cadastro junto a SPTrans ou EMTU por meio do e-mail informado no formul\u00e1rio.&nbsp; Importante: \u00c9 necess\u00e1rio que, ap\u00f3s confirma\u00e7\u00e3o do cadastro pela Unidade&#8230; <\/p>\n","protected":false},"author":2,"featured_media":0,"parent":0,"menu_order":0,"comment_status":"closed","ping_status":"closed","template":"template-no-sidebar.php","meta":{"footnotes":""},"class_list":["post-520","page","type-page","status-publish","hentry"],"_links":{"self":[{"href":"https:\/\/fatecbarueri.edu.br\/home\/wp-json\/wp\/v2\/pages\/520"}],"collection":[{"href":"https:\/\/fatecbarueri.edu.br\/home\/wp-json\/wp\/v2\/pages"}],"about":[{"href":"https:\/\/fatecbarueri.edu.br\/home\/wp-json\/wp\/v2\/types\/page"}],"author":[{"embeddable":true,"href":"https:\/\/fatecbarueri.edu.br\/home\/wp-json\/wp\/v2\/users\/2"}],"replies":[{"embeddable":true,"href":"https:\/\/fatecbarueri.edu.br\/home\/wp-json\/wp\/v2\/comments?post=520"}],"version-history":[{"count":2,"href":"https:\/\/fatecbarueri.edu.br\/home\/wp-json\/wp\/v2\/pages\/520\/revisions"}],"predecessor-version":[{"id":588,"href":"https:\/\/fatecbarueri.edu.br\/home\/wp-json\/wp\/v2\/pages\/520\/revisions\/588"}],"wp:attachment":[{"href":"https:\/\/fatecbarueri.edu.br\/home\/wp-json\/wp\/v2\/media?parent=520"}],"curies":[{"name":"wp","href":"https:\/\/api.w.org\/{rel}","templated":true}]}}