{"id":515,"date":"2025-05-31T23:42:40","date_gmt":"2025-05-31T23:42:40","guid":{"rendered":"https:\/\/fatecbarueri.edu.br\/home\/?page_id=515"},"modified":"2025-12-16T13:37:18","modified_gmt":"2025-12-16T13:37:18","slug":"siga","status":"publish","type":"page","link":"https:\/\/fatecbarueri.edu.br\/home\/siga\/","title":{"rendered":"SIGA"},"content":{"rendered":"\n<p>SIGA \u00e9 o sistema utilizado pelos alunos para acompanhamento da sua vida acad\u00eamica, e pelos professores para lan\u00e7amento de notas, faltas e plano de ensino.<\/p>\n\n\n\n<p>Para o aluno acessar o SIGA deve entrar com os dados de usu\u00e1rio e senha. O acesso inicial \u00e9 realizado com o n\u00famero do RA (alunos do curso EaD) ou RG sem pontua\u00e7\u00e3o (cursos presenciais).<\/p>\n\n\n\n<p>Exemplo:<\/p>\n\n\n\n<p>Usu\u00e1rio: 102030400<\/p>\n\n\n\n<p>Senha: 102030400 <\/p>\n\n\n\n<p>Para o professor acessar o SIGA dever\u00e1 utilizar <em>login<\/em> e senha disponibilizados pela Secretaria Acad\u00eamica.<\/p>\n\n\n\n<p>Se voc\u00ea \u00e9 Aluno,\u00a0<a href=\"https:\/\/siga.cps.sp.gov.br\/sigaaluno\/applogin.aspx\" data-type=\"link\" data-id=\"https:\/\/siga.cps.sp.gov.br\/aluno\/login.aspx\" target=\"_blank\" rel=\"noreferrer noopener\">acesse aqui.<\/a><\/p>\n\n\n\n<p>Se voc\u00ea \u00e9 Professor,&nbsp;<a href=\"https:\/\/siga.cps.sp.gov.br\/fatec\/defaultt.html\" data-type=\"link\" data-id=\"https:\/\/siga.cps.sp.gov.br\/fatec\/defaultt.html\" target=\"_blank\" rel=\"noreferrer noopener\">acesse aqui.<\/a><\/p>\n\n\n\n<p><\/p>\n<p><\/p>","protected":false},"excerpt":{"rendered":"<p>SIGA \u00e9 o sistema utilizado pelos alunos para acompanhamento da sua vida acad\u00eamica, e pelos professores para lan\u00e7amento de notas, faltas e plano de ensino. Para o aluno acessar o SIGA deve entrar com os dados de usu\u00e1rio e senha. O acesso inicial \u00e9 realizado com o n\u00famero do RA (alunos do curso EaD) ou RG sem pontua\u00e7\u00e3o (cursos presenciais). Exemplo: Usu\u00e1rio: 102030400 Senha: 102030400 Para o professor acessar o SIGA dever\u00e1 utilizar login e senha disponibilizados pela Secretaria Acad\u00eamica. Se voc\u00ea \u00e9 Aluno,\u00a0acesse aqui. Se voc\u00ea \u00e9 Professor,&nbsp;acesse aqui.<\/p>\n","protected":false},"author":2,"featured_media":0,"parent":0,"menu_order":0,"comment_status":"closed","ping_status":"closed","template":"template-no-sidebar.php","meta":{"footnotes":""},"class_list":["post-515","page","type-page","status-publish","hentry"],"_links":{"self":[{"href":"https:\/\/fatecbarueri.edu.br\/home\/wp-json\/wp\/v2\/pages\/515"}],"collection":[{"href":"https:\/\/fatecbarueri.edu.br\/home\/wp-json\/wp\/v2\/pages"}],"about":[{"href":"https:\/\/fatecbarueri.edu.br\/home\/wp-json\/wp\/v2\/types\/page"}],"author":[{"embeddable":true,"href":"https:\/\/fatecbarueri.edu.br\/home\/wp-json\/wp\/v2\/users\/2"}],"replies":[{"embeddable":true,"href":"https:\/\/fatecbarueri.edu.br\/home\/wp-json\/wp\/v2\/comments?post=515"}],"version-history":[{"count":3,"href":"https:\/\/fatecbarueri.edu.br\/home\/wp-json\/wp\/v2\/pages\/515\/revisions"}],"predecessor-version":[{"id":1221,"href":"https:\/\/fatecbarueri.edu.br\/home\/wp-json\/wp\/v2\/pages\/515\/revisions\/1221"}],"wp:attachment":[{"href":"https:\/\/fatecbarueri.edu.br\/home\/wp-json\/wp\/v2\/media?parent=515"}],"curies":[{"name":"wp","href":"https:\/\/api.w.org\/{rel}","templated":true}]}}