{"id":503,"date":"2025-05-31T23:30:08","date_gmt":"2025-05-31T23:30:08","guid":{"rendered":"https:\/\/fatecbarueri.edu.br\/home\/?page_id=503"},"modified":"2026-04-24T14:52:20","modified_gmt":"2026-04-24T14:52:20","slug":"intercambio","status":"publish","type":"page","link":"https:\/\/fatecbarueri.edu.br\/home\/intercambio\/","title":{"rendered":"Interc\u00e2mbio"},"content":{"rendered":"\n<p><\/p>\n\n\n\n<p>O <strong>Interc\u00e2mbio Cultural<\/strong> \u00e9 um Programa ofertado pelo <strong>Centro Paula Souza<\/strong> por interm\u00e9dio da Assessoria de Bolsas Internacionais <strong>(ARinter)<\/strong>, que oferece bolsas de Cursos de Imers\u00e3o de L\u00edngua Inglesa ou Espanhola ao(s) melhor(es) aluno(s) de cada unidade. <\/p>\n\n\n\n<p>Para participar do processo seletivo \u00e9 necess\u00e1rio verificar os requisitos no Edital publicado a cada edi\u00e7\u00e3o do programa.<\/p>\n\n\n\n<p><a href=\"https:\/\/arinter.cps.sp.gov.br\/intercambio-cultural\/\" target=\"_blank\" rel=\"noreferrer noopener\">Acesse<\/a> o portal da ARinter para maiores informa\u00e7\u00f5es. <\/p>\n<p><\/p>","protected":false},"excerpt":{"rendered":"<p>O Interc\u00e2mbio Cultural \u00e9 um Programa ofertado pelo Centro Paula Souza por interm\u00e9dio da Assessoria de Bolsas Internacionais (ARinter), que oferece bolsas de Cursos de Imers\u00e3o de L\u00edngua Inglesa ou Espanhola ao(s) melhor(es) aluno(s) de cada unidade. Para participar do processo seletivo \u00e9 necess\u00e1rio verificar os requisitos no Edital publicado a cada edi\u00e7\u00e3o do programa. Acesse o portal da ARinter para maiores informa\u00e7\u00f5es.<\/p>\n","protected":false},"author":2,"featured_media":0,"parent":0,"menu_order":0,"comment_status":"closed","ping_status":"closed","template":"template-no-sidebar.php","meta":{"footnotes":""},"class_list":["post-503","page","type-page","status-publish","hentry"],"_links":{"self":[{"href":"https:\/\/fatecbarueri.edu.br\/home\/wp-json\/wp\/v2\/pages\/503"}],"collection":[{"href":"https:\/\/fatecbarueri.edu.br\/home\/wp-json\/wp\/v2\/pages"}],"about":[{"href":"https:\/\/fatecbarueri.edu.br\/home\/wp-json\/wp\/v2\/types\/page"}],"author":[{"embeddable":true,"href":"https:\/\/fatecbarueri.edu.br\/home\/wp-json\/wp\/v2\/users\/2"}],"replies":[{"embeddable":true,"href":"https:\/\/fatecbarueri.edu.br\/home\/wp-json\/wp\/v2\/comments?post=503"}],"version-history":[{"count":5,"href":"https:\/\/fatecbarueri.edu.br\/home\/wp-json\/wp\/v2\/pages\/503\/revisions"}],"predecessor-version":[{"id":1480,"href":"https:\/\/fatecbarueri.edu.br\/home\/wp-json\/wp\/v2\/pages\/503\/revisions\/1480"}],"wp:attachment":[{"href":"https:\/\/fatecbarueri.edu.br\/home\/wp-json\/wp\/v2\/media?parent=503"}],"curies":[{"name":"wp","href":"https:\/\/api.w.org\/{rel}","templated":true}]}}