{"id":500,"date":"2025-05-31T23:25:42","date_gmt":"2025-05-31T23:25:42","guid":{"rendered":"https:\/\/fatecbarueri.edu.br\/home\/?page_id=500"},"modified":"2025-07-15T14:30:45","modified_gmt":"2025-07-15T14:30:45","slug":"escola-de-inovadores-cps","status":"publish","type":"page","link":"https:\/\/fatecbarueri.edu.br\/home\/escola-de-inovadores-cps\/","title":{"rendered":"Escola de Inovadores CPS"},"content":{"rendered":"\n<h4 class=\"wp-block-heading\" id=\"apresentacao-do-programa\">Apresenta\u00e7\u00e3o do Programa<\/h4>\n\n\n\n<p>A Escola de Inovadores \u00e9 um curso de extens\u00e3o em empreendedorismo criado pela Inova CPS que visa fornecer ferramental b\u00e1sico de Empreendedorismo e Inova\u00e7\u00e3o.<\/p>\n\n\n\n<p>O curso acontece em um ambiente criativo, digital, preparado para que os participantes se capacitem e desenvolvam modelos de neg\u00f3cios sustent\u00e1veis, viabilizando suas ideias em empresas ou startups.<\/p>\n\n\n\n<p>A<strong>\u00a0<a href=\"https:\/\/inova.cps.sp.gov.br\/inscricao-escola-de-inovadores-20\/\" target=\"_blank\" rel=\"noreferrer noopener\">20\u00aa edi\u00e7\u00e3o (2025-1)<\/a>\u00a0<\/strong>do programa Escola de Inovadores acontecer\u00e1 entre Fevereiro e Junho de 2025, veja o\u00a0<a href=\"https:\/\/inova.cps.sp.gov.br\/wp-content\/uploads\/sites\/15\/2025\/04\/retificacao-Edital_20a-ed-Escola-de-Inovadores-2025_1.pdf\" target=\"_blank\" rel=\"noreferrer noopener\">EDITAL<\/a>\u00a0para maiores informa\u00e7\u00f5es.<\/p>\n\n\n\n<p>Menores de 18 anos dever\u00e3o submeter a AUTORIZA\u00c7\u00c3O dos pais\/respons\u00e1veis assinadas j\u00e1 na inscri\u00e7\u00e3o, diferente do que aconteceu em edi\u00e7\u00f5es anteriores que a autoriza\u00e7\u00e3o era enviada durante o curso.<\/p>\n\n\n\n<div class=\"wp-block-buttons is-layout-flex wp-block-buttons-is-layout-flex\">\n<div class=\"wp-block-button\"><a class=\"wp-block-button__link wp-element-button\" href=\"https:\/\/plataformainova.cps.sp.gov.br\/\" target=\"_blank\" rel=\"noreferrer noopener\">Inscreva-se<\/a><\/div>\n<\/div>\n\n\n\n<p><\/p>\n<p><\/p>","protected":false},"excerpt":{"rendered":"<p>Apresenta\u00e7\u00e3o do Programa A Escola de Inovadores \u00e9 um curso de extens\u00e3o em empreendedorismo criado pela Inova CPS que visa fornecer ferramental b\u00e1sico de Empreendedorismo e Inova\u00e7\u00e3o. O curso acontece em um ambiente criativo, digital, preparado para que os participantes se capacitem e desenvolvam modelos de neg\u00f3cios sustent\u00e1veis, viabilizando suas ideias em empresas ou startups. A\u00a020\u00aa edi\u00e7\u00e3o (2025-1)\u00a0do programa Escola de Inovadores acontecer\u00e1 entre Fevereiro e Junho de 2025, veja o\u00a0EDITAL\u00a0para maiores informa\u00e7\u00f5es. Menores de 18 anos dever\u00e3o submeter a AUTORIZA\u00c7\u00c3O dos pais\/respons\u00e1veis assinadas j\u00e1 na inscri\u00e7\u00e3o, diferente do que aconteceu em edi\u00e7\u00f5es anteriores que a autoriza\u00e7\u00e3o era enviada durante&#8230; <\/p>\n","protected":false},"author":2,"featured_media":0,"parent":0,"menu_order":0,"comment_status":"closed","ping_status":"closed","template":"template-no-sidebar.php","meta":{"footnotes":""},"class_list":["post-500","page","type-page","status-publish","hentry"],"_links":{"self":[{"href":"https:\/\/fatecbarueri.edu.br\/home\/wp-json\/wp\/v2\/pages\/500"}],"collection":[{"href":"https:\/\/fatecbarueri.edu.br\/home\/wp-json\/wp\/v2\/pages"}],"about":[{"href":"https:\/\/fatecbarueri.edu.br\/home\/wp-json\/wp\/v2\/types\/page"}],"author":[{"embeddable":true,"href":"https:\/\/fatecbarueri.edu.br\/home\/wp-json\/wp\/v2\/users\/2"}],"replies":[{"embeddable":true,"href":"https:\/\/fatecbarueri.edu.br\/home\/wp-json\/wp\/v2\/comments?post=500"}],"version-history":[{"count":2,"href":"https:\/\/fatecbarueri.edu.br\/home\/wp-json\/wp\/v2\/pages\/500\/revisions"}],"predecessor-version":[{"id":938,"href":"https:\/\/fatecbarueri.edu.br\/home\/wp-json\/wp\/v2\/pages\/500\/revisions\/938"}],"wp:attachment":[{"href":"https:\/\/fatecbarueri.edu.br\/home\/wp-json\/wp\/v2\/media?parent=500"}],"curies":[{"name":"wp","href":"https:\/\/api.w.org\/{rel}","templated":true}]}}