{"id":498,"date":"2025-05-31T23:23:36","date_gmt":"2025-05-31T23:23:36","guid":{"rendered":"https:\/\/fatecbarueri.edu.br\/home\/?page_id=498"},"modified":"2025-05-31T23:23:36","modified_gmt":"2025-05-31T23:23:36","slug":"extensao","status":"publish","type":"page","link":"https:\/\/fatecbarueri.edu.br\/home\/extensao\/","title":{"rendered":"Extens\u00e3o"},"content":{"rendered":"\n<p>A Faculdade de Tecnologia de Barueri (Fatec Barueri) desenvolve atividades de extens\u00e3o, como a\u00e7\u00f5es de car\u00e1ter educativo, cultural, cient\u00edfico e interdisciplinar, que permitem a intera\u00e7\u00e3o entre a Unidade de Ensino e a sociedade, articulando o ensino e a pesquisa.<\/p>\n<p><\/p>","protected":false},"excerpt":{"rendered":"<p>A Faculdade de Tecnologia de Barueri (Fatec Barueri) desenvolve atividades de extens\u00e3o, como a\u00e7\u00f5es de car\u00e1ter educativo, cultural, cient\u00edfico e interdisciplinar, que permitem a intera\u00e7\u00e3o entre a Unidade de Ensino e a sociedade, articulando o ensino e a pesquisa.<\/p>\n","protected":false},"author":2,"featured_media":0,"parent":0,"menu_order":0,"comment_status":"closed","ping_status":"closed","template":"template-no-sidebar.php","meta":{"footnotes":""},"class_list":["post-498","page","type-page","status-publish","hentry"],"_links":{"self":[{"href":"https:\/\/fatecbarueri.edu.br\/home\/wp-json\/wp\/v2\/pages\/498"}],"collection":[{"href":"https:\/\/fatecbarueri.edu.br\/home\/wp-json\/wp\/v2\/pages"}],"about":[{"href":"https:\/\/fatecbarueri.edu.br\/home\/wp-json\/wp\/v2\/types\/page"}],"author":[{"embeddable":true,"href":"https:\/\/fatecbarueri.edu.br\/home\/wp-json\/wp\/v2\/users\/2"}],"replies":[{"embeddable":true,"href":"https:\/\/fatecbarueri.edu.br\/home\/wp-json\/wp\/v2\/comments?post=498"}],"version-history":[{"count":1,"href":"https:\/\/fatecbarueri.edu.br\/home\/wp-json\/wp\/v2\/pages\/498\/revisions"}],"predecessor-version":[{"id":499,"href":"https:\/\/fatecbarueri.edu.br\/home\/wp-json\/wp\/v2\/pages\/498\/revisions\/499"}],"wp:attachment":[{"href":"https:\/\/fatecbarueri.edu.br\/home\/wp-json\/wp\/v2\/media?parent=498"}],"curies":[{"name":"wp","href":"https:\/\/api.w.org\/{rel}","templated":true}]}}