{"id":476,"date":"2025-05-31T22:59:58","date_gmt":"2025-05-31T22:59:58","guid":{"rendered":"https:\/\/fatecbarueri.edu.br\/home\/?page_id=476"},"modified":"2025-06-07T22:24:35","modified_gmt":"2025-06-07T22:24:35","slug":"semana-cultural-e-tecnologica","status":"publish","type":"page","link":"https:\/\/fatecbarueri.edu.br\/home\/semana-cultural-e-tecnologica\/","title":{"rendered":"Semana Cultural e Tecnol\u00f3gica"},"content":{"rendered":"\n<p>A Semana Cultural e Tecnol\u00f3gica da Fatec Barueri \u00e9 um <strong>evento acad\u00eamico tradicional e memor\u00e1vel que ocorre anualmente no segundo semestre do ano letivo<\/strong>, destinado a Comunidade da Fatec Barueri, a partir de tem\u00e1tica que permita o <strong>interc\u00e2mbio de conhecimento<\/strong>, al\u00e9m de <strong>reflex\u00f5es<\/strong>, a partir de <em>cases<\/em> e de situa\u00e7\u00f5es apresentadas durante a programa\u00e7\u00e3o, que contempla oficinas, palestras, m\u00fasicas, exposi\u00e7\u00f5es, atividades desportivas, entre outros, nos convidando a ter <strong>um olhar cada vez mais criativo, inovador, humano e emp\u00e1tico<\/strong>.<\/p>\n\n\n\n<p>Na \u00faltima edi\u00e7\u00e3o, a XVI Semana Cultural e Tecnol\u00f3gica apresentou a tem\u00e1tica: \u201cEcossistemas Empresariais: Diversidade, Saberes e Tecnologias Sociais\u201d<\/p>\n\n\n\n<p>O evento foi realizado com \u00eaxito gra\u00e7as ao empenho, trabalho e uni\u00e3o de muitos envolvidos.<\/p>\n\n\n\n<p>Agradecemos e parabenizamos a todos os coordenadores de curso, o orientador de polo, os servidores t\u00e9cnico-administrativos, os docentes e, em especial, os nossos estudantes, que atuaram na organiza\u00e7\u00e3o e no acompanhamento das atividades, tornaram o evento extraordin\u00e1rio.<\/p>\n\n\n\n<p><strong>Para saber mais sobre a XVI Semana Cultural e Tecnol\u00f3gica da Fatec Barueri<\/strong>, acesse a\u00a0<strong>28\u00ba Edi\u00e7\u00e3o do nosso Boletim Informativo<\/strong>. Acompanhe sempre nossa programa\u00e7\u00e3o de eventos acad\u00eamicos.\u00a0<strong>No primeiro semestre letivo deste ano, realizaremos a XVII Semana Cultural e Tecnol\u00f3gica da Fatec Barueri<\/strong>. Participe!<\/p>\n<p><\/p>","protected":false},"excerpt":{"rendered":"<p>A Semana Cultural e Tecnol\u00f3gica da Fatec Barueri \u00e9 um evento acad\u00eamico tradicional e memor\u00e1vel que ocorre anualmente no segundo semestre do ano letivo, destinado a Comunidade da Fatec Barueri, a partir de tem\u00e1tica que permita o interc\u00e2mbio de conhecimento, al\u00e9m de reflex\u00f5es, a partir de cases e de situa\u00e7\u00f5es apresentadas durante a programa\u00e7\u00e3o, que contempla oficinas, palestras, m\u00fasicas, exposi\u00e7\u00f5es, atividades desportivas, entre outros, nos convidando a ter um olhar cada vez mais criativo, inovador, humano e emp\u00e1tico. Na \u00faltima edi\u00e7\u00e3o, a XVI Semana Cultural e Tecnol\u00f3gica apresentou a tem\u00e1tica: \u201cEcossistemas Empresariais: Diversidade, Saberes e Tecnologias Sociais\u201d O evento foi&#8230; <\/p>\n","protected":false},"author":2,"featured_media":0,"parent":0,"menu_order":0,"comment_status":"closed","ping_status":"closed","template":"template-no-sidebar.php","meta":{"footnotes":""},"class_list":["post-476","page","type-page","status-publish","hentry"],"_links":{"self":[{"href":"https:\/\/fatecbarueri.edu.br\/home\/wp-json\/wp\/v2\/pages\/476"}],"collection":[{"href":"https:\/\/fatecbarueri.edu.br\/home\/wp-json\/wp\/v2\/pages"}],"about":[{"href":"https:\/\/fatecbarueri.edu.br\/home\/wp-json\/wp\/v2\/types\/page"}],"author":[{"embeddable":true,"href":"https:\/\/fatecbarueri.edu.br\/home\/wp-json\/wp\/v2\/users\/2"}],"replies":[{"embeddable":true,"href":"https:\/\/fatecbarueri.edu.br\/home\/wp-json\/wp\/v2\/comments?post=476"}],"version-history":[{"count":2,"href":"https:\/\/fatecbarueri.edu.br\/home\/wp-json\/wp\/v2\/pages\/476\/revisions"}],"predecessor-version":[{"id":661,"href":"https:\/\/fatecbarueri.edu.br\/home\/wp-json\/wp\/v2\/pages\/476\/revisions\/661"}],"wp:attachment":[{"href":"https:\/\/fatecbarueri.edu.br\/home\/wp-json\/wp\/v2\/media?parent=476"}],"curies":[{"name":"wp","href":"https:\/\/api.w.org\/{rel}","templated":true}]}}