{"id":470,"date":"2025-05-31T22:33:08","date_gmt":"2025-05-31T22:33:08","guid":{"rendered":"https:\/\/fatecbarueri.edu.br\/home\/?page_id=470"},"modified":"2025-07-15T14:11:23","modified_gmt":"2025-07-15T14:11:23","slug":"monitoria-de-disciplina","status":"publish","type":"page","link":"https:\/\/fatecbarueri.edu.br\/home\/monitoria-de-disciplina\/","title":{"rendered":"Monitoria de Disciplina"},"content":{"rendered":"\n<p>O&nbsp;<strong>Programa de Monitoria tem por objetivo o aprimoramento do ensino de gradua\u00e7\u00e3o e \u00e9 organizado a partir da escolha de disciplinas de desenvolvimento tecnol\u00f3gico, pela Coordenadoria de cada Curso oferecido, com aprova\u00e7\u00e3o da Congrega\u00e7\u00e3o da Fatec Barueri<\/strong>.<\/p>\n\n\n\n<p>A&nbsp;<strong>escolha das disciplinas dever\u00e1 considerar a melhoria da aprendizagem<\/strong>, a partir de metas que levem a:<\/p>\n\n\n\n<p>I \u2013 Melhor desempenho da turma nas atividades propostas pelas disciplinas;<\/p>\n\n\n\n<p>II \u2013 Diminui\u00e7\u00e3o do n\u00famero de reprova\u00e7\u00f5es nas disciplinas;<\/p>\n\n\n\n<p>III \u2013 Melhor entendimento dos matriculados nas disciplinas, seja das atividades te\u00f3ricas, pr\u00e1ticas e\/ou de exerc\u00edcios.<\/p>\n\n\n\n<p>Para a execu\u00e7\u00e3o de tarefas de ensino, sob a orienta\u00e7\u00e3o e responsabilidade de docente da disciplina de participa\u00e7\u00e3o, a Monitoria ser\u00e1 exercida por alunos regularmente matriculados em cursos de gradua\u00e7\u00e3o do Ceeteps e que n\u00e3o tenham sofrido penalidades constantes no Regime Disciplinar Discente.<\/p>\n\n\n\n<p>Ser\u00e3o&nbsp;<strong>obriga\u00e7\u00f5es do Monitor de Disciplina<\/strong>:<\/p>\n\n\n\n<p>I \u2013 Cumprir as tarefas estabelecidas pelo Professor Orientador Respons\u00e1vel pela disciplina;<\/p>\n\n\n\n<p>II \u2013 Estar presente \u00e0s atividades previstas;<\/p>\n\n\n\n<p>III \u2013 Comunicar, com anteced\u00eancia m\u00ednima necess\u00e1ria, eventuais necessidades de faltas a plant\u00f5es;<\/p>\n\n\n\n<p>IV \u2013 Propor cronograma para compensa\u00e7\u00e3o das faltas e outras atividades acordadas;<\/p>\n\n\n\n<p>V \u2013 Entregar relat\u00f3rio final sobre as atividades realizadas, com a lista de presen\u00e7a dos alunos e registro de conte\u00fados trabalhados com os alunos.<\/p>\n\n\n\n<p>A aus\u00eancia n\u00e3o justificada em duas atividades consecutivas eliminar\u00e1 o Monitor daquela disciplina no semestre em curso.<\/p>\n\n\n\n<p>S\u00e3o&nbsp;<strong>obriga\u00e7\u00f5es do Professor Orientador Respons\u00e1vel pela disciplina<\/strong>:<\/p>\n\n\n\n<p>I \u2013 Propor projeto de Monitoria \u00e0 Coordenadoria de Curso;<\/p>\n\n\n\n<p>II \u2013 Colaborar com a sele\u00e7\u00e3o de Monitores;<\/p>\n\n\n\n<p>III \u2013 Estabelecer cronograma de atividades do(s) Monitor(es);<\/p>\n\n\n\n<p>IV \u2013 Controlar a frequ\u00eancia dos Monitores selecionados;<\/p>\n\n\n\n<p>V \u2013 Entregar relat\u00f3rio sucinto contendo dados qualitativos e quantitativos da Monitoria, at\u00e9 15 (quinze) dias ap\u00f3s o seu t\u00e9rmino.<\/p>\n\n\n\n<p>Fica proibida a reg\u00eancia de aulas ou a corre\u00e7\u00e3o de provas como atividades de Monitores.<\/p>\n\n\n\n<p>O Centro Estadual de Educa\u00e7\u00e3o Tecnol\u00f3gica Paula Souza remunerar\u00e1 as atividades de Monitoria com base na rela\u00e7\u00e3o de um Monitor para cada 100 (cem) alunos matriculados, visando estimular o interesse pelo Programa.<\/p>\n\n\n\n<p>O valor remunerat\u00f3rio para cada hora de Monitoria prevista corresponder\u00e1 a 25% do valor da hora-aula paga a Professor de Ensino Superior I-A.<br>&nbsp;<\/p>\n\n\n\n<p>A participa\u00e7\u00e3o no Programa de Monitoria n\u00e3o cria v\u00ednculo empregat\u00edcio com o CEETEPS, nem obriga\u00e7\u00e3o de natureza trabalhista, previdenci\u00e1ria ou afim.<\/p>\n\n\n\n<p>No final do per\u00edodo, o Monitor receber\u00e1 certificado oficial de sua participa\u00e7\u00e3o no Programa.<\/p>\n\n\n\n<p><strong>Para saber mais sobre Programa de Monitoria<\/strong>&nbsp;acesse: (\u2026)<\/p>\n\n\n\n<p><a href=\"https:\/\/fatecbarueri.edu.br\/home\/wp-content\/uploads\/2025\/07\/Doc.-IX-Deliberacao-01-2019-Monitoria-consolidada-pela-deliberacao-40-2018.pdf\" data-type=\"link\" data-id=\"https:\/\/fatecbarueri.edu.br\/home\/wp-content\/uploads\/2025\/07\/Doc.-IX-Deliberacao-01-2019-Monitoria-consolidada-pela-deliberacao-40-2018.pdf\" target=\"_blank\" rel=\"noreferrer noopener\">Delibera\u00e7\u00e3o CEETEPS \u2013 01, de 04-03- 2010<\/a>,&nbsp;alterada pela Delibera\u00e7\u00e3o CEETEPS \u2013 40, de 08-02-2018<\/p>\n\n\n\n<p>O presente instrumento disp\u00f5e sobre o Programa de Monitoria nas Faculdades de Tecnologia do Centro Estadual de Educa\u00e7\u00e3o Tecnol\u00f3gica Paula Souza.<\/p>\n\n\n\n<p><a href=\"https:\/\/fatecbarueri.edu.br\/home\/wp-content\/uploads\/2025\/07\/Doc.-X-Instrucao-Normativa-07-2018.pdf\" data-type=\"link\" data-id=\"https:\/\/fatecbarueri.edu.br\/home\/wp-content\/uploads\/2025\/07\/Doc.-X-Instrucao-Normativa-07-2018.pdf\" target=\"_blank\" rel=\"noreferrer noopener\">Instru\u00e7\u00e3o Normativa Cesu 07, de 16-07-2018<\/a><\/p>\n\n\n\n<p>O presente instrumento estabelece procedimentos e disciplina a aplica\u00e7\u00e3o da Delibera\u00e7\u00e3o Ceeteps \u2013 40\/2018, que altera dispositivos da Delibera\u00e7\u00e3o Ceeteps \u2013 1\/2010, que disp\u00f5e sobre o Programa de Monitoria do Centro Estadual de Educa\u00e7\u00e3o Tecnol\u00f3gica Paula Souza \u2013 Ceeteps.<\/p>\n\n\n\n<p><strong>Clique no link para acessar os <a href=\"https:\/\/fatecbarueri.edu.br\/home\/monitoria-editais-e-resultados\/\" data-type=\"page\" data-id=\"933\">Editais e Resultados de Monitoria<\/a><\/strong>.<\/p>\n\n\n\n<p><\/p>\n\n\n\n<p><\/p>\n<p><\/p>","protected":false},"excerpt":{"rendered":"<p>O&nbsp;Programa de Monitoria tem por objetivo o aprimoramento do ensino de gradua\u00e7\u00e3o e \u00e9 organizado a partir da escolha de disciplinas de desenvolvimento tecnol\u00f3gico, pela Coordenadoria de cada Curso oferecido, com aprova\u00e7\u00e3o da Congrega\u00e7\u00e3o da Fatec Barueri. A&nbsp;escolha das disciplinas dever\u00e1 considerar a melhoria da aprendizagem, a partir de metas que levem a: I \u2013 Melhor desempenho da turma nas atividades propostas pelas disciplinas; II \u2013 Diminui\u00e7\u00e3o do n\u00famero de reprova\u00e7\u00f5es nas disciplinas; III \u2013 Melhor entendimento dos matriculados nas disciplinas, seja das atividades te\u00f3ricas, pr\u00e1ticas e\/ou de exerc\u00edcios. Para a execu\u00e7\u00e3o de tarefas de ensino, sob a orienta\u00e7\u00e3o e&#8230; <\/p>\n","protected":false},"author":2,"featured_media":0,"parent":0,"menu_order":0,"comment_status":"closed","ping_status":"closed","template":"template-no-sidebar.php","meta":{"footnotes":""},"class_list":["post-470","page","type-page","status-publish","hentry"],"_links":{"self":[{"href":"https:\/\/fatecbarueri.edu.br\/home\/wp-json\/wp\/v2\/pages\/470"}],"collection":[{"href":"https:\/\/fatecbarueri.edu.br\/home\/wp-json\/wp\/v2\/pages"}],"about":[{"href":"https:\/\/fatecbarueri.edu.br\/home\/wp-json\/wp\/v2\/types\/page"}],"author":[{"embeddable":true,"href":"https:\/\/fatecbarueri.edu.br\/home\/wp-json\/wp\/v2\/users\/2"}],"replies":[{"embeddable":true,"href":"https:\/\/fatecbarueri.edu.br\/home\/wp-json\/wp\/v2\/comments?post=470"}],"version-history":[{"count":7,"href":"https:\/\/fatecbarueri.edu.br\/home\/wp-json\/wp\/v2\/pages\/470\/revisions"}],"predecessor-version":[{"id":936,"href":"https:\/\/fatecbarueri.edu.br\/home\/wp-json\/wp\/v2\/pages\/470\/revisions\/936"}],"wp:attachment":[{"href":"https:\/\/fatecbarueri.edu.br\/home\/wp-json\/wp\/v2\/media?parent=470"}],"curies":[{"name":"wp","href":"https:\/\/api.w.org\/{rel}","templated":true}]}}