{"id":465,"date":"2025-05-31T22:28:57","date_gmt":"2025-05-31T22:28:57","guid":{"rendered":"https:\/\/fatecbarueri.edu.br\/home\/?page_id=465"},"modified":"2026-02-11T18:49:15","modified_gmt":"2026-02-11T18:49:15","slug":"calendario-academico","status":"publish","type":"page","link":"https:\/\/fatecbarueri.edu.br\/home\/calendario-academico\/","title":{"rendered":"Calend\u00e1rio Acad\u00eamico"},"content":{"rendered":"\n<p><strong>Consulte o Calend\u00e1rio Acad\u00eamico da Fatec Barueri:<\/strong><\/p>\n\n\n\n<h3 class=\"wp-block-heading\">1\u00b0 Semestre de 2026<\/h3>\n\n\n\n<p>Fa\u00e7a o download do<strong> <a href=\"https:\/\/fatecbarueri.edu.br\/home\/wp-content\/uploads\/2026\/01\/Calendario-Academico-Fatec-Barueri-2026-1-08-01-26.pdf\" target=\"_blank\" rel=\"noreferrer noopener\">Calend\u00e1rio Acad\u00eamico Fatec Barueri 2026-1<\/a><\/strong><\/p>\n\n\n\n<p><\/p>\n\n\n\n<h3 class=\"wp-block-heading\">2\u00b0 Semestre de 2025<\/h3>\n\n\n\n<p>Fa\u00e7a o download do<strong> <a href=\"https:\/\/fatecbarueri.edu.br\/home\/wp-content\/uploads\/2025\/07\/Calendario-Academico-Fatec-Barueri-2025-2.pdf\" data-type=\"link\" data-id=\"https:\/\/fatecbarueri.edu.br\/home\/wp-content\/uploads\/2025\/07\/Calendario-Academico-Fatec-Barueri-2025-2.pdf\" target=\"_blank\" rel=\"noreferrer noopener\">Calend\u00e1rio Acad\u00eamico Fatec Barueri 2025-2<\/a><\/strong><\/p>\n\n\n\n<p><\/p>\n\n\n\n<h3 class=\"wp-block-heading\">1\u00b0 Semestre de 2025<\/h3>\n\n\n\n<p>Fa\u00e7a o download do<strong> <a href=\"https:\/\/fatecbarueri.edu.br\/home\/wp-content\/uploads\/2025\/05\/Calendario-Academico-Fatec-Barueri-2025-1.pdf\" target=\"_blank\" rel=\"noopener\" title=\"\">Calend\u00e1rio Acad\u00eamico Fatec Barueri 2025-1<\/a><\/strong><\/p>\n\n\n\n<p><\/p>\n<p><\/p>","protected":false},"excerpt":{"rendered":"<p>Consulte o Calend\u00e1rio Acad\u00eamico da Fatec Barueri: 1\u00b0 Semestre de 2026 Fa\u00e7a o download do Calend\u00e1rio Acad\u00eamico Fatec Barueri 2026-1 2\u00b0 Semestre de 2025 Fa\u00e7a o download do Calend\u00e1rio Acad\u00eamico Fatec Barueri 2025-2 1\u00b0 Semestre de 2025 Fa\u00e7a o download do Calend\u00e1rio Acad\u00eamico Fatec Barueri 2025-1<\/p>\n","protected":false},"author":2,"featured_media":0,"parent":0,"menu_order":0,"comment_status":"closed","ping_status":"closed","template":"template-no-sidebar.php","meta":{"footnotes":""},"class_list":["post-465","page","type-page","status-publish","hentry"],"_links":{"self":[{"href":"https:\/\/fatecbarueri.edu.br\/home\/wp-json\/wp\/v2\/pages\/465"}],"collection":[{"href":"https:\/\/fatecbarueri.edu.br\/home\/wp-json\/wp\/v2\/pages"}],"about":[{"href":"https:\/\/fatecbarueri.edu.br\/home\/wp-json\/wp\/v2\/types\/page"}],"author":[{"embeddable":true,"href":"https:\/\/fatecbarueri.edu.br\/home\/wp-json\/wp\/v2\/users\/2"}],"replies":[{"embeddable":true,"href":"https:\/\/fatecbarueri.edu.br\/home\/wp-json\/wp\/v2\/comments?post=465"}],"version-history":[{"count":5,"href":"https:\/\/fatecbarueri.edu.br\/home\/wp-json\/wp\/v2\/pages\/465\/revisions"}],"predecessor-version":[{"id":1293,"href":"https:\/\/fatecbarueri.edu.br\/home\/wp-json\/wp\/v2\/pages\/465\/revisions\/1293"}],"wp:attachment":[{"href":"https:\/\/fatecbarueri.edu.br\/home\/wp-json\/wp\/v2\/media?parent=465"}],"curies":[{"name":"wp","href":"https:\/\/api.w.org\/{rel}","templated":true}]}}