{"id":456,"date":"2025-05-31T22:18:46","date_gmt":"2025-05-31T22:18:46","guid":{"rendered":"https:\/\/fatecbarueri.edu.br\/home\/?page_id=456"},"modified":"2025-05-31T22:18:47","modified_gmt":"2025-05-31T22:18:47","slug":"aluno-especial","status":"publish","type":"page","link":"https:\/\/fatecbarueri.edu.br\/home\/aluno-especial\/","title":{"rendered":"Aluno Especial"},"content":{"rendered":"\n<p><strong>Com rela\u00e7\u00e3o ao v\u00ednculo \u00e0 Institui\u00e7\u00e3o<\/strong> podem existir dois tipos de aluno:<\/p>\n\n\n\n<p>&#8211; <strong>Aluno regular<\/strong>, que \u00e9 o que est\u00e1 matriculado em um determinado curso, tendo ingressado na Institui\u00e7\u00e3o atrav\u00e9s do processo seletivo vestibular, alguma forma de transfer\u00eancia, ou outro mecanismo de ocupa\u00e7\u00e3o de vagas;<\/p>\n\n\n\n<p>&#8211; <strong>Aluno especial<\/strong>, que \u00e9 o que <strong>est\u00e1 matriculado em uma ou algumas disciplinas de um dado curso e n\u00e3o pertence \u00e0 Institui\u00e7\u00e3o, mas \u00e9 aluno regular de outra Institui\u00e7\u00e3o de ensino superior ou j\u00e1 \u00e9 formado em algum curso de gradua\u00e7\u00e3o<\/strong>.<\/p>\n\n\n\n<p>O aluno especial poder\u00e1 realizar um m\u00e1ximo de 10 aulas semanais num dado semestre e um m\u00e1ximo de 20% das disciplinas previstas num dado curso, ainda que em v\u00e1rios semestres.<\/p>\n\n\n\n<p>Na eventualidade de um aluno especial ingressar na Institui\u00e7\u00e3o como aluno regular, poder\u00e1 haver aproveitamento dos estudos anteriormente realizados.<\/p>\n\n\n\n<p>Se <strong>deseja ser aluno especial na Fatec Barueri<\/strong>, voc\u00ea pode realizar solicita\u00e7\u00e3o acessando a Secretaria Acad\u00eamica Virtual ou comparecendo presencialmente \u00e0 Faculdade.<\/p>\n\n\n\n<p><strong>Para saber mais sobre aluno especial<\/strong> consulte o Regulamento Geral dos Cursos de Gradua\u00e7\u00e3o das Faculdades de Tecnologia do Centro Estadual de Educa\u00e7\u00e3o Tecnol\u00f3gica \u201cPaula Souza\u201d \u2013 Ceeteps.&nbsp;<\/p>\n<p><\/p>","protected":false},"excerpt":{"rendered":"<p>Com rela\u00e7\u00e3o ao v\u00ednculo \u00e0 Institui\u00e7\u00e3o podem existir dois tipos de aluno: &#8211; Aluno regular, que \u00e9 o que est\u00e1 matriculado em um determinado curso, tendo ingressado na Institui\u00e7\u00e3o atrav\u00e9s do processo seletivo vestibular, alguma forma de transfer\u00eancia, ou outro mecanismo de ocupa\u00e7\u00e3o de vagas; &#8211; Aluno especial, que \u00e9 o que est\u00e1 matriculado em uma ou algumas disciplinas de um dado curso e n\u00e3o pertence \u00e0 Institui\u00e7\u00e3o, mas \u00e9 aluno regular de outra Institui\u00e7\u00e3o de ensino superior ou j\u00e1 \u00e9 formado em algum curso de gradua\u00e7\u00e3o. O aluno especial poder\u00e1 realizar um m\u00e1ximo de 10 aulas semanais num dado&#8230; <\/p>\n","protected":false},"author":2,"featured_media":0,"parent":0,"menu_order":0,"comment_status":"closed","ping_status":"closed","template":"template-no-sidebar.php","meta":{"footnotes":""},"class_list":["post-456","page","type-page","status-publish","hentry"],"_links":{"self":[{"href":"https:\/\/fatecbarueri.edu.br\/home\/wp-json\/wp\/v2\/pages\/456"}],"collection":[{"href":"https:\/\/fatecbarueri.edu.br\/home\/wp-json\/wp\/v2\/pages"}],"about":[{"href":"https:\/\/fatecbarueri.edu.br\/home\/wp-json\/wp\/v2\/types\/page"}],"author":[{"embeddable":true,"href":"https:\/\/fatecbarueri.edu.br\/home\/wp-json\/wp\/v2\/users\/2"}],"replies":[{"embeddable":true,"href":"https:\/\/fatecbarueri.edu.br\/home\/wp-json\/wp\/v2\/comments?post=456"}],"version-history":[{"count":1,"href":"https:\/\/fatecbarueri.edu.br\/home\/wp-json\/wp\/v2\/pages\/456\/revisions"}],"predecessor-version":[{"id":457,"href":"https:\/\/fatecbarueri.edu.br\/home\/wp-json\/wp\/v2\/pages\/456\/revisions\/457"}],"wp:attachment":[{"href":"https:\/\/fatecbarueri.edu.br\/home\/wp-json\/wp\/v2\/media?parent=456"}],"curies":[{"name":"wp","href":"https:\/\/api.w.org\/{rel}","templated":true}]}}