{"id":454,"date":"2025-05-31T22:17:46","date_gmt":"2025-05-31T22:17:46","guid":{"rendered":"https:\/\/fatecbarueri.edu.br\/home\/?page_id=454"},"modified":"2026-02-24T22:10:49","modified_gmt":"2026-02-24T22:10:49","slug":"vagas-remanescentes","status":"publish","type":"page","link":"https:\/\/fatecbarueri.edu.br\/home\/vagas-remanescentes\/","title":{"rendered":"Vagas Remanescentes"},"content":{"rendered":"\n<p>Al\u00e9m do processo seletivo vestibular para o preenchimento de vagas do primeiro semestre de cada um dos cursos superiores oferecidos pela Fatec Barueri, h\u00e1 o processo para preenchimento de vagas remanescentes.<\/p>\n\n\n\n<p><strong>Vagas remanescentes s\u00e3o aquelas que n\u00e3o foram preenchidas ou que surgiram por desist\u00eancia de aluno que ocupava uma vaga regular num dado curso<\/strong>.<\/p>\n\n\n\n<p>As vagas remanescentes podem ser preenchidas atrav\u00e9s de&nbsp;<strong>transfer\u00eancias internas<\/strong>&nbsp;ou&nbsp;<strong>ingresso em semestres posteriores ao inicial<\/strong>. S\u00f3 haver\u00e1 vaga remanescente no in\u00edcio do primeiro semestre de um curso quando n\u00e3o ocorrer o preenchimento das vagas oferecidas no processo seletivo vestibular.<\/p>\n\n\n\n<p><strong>Acesse o <a href=\"https:\/\/fatecbarueri.edu.br\/home\/wp-content\/uploads\/2026\/02\/Edital-Vagas-Remanescentes-para-o-Primeiro-Semestre-2026.pdf\">Edital de Vagas Remanescentes Ingressantes &#8211; 1\u00ba Semestre\/2026<\/a><\/strong><\/p>\n\n\n\n<p><strong>Acesse o <a href=\"https:\/\/fatecbarueri.edu.br\/home\/wp-content\/uploads\/2026\/01\/Edital-de-Vagas-Remanescentes-2026-1.pdf\">Edital de Vagas Remanescentes 34\/2026 &#8211; 1\u00ba Semestre\/2026<\/a><\/strong><\/p>\n\n\n\n<p><strong>Acesse o <a href=\"https:\/\/fatecbarueri.edu.br\/home\/wp-content\/uploads\/2025\/08\/Edital-Vagas-Remanescentes-Vestibular-2025-2.pdf\" data-type=\"link\" data-id=\"https:\/\/fatecbarueri.edu.br\/home\/wp-content\/uploads\/2025\/07\/Edital-de-Vagas-Remanescentes-2025-2.pdf\" target=\"_blank\" rel=\"noreferrer noopener\">Edital de Vagas Remanescentes 210\/2025 &#8211; 2\u00ba Semestre\/2025<\/a><\/strong><\/p>\n\n\n\n<p><strong>Acesse o <a href=\"https:\/\/fatecbarueri.edu.br\/home\/wp-content\/uploads\/2025\/07\/Edital-de-Vagas-Remanescentes-2025-2.pdf\" data-type=\"link\" data-id=\"https:\/\/fatecbarueri.edu.br\/home\/wp-content\/uploads\/2025\/07\/Edital-de-Vagas-Remanescentes-2025-2.pdf\" target=\"_blank\" rel=\"noreferrer noopener\">Edital de Vagas Remanescentes 186\/2025 &#8211; 2\u00ba Semestre\/2025<\/a><\/strong><\/p>\n\n\n\n<p><strong>Para saber mais sobre vagas remanescentes<\/strong>&nbsp;consulte o Regulamento Geral dos Cursos de Gradua\u00e7\u00e3o das Faculdades de Tecnologia do Centro Estadual de Educa\u00e7\u00e3o Tecnol\u00f3gica \u201cPaula Souza\u201d \u2013 Ceeteps.&nbsp;<\/p>\n<p><\/p>","protected":false},"excerpt":{"rendered":"<p>Al\u00e9m do processo seletivo vestibular para o preenchimento de vagas do primeiro semestre de cada um dos cursos superiores oferecidos pela Fatec Barueri, h\u00e1 o processo para preenchimento de vagas remanescentes. Vagas remanescentes s\u00e3o aquelas que n\u00e3o foram preenchidas ou que surgiram por desist\u00eancia de aluno que ocupava uma vaga regular num dado curso. As vagas remanescentes podem ser preenchidas atrav\u00e9s de&nbsp;transfer\u00eancias internas&nbsp;ou&nbsp;ingresso em semestres posteriores ao inicial. S\u00f3 haver\u00e1 vaga remanescente no in\u00edcio do primeiro semestre de um curso quando n\u00e3o ocorrer o preenchimento das vagas oferecidas no processo seletivo vestibular. Acesse o Edital de Vagas Remanescentes Ingressantes &#8211;&#8230; <\/p>\n","protected":false},"author":2,"featured_media":0,"parent":0,"menu_order":0,"comment_status":"closed","ping_status":"closed","template":"template-no-sidebar.php","meta":{"footnotes":""},"class_list":["post-454","page","type-page","status-publish","hentry"],"_links":{"self":[{"href":"https:\/\/fatecbarueri.edu.br\/home\/wp-json\/wp\/v2\/pages\/454"}],"collection":[{"href":"https:\/\/fatecbarueri.edu.br\/home\/wp-json\/wp\/v2\/pages"}],"about":[{"href":"https:\/\/fatecbarueri.edu.br\/home\/wp-json\/wp\/v2\/types\/page"}],"author":[{"embeddable":true,"href":"https:\/\/fatecbarueri.edu.br\/home\/wp-json\/wp\/v2\/users\/2"}],"replies":[{"embeddable":true,"href":"https:\/\/fatecbarueri.edu.br\/home\/wp-json\/wp\/v2\/comments?post=454"}],"version-history":[{"count":12,"href":"https:\/\/fatecbarueri.edu.br\/home\/wp-json\/wp\/v2\/pages\/454\/revisions"}],"predecessor-version":[{"id":1300,"href":"https:\/\/fatecbarueri.edu.br\/home\/wp-json\/wp\/v2\/pages\/454\/revisions\/1300"}],"wp:attachment":[{"href":"https:\/\/fatecbarueri.edu.br\/home\/wp-json\/wp\/v2\/media?parent=454"}],"curies":[{"name":"wp","href":"https:\/\/api.w.org\/{rel}","templated":true}]}}