{"id":450,"date":"2025-05-31T22:10:18","date_gmt":"2025-05-31T22:10:18","guid":{"rendered":"https:\/\/fatecbarueri.edu.br\/home\/?page_id=450"},"modified":"2026-04-09T19:42:00","modified_gmt":"2026-04-09T19:42:00","slug":"processo-seletivo-vestibular","status":"publish","type":"page","link":"https:\/\/fatecbarueri.edu.br\/home\/processo-seletivo-vestibular\/","title":{"rendered":"Processo Seletivo Vestibular"},"content":{"rendered":"\n<p>A Faculdade de Tecnologia de Barueri realiza, semestralmente, <strong>processo seletivo vestibular<\/strong> para os cursos superiores de tecnologia em <strong>Com\u00e9rcio Exterior<\/strong>, <strong>Design de M\u00eddias Digitais<\/strong>, <strong>Gest\u00e3o da Tecnologia da Informa\u00e7\u00e3o<\/strong>, <strong>Gest\u00e3o de Com\u00e9rcio Eletr\u00f4nico<\/strong>, <strong>Gest\u00e3o de Eventos<\/strong>,<strong> Gest\u00e3o de Neg\u00f3cios e Pessoas<\/strong>,<strong> <strong>Gest\u00e3o de Recursos Humanos<\/strong><\/strong>,<strong><strong> <\/strong>Gest\u00e3o Empresarial<\/strong> e <strong>Transporte Terrestre<\/strong>.<\/p>\n\n\n\n<p>S\u00e3o oferecidas 800 vagas anuais em cursos superiores tecnol\u00f3gicos gratuitos, distribu\u00eddas entre ampla concorr\u00eancia, por meio de vestibular classificat\u00f3rio, e o Prov\u00e3o Paulista. Os cursos s\u00e3o voltados \u00e0 forma\u00e7\u00e3o de profissionais qualificados para atender \u00e0s demandas do mercado e contribuir com o desenvolvimento econ\u00f4mico e social da regi\u00e3o.<\/p>\n\n\n\n<p><strong><a title=\"Vestibular Fatec 2\u00ba Semestre 2023\" href=\"https:\/\/fatecbarueri.edu.br\/home\/vestibular-fatec-barueri\/\">Encontre aqui a Programa\u00e7\u00e3o para o Processo Seletivo &#8211; Vestibular 2\u00ba Semestre de 2026<\/a>.<\/strong><\/p>\n\n\n\n<p><strong>Seu sucesso a um clique de dist\u00e2ncia!<\/strong><\/p>\n\n\n\n<p><strong><a href=\"http:\/\/vestibular.fatec.sp.gov.br\" data-type=\"link\" data-id=\"vestibular.fatec.sp.gov.br\" target=\"_blank\" rel=\"noreferrer noopener\">Clique aqui para se inscrever!<\/a><\/strong><\/p>\n\n\n\n<p><\/p>\n<p><\/p>","protected":false},"excerpt":{"rendered":"<p>A Faculdade de Tecnologia de Barueri realiza, semestralmente, processo seletivo vestibular para os cursos superiores de tecnologia em Com\u00e9rcio Exterior, Design de M\u00eddias Digitais, Gest\u00e3o da Tecnologia da Informa\u00e7\u00e3o, Gest\u00e3o de Com\u00e9rcio Eletr\u00f4nico, Gest\u00e3o de Eventos, Gest\u00e3o de Neg\u00f3cios e Pessoas, Gest\u00e3o de Recursos Humanos, Gest\u00e3o Empresarial e Transporte Terrestre. S\u00e3o oferecidas 800 vagas anuais em cursos superiores tecnol\u00f3gicos gratuitos, distribu\u00eddas entre ampla concorr\u00eancia, por meio de vestibular classificat\u00f3rio, e o Prov\u00e3o Paulista. Os cursos s\u00e3o voltados \u00e0 forma\u00e7\u00e3o de profissionais qualificados para atender \u00e0s demandas do mercado e contribuir com o desenvolvimento econ\u00f4mico e social da regi\u00e3o. Encontre aqui&#8230; <\/p>\n","protected":false},"author":2,"featured_media":0,"parent":0,"menu_order":0,"comment_status":"closed","ping_status":"closed","template":"template-no-sidebar.php","meta":{"footnotes":""},"class_list":["post-450","page","type-page","status-publish","hentry"],"_links":{"self":[{"href":"https:\/\/fatecbarueri.edu.br\/home\/wp-json\/wp\/v2\/pages\/450"}],"collection":[{"href":"https:\/\/fatecbarueri.edu.br\/home\/wp-json\/wp\/v2\/pages"}],"about":[{"href":"https:\/\/fatecbarueri.edu.br\/home\/wp-json\/wp\/v2\/types\/page"}],"author":[{"embeddable":true,"href":"https:\/\/fatecbarueri.edu.br\/home\/wp-json\/wp\/v2\/users\/2"}],"replies":[{"embeddable":true,"href":"https:\/\/fatecbarueri.edu.br\/home\/wp-json\/wp\/v2\/comments?post=450"}],"version-history":[{"count":6,"href":"https:\/\/fatecbarueri.edu.br\/home\/wp-json\/wp\/v2\/pages\/450\/revisions"}],"predecessor-version":[{"id":1443,"href":"https:\/\/fatecbarueri.edu.br\/home\/wp-json\/wp\/v2\/pages\/450\/revisions\/1443"}],"wp:attachment":[{"href":"https:\/\/fatecbarueri.edu.br\/home\/wp-json\/wp\/v2\/media?parent=450"}],"curies":[{"name":"wp","href":"https:\/\/api.w.org\/{rel}","templated":true}]}}