{"id":448,"date":"2025-05-31T22:03:37","date_gmt":"2025-05-31T22:03:37","guid":{"rendered":"https:\/\/fatecbarueri.edu.br\/home\/?page_id=448"},"modified":"2025-07-08T00:51:26","modified_gmt":"2025-07-08T00:51:26","slug":"estude-conosco","status":"publish","type":"page","link":"https:\/\/fatecbarueri.edu.br\/home\/estude-conosco\/","title":{"rendered":"Estude Conosco"},"content":{"rendered":"\n<p>Quer ficar informado(a) sobre o <strong>Processo seletivo Vestibular<\/strong> ou os <strong>Processos para preenchimento de vagas remanescentes<\/strong> da Fatec Barueri?<\/p>\n\n\n\n<p>Ent\u00e3o deixa os seus dados aqui que a gente te avisa quando a hora chegar!<\/p>\n\n\n\n<p>Deixando seus dados tamb\u00e9m estaremos compartilhando com voc\u00ea <strong>novas edi\u00e7\u00f5es da InGeTec \u2013 a Revista Cient\u00edfica da Fatec Barueri<\/strong>, bem como <strong>novas edi\u00e7\u00f5es do Boletim Informativo da Fatec Barueri \u2013 publica\u00e7\u00e3o digital sobre acontecimentos institucionais<\/strong>, combinado?<\/p>\n\n\n<div class=\"wpforms-container wpforms-container-full wpforms-block wpforms-block-825c880e-2683-4057-a120-7255de7e9671 wpforms-render-modern\" id=\"wpforms-832\"><form id=\"wpforms-form-832\" class=\"wpforms-validate wpforms-form wpforms-ajax-form\" data-formid=\"832\" method=\"post\" enctype=\"multipart\/form-data\" action=\"\/home\/wp-json\/wp\/v2\/pages\/448\" data-token=\"78f916d8f4377e6d6cd4a374be6cefca\" data-token-time=\"1776867925\"><noscript class=\"wpforms-error-noscript\">Please enable JavaScript in your browser to complete this form.<\/noscript><div id=\"wpforms-error-noscript\" style=\"display: none;\">Please enable JavaScript in your browser to complete this form.<\/div><div class=\"wpforms-field-container\"><div id=\"wpforms-832-field_1-container\" class=\"wpforms-field wpforms-field-text\" data-field-id=\"1\"><label class=\"wpforms-field-label\" for=\"wpforms-832-field_1\">Seu nome (obrigat\u00f3rio) <span class=\"wpforms-required-label\" aria-hidden=\"true\">*<\/span><\/label><input type=\"text\" id=\"wpforms-832-field_1\" class=\"wpforms-field-medium wpforms-field-required\" name=\"wpforms[fields][1]\" aria-errormessage=\"wpforms-832-field_1-error\" required><\/div><div id=\"wpforms-832-field_14-container\" class=\"wpforms-field wpforms-field-email\" data-field-id=\"14\"><label class=\"wpforms-field-label\" for=\"wpforms-832-field_14\">Seu e-mail (obrigat\u00f3rio) <span class=\"wpforms-required-label\" aria-hidden=\"true\">*<\/span><\/label><input type=\"email\" id=\"wpforms-832-field_14\" class=\"wpforms-field-medium wpforms-field-required\" name=\"wpforms[fields][14]\" spellcheck=\"false\" aria-errormessage=\"wpforms-832-field_14-error\" required><\/div>\t\t<div id=\"wpforms-832-field_2-container\"\n\t\t\tclass=\"wpforms-field wpforms-field-text\"\n\t\t\tdata-field-type=\"text\"\n\t\t\tdata-field-id=\"2\"\n\t\t\t>\n\t\t\t<label class=\"wpforms-field-label\" for=\"wpforms-832-field_2\" >e-mail Seu (obrigat\u00f3rio)<\/label>\n\t\t\t<input type=\"text\" id=\"wpforms-832-field_2\" class=\"wpforms-field-medium\" name=\"wpforms[fields][2]\" >\n\t\t<\/div>\n\t\t<div id=\"wpforms-832-field_11-container\" class=\"wpforms-field wpforms-field-text\" data-field-id=\"11\"><label class=\"wpforms-field-label\" for=\"wpforms-832-field_11\">Telefone (opcional)<\/label><input type=\"text\" id=\"wpforms-832-field_11\" class=\"wpforms-field-medium wpforms-masked-input\" data-rule-inputmask-incomplete=\"1\" data-inputmask-mask=\"(99) 9999-9999\" name=\"wpforms[fields][11]\" aria-errormessage=\"wpforms-832-field_11-error\" ><\/div><script>\n\t\t\t\t( function() {\n\t\t\t\t\tconst style = document.createElement( 'style' );\n\t\t\t\t\tstyle.appendChild( document.createTextNode( '#wpforms-832-field_2-container { position: absolute !important; overflow: hidden !important; display: inline !important; height: 1px !important; width: 1px !important; z-index: -1000 !important; padding: 0 !important; } #wpforms-832-field_2-container input { visibility: hidden; } #wpforms-conversational-form-page #wpforms-832-field_2-container label { counter-increment: none; }' ) );\n\t\t\t\t\tdocument.head.appendChild( style );\n\t\t\t\t\tdocument.currentScript?.remove();\n\t\t\t\t} )();\n\t\t\t<\/script><\/div><!-- .wpforms-field-container --><div class=\"wpforms-submit-container\" ><input type=\"hidden\" name=\"wpforms[id]\" value=\"832\"><input type=\"hidden\" name=\"page_title\" value=\"\"><input type=\"hidden\" name=\"page_url\" value=\"https:\/\/fatecbarueri.edu.br\/home\/wp-json\/wp\/v2\/pages\/448\"><input type=\"hidden\" name=\"url_referer\" value=\"\"><button type=\"submit\" name=\"wpforms[submit]\" id=\"wpforms-submit-832\" class=\"wpforms-submit\" data-alt-text=\"Enviando...\" data-submit-text=\"Enviar\" aria-live=\"assertive\" value=\"wpforms-submit\">Enviar<\/button><img loading=\"lazy\" decoding=\"async\" src=\"https:\/\/fatecbarueri.edu.br\/home\/wp-content\/plugins\/wpforms-lite\/assets\/images\/submit-spin.svg\" class=\"wpforms-submit-spinner\" style=\"display: none;\" width=\"26\" height=\"26\" alt=\"Loading\"><\/div><\/form><\/div>  <!-- .wpforms-container -->\n\n\n<p><\/p>\n<p><\/p>","protected":false},"excerpt":{"rendered":"<p>Quer ficar informado(a) sobre o Processo seletivo Vestibular ou os Processos para preenchimento de vagas remanescentes da Fatec Barueri? Ent\u00e3o deixa os seus dados aqui que a gente te avisa quando a hora chegar! Deixando seus dados tamb\u00e9m estaremos compartilhando com voc\u00ea novas edi\u00e7\u00f5es da InGeTec \u2013 a Revista Cient\u00edfica da Fatec Barueri, bem como novas edi\u00e7\u00f5es do Boletim Informativo da Fatec Barueri \u2013 publica\u00e7\u00e3o digital sobre acontecimentos institucionais, combinado?<\/p>\n","protected":false},"author":2,"featured_media":0,"parent":0,"menu_order":0,"comment_status":"closed","ping_status":"closed","template":"template-no-sidebar.php","meta":{"footnotes":""},"class_list":["post-448","page","type-page","status-publish","hentry"],"_links":{"self":[{"href":"https:\/\/fatecbarueri.edu.br\/home\/wp-json\/wp\/v2\/pages\/448"}],"collection":[{"href":"https:\/\/fatecbarueri.edu.br\/home\/wp-json\/wp\/v2\/pages"}],"about":[{"href":"https:\/\/fatecbarueri.edu.br\/home\/wp-json\/wp\/v2\/types\/page"}],"author":[{"embeddable":true,"href":"https:\/\/fatecbarueri.edu.br\/home\/wp-json\/wp\/v2\/users\/2"}],"replies":[{"embeddable":true,"href":"https:\/\/fatecbarueri.edu.br\/home\/wp-json\/wp\/v2\/comments?post=448"}],"version-history":[{"count":2,"href":"https:\/\/fatecbarueri.edu.br\/home\/wp-json\/wp\/v2\/pages\/448\/revisions"}],"predecessor-version":[{"id":836,"href":"https:\/\/fatecbarueri.edu.br\/home\/wp-json\/wp\/v2\/pages\/448\/revisions\/836"}],"wp:attachment":[{"href":"https:\/\/fatecbarueri.edu.br\/home\/wp-json\/wp\/v2\/media?parent=448"}],"curies":[{"name":"wp","href":"https:\/\/api.w.org\/{rel}","templated":true}]}}