{"id":432,"date":"2025-05-31T21:50:53","date_gmt":"2025-05-31T21:50:53","guid":{"rendered":"https:\/\/fatecbarueri.edu.br\/home\/?page_id=432"},"modified":"2025-05-31T22:05:53","modified_gmt":"2025-05-31T22:05:53","slug":"seja-nosso-parceiro-2","status":"publish","type":"page","link":"https:\/\/fatecbarueri.edu.br\/home\/seja-nosso-parceiro-2\/","title":{"rendered":"Seja Nosso Parceiro"},"content":{"rendered":"\n<p>A Faculdade de Tecnologia de Barueri tem exercido um relevante papel na forma\u00e7\u00e3o cidad\u00e3 e superior tecnol\u00f3gica no estado de S\u00e3o Paulo, ofertando gradua\u00e7\u00f5es reconhecidos pela excel\u00eancia do ensino e alta empregabilidade.<\/p>\n\n\n\n<p>Atuando pelos melhores resultados, <strong>a Fatec Barueri<\/strong>, com mais de 13 anos de muita dedica\u00e7\u00e3o e total comprometimento com o ensino, a pesquisa e a extens\u00e3o, <strong>visa sempre inovar e oferecer o melhor aos seus estudantes, egressos, professores, corpo t\u00e9cnico-administrativo e comunidade externa, de modo que busca parcerias com organiza\u00e7\u00f5es<\/strong>.<\/p>\n\n\n\n<p><strong>Obtenha informa\u00e7\u00f5es sobre nossos projetos de parceria<\/strong>.<\/p>\n\n\n\n<p>Entre em contato com: <a href=\"mailto:f209secretaria@cps.sp.gov.br\" target=\"_blank\" rel=\"noopener\" title=\"\">f209secretaria@cps.sp.gov.br<\/a><\/p>\n<p><\/p>","protected":false},"excerpt":{"rendered":"<p>A Faculdade de Tecnologia de Barueri tem exercido um relevante papel na forma\u00e7\u00e3o cidad\u00e3 e superior tecnol\u00f3gica no estado de S\u00e3o Paulo, ofertando gradua\u00e7\u00f5es reconhecidos pela excel\u00eancia do ensino e alta empregabilidade. Atuando pelos melhores resultados, a Fatec Barueri, com mais de 13 anos de muita dedica\u00e7\u00e3o e total comprometimento com o ensino, a pesquisa e a extens\u00e3o, visa sempre inovar e oferecer o melhor aos seus estudantes, egressos, professores, corpo t\u00e9cnico-administrativo e comunidade externa, de modo que busca parcerias com organiza\u00e7\u00f5es. Obtenha informa\u00e7\u00f5es sobre nossos projetos de parceria. Entre em contato com: f209secretaria@cps.sp.gov.br<\/p>\n","protected":false},"author":2,"featured_media":0,"parent":0,"menu_order":0,"comment_status":"closed","ping_status":"closed","template":"template-no-sidebar.php","meta":{"footnotes":""},"class_list":["post-432","page","type-page","status-publish","hentry"],"_links":{"self":[{"href":"https:\/\/fatecbarueri.edu.br\/home\/wp-json\/wp\/v2\/pages\/432"}],"collection":[{"href":"https:\/\/fatecbarueri.edu.br\/home\/wp-json\/wp\/v2\/pages"}],"about":[{"href":"https:\/\/fatecbarueri.edu.br\/home\/wp-json\/wp\/v2\/types\/page"}],"author":[{"embeddable":true,"href":"https:\/\/fatecbarueri.edu.br\/home\/wp-json\/wp\/v2\/users\/2"}],"replies":[{"embeddable":true,"href":"https:\/\/fatecbarueri.edu.br\/home\/wp-json\/wp\/v2\/comments?post=432"}],"version-history":[{"count":1,"href":"https:\/\/fatecbarueri.edu.br\/home\/wp-json\/wp\/v2\/pages\/432\/revisions"}],"predecessor-version":[{"id":433,"href":"https:\/\/fatecbarueri.edu.br\/home\/wp-json\/wp\/v2\/pages\/432\/revisions\/433"}],"wp:attachment":[{"href":"https:\/\/fatecbarueri.edu.br\/home\/wp-json\/wp\/v2\/media?parent=432"}],"curies":[{"name":"wp","href":"https:\/\/api.w.org\/{rel}","templated":true}]}}