{"id":428,"date":"2025-05-31T21:45:17","date_gmt":"2025-05-31T21:45:17","guid":{"rendered":"https:\/\/fatecbarueri.edu.br\/home\/?page_id=428"},"modified":"2025-05-31T22:06:27","modified_gmt":"2025-05-31T22:06:27","slug":"comissao-interna-de-prevencao-de-acidentes-cipa","status":"publish","type":"page","link":"https:\/\/fatecbarueri.edu.br\/home\/comissao-interna-de-prevencao-de-acidentes-cipa\/","title":{"rendered":"Comiss\u00e3o Interna de Preven\u00e7\u00e3o de Acidentes &#8211; CIPA"},"content":{"rendered":"\n<p><strong>A Comiss\u00e3o Interna de Preven\u00e7\u00e3o de Acidentes &#8211; CIPA<\/strong> \u00e9 regida pela&nbsp;norma regulamentadora 05 &#8211; NR05 do MTE, criada atrav\u00e9s da Portaria MTB n. 3214 de 08-06-78 e <strong>tem como objetivo a preven\u00e7\u00e3o de acidentes e doen\u00e7as decorrentes do trabalho<\/strong>, de modo a tornar compat\u00edvel, de forma permanente, o trabalho com a preserva\u00e7\u00e3o da vida e a promo\u00e7\u00e3o da sa\u00fade do trabalhador.<\/p>\n\n\n\n<p>A&nbsp;CIPA&nbsp;deve ser constitu\u00edda por estabelecimento, composta por representantes do empregador e dos empregados, e dimensionada de acordo com o n\u00famero de empregados e o grau de risco da atividade econ\u00f4mica da empresa.&nbsp;<\/p>\n\n\n\n<p>Dentre as responsabilidades dos integrantes da&nbsp;CIPA, destacam-se:&nbsp;<\/p>\n\n\n\n<p>&#8211; Mapear as \u00e1reas da empresa que ofere\u00e7am risco aos trabalhadores;&nbsp;<\/p>\n\n\n\n<p>&#8211; Elaborar plano de trabalho de car\u00e1ter preventivo;&nbsp;<\/p>\n\n\n\n<p>&#8211; Participar da implementa\u00e7\u00e3o das a\u00e7\u00f5es preventivas;&nbsp;<\/p>\n\n\n\n<p>&#8211; Anualmente promover a SIPAT;&nbsp;<\/p>\n\n\n\n<p>&#8211; Fazer reuni\u00f5es mensais para discutir os problemas encontrados e sugerir solu\u00e7\u00f5es.&nbsp;<\/p>\n\n\n\n<p>A CIPA da Fatec Barueri &#8211; Gest\u00e3o 2022-2023 \u00e9 composta pelos membros a seguir, conforme Ata de Posse de 22-10- 2022:<\/p>\n\n\n\n<p><strong>Profa. Dra. Viviane Minati Panzeri<\/strong><\/p>\n\n\n\n<p>Membro titular designado pelo empregador<\/p>\n\n\n\n<p><strong>Prof. Esp. Luciano Deluqui Vasques<\/strong><\/p>\n\n\n\n<p>Membro suplente designado pelo empregador<\/p>\n\n\n\n<p><strong>Prof. Dr. Nailton Santos de Matos<\/strong><\/p>\n\n\n\n<p>Membro eleito titular<\/p>\n\n\n\n<p><strong>Prof. Me. Jadir Custodio Mendon\u00e7a Junior<\/strong><\/p>\n\n\n\n<p>Membro eleito suplente<\/p>\n\n\n\n<p>A Profa. Dra. Viviane Minati Panzeri atua na fun\u00e7\u00e3o de Presidente da CIPA e o Prof. Dr. Nailton Santos de Matos na fun\u00e7\u00e3o de Vice-Presidente.<\/p>\n\n\n\n<p>Todas as atividades da&nbsp;CIPA&nbsp;s\u00e3o registradas no Sistema Horus do Centro Estadual de Educa\u00e7\u00e3o Tecnol\u00f3gica Paula Souza &#8211; CEETEPS.<\/p>\n<p><\/p>","protected":false},"excerpt":{"rendered":"<p>A Comiss\u00e3o Interna de Preven\u00e7\u00e3o de Acidentes &#8211; CIPA \u00e9 regida pela&nbsp;norma regulamentadora 05 &#8211; NR05 do MTE, criada atrav\u00e9s da Portaria MTB n. 3214 de 08-06-78 e tem como objetivo a preven\u00e7\u00e3o de acidentes e doen\u00e7as decorrentes do trabalho, de modo a tornar compat\u00edvel, de forma permanente, o trabalho com a preserva\u00e7\u00e3o da vida e a promo\u00e7\u00e3o da sa\u00fade do trabalhador. A&nbsp;CIPA&nbsp;deve ser constitu\u00edda por estabelecimento, composta por representantes do empregador e dos empregados, e dimensionada de acordo com o n\u00famero de empregados e o grau de risco da atividade econ\u00f4mica da empresa.&nbsp; Dentre as responsabilidades dos integrantes da&nbsp;CIPA,&#8230; <\/p>\n","protected":false},"author":2,"featured_media":0,"parent":0,"menu_order":0,"comment_status":"closed","ping_status":"closed","template":"template-no-sidebar.php","meta":{"footnotes":""},"class_list":["post-428","page","type-page","status-publish","hentry"],"_links":{"self":[{"href":"https:\/\/fatecbarueri.edu.br\/home\/wp-json\/wp\/v2\/pages\/428"}],"collection":[{"href":"https:\/\/fatecbarueri.edu.br\/home\/wp-json\/wp\/v2\/pages"}],"about":[{"href":"https:\/\/fatecbarueri.edu.br\/home\/wp-json\/wp\/v2\/types\/page"}],"author":[{"embeddable":true,"href":"https:\/\/fatecbarueri.edu.br\/home\/wp-json\/wp\/v2\/users\/2"}],"replies":[{"embeddable":true,"href":"https:\/\/fatecbarueri.edu.br\/home\/wp-json\/wp\/v2\/comments?post=428"}],"version-history":[{"count":1,"href":"https:\/\/fatecbarueri.edu.br\/home\/wp-json\/wp\/v2\/pages\/428\/revisions"}],"predecessor-version":[{"id":429,"href":"https:\/\/fatecbarueri.edu.br\/home\/wp-json\/wp\/v2\/pages\/428\/revisions\/429"}],"wp:attachment":[{"href":"https:\/\/fatecbarueri.edu.br\/home\/wp-json\/wp\/v2\/media?parent=428"}],"curies":[{"name":"wp","href":"https:\/\/api.w.org\/{rel}","templated":true}]}}