{"id":422,"date":"2025-05-31T21:36:19","date_gmt":"2025-05-31T21:36:19","guid":{"rendered":"https:\/\/fatecbarueri.edu.br\/home\/?page_id=422"},"modified":"2025-09-10T17:53:07","modified_gmt":"2025-09-10T17:53:07","slug":"corpo-tecnico-administrativo","status":"publish","type":"page","link":"https:\/\/fatecbarueri.edu.br\/home\/corpo-tecnico-administrativo\/","title":{"rendered":"Corpo T\u00e9cnico-Administrativo"},"content":{"rendered":"\n<p>Conhe\u00e7a o corpo t\u00e9cnico-administrativo da Fatec Barueri:<\/p>\n\n\n\n<figure class=\"wp-block-table is-style-stripes\"><table class=\"has-fixed-layout\"><tbody><tr><td><img loading=\"lazy\" decoding=\"async\" width=\"150\" height=\"150\" class=\"wp-image-651\" style=\"width: 150px;\" src=\"https:\/\/fatecbarueri.edu.br\/home\/wp-content\/uploads\/2025\/06\/image2.jpeg\" alt=\"\" srcset=\"https:\/\/fatecbarueri.edu.br\/home\/wp-content\/uploads\/2025\/06\/image2.jpeg 342w, https:\/\/fatecbarueri.edu.br\/home\/wp-content\/uploads\/2025\/06\/image2-300x300.jpeg 300w, https:\/\/fatecbarueri.edu.br\/home\/wp-content\/uploads\/2025\/06\/image2-150x150.jpeg 150w\" sizes=\"(max-width: 150px) 100vw, 150px\" \/><\/td><td>&nbsp;<br>Anna Clara Bezerra Barbosa<br><strong>Cargo:<\/strong>&nbsp;Bibliotec\u00e1ria<br><strong>Contato:<\/strong>&nbsp;<a href=\"mailto:anna.barbosa01@fatec.sp.gov.br\" target=\"_blank\" rel=\"noopener\" title=\"\">anna.barbosa01@fatec.sp.gov.br<\/a><\/td><\/tr><tr><td><\/td><td><\/td><\/tr><tr><td><img loading=\"lazy\" decoding=\"async\" width=\"150\" height=\"145\" class=\"wp-image-653\" style=\"width: 150px;\" src=\"https:\/\/fatecbarueri.edu.br\/home\/wp-content\/uploads\/2025\/06\/image4.jpeg\" alt=\"\" srcset=\"https:\/\/fatecbarueri.edu.br\/home\/wp-content\/uploads\/2025\/06\/image4.jpeg 396w, https:\/\/fatecbarueri.edu.br\/home\/wp-content\/uploads\/2025\/06\/image4-300x291.jpeg 300w\" sizes=\"(max-width: 150px) 100vw, 150px\" \/><\/td><td>Emilly Luana Jesus dos Santos<br><strong>Cargo:<\/strong>&nbsp;Agente T\u00e9cnico e Administrativo<br><strong>Contato:<\/strong>&nbsp;<a href=\"mailto:emilly.santos3@fatec.sp.gov.br\" target=\"_blank\" rel=\"noreferrer noopener\">emilly.santos3@fatec.sp.gov.br<\/a><\/td><\/tr><tr><td><img loading=\"lazy\" decoding=\"async\" width=\"150\" height=\"201\" class=\"wp-image-654\" style=\"width: 150px;\" src=\"https:\/\/fatecbarueri.edu.br\/home\/wp-content\/uploads\/2025\/06\/image5.jpeg\" alt=\"\" srcset=\"https:\/\/fatecbarueri.edu.br\/home\/wp-content\/uploads\/2025\/06\/image5.jpeg 243w, https:\/\/fatecbarueri.edu.br\/home\/wp-content\/uploads\/2025\/06\/image5-224x300.jpeg 224w\" sizes=\"(max-width: 150px) 100vw, 150px\" \/><\/td><td>J\u00fallia Campos Morais<br><strong>Cargo:<\/strong>&nbsp;Agente T\u00e9cnico e Administrativo<br><strong>Contato:<\/strong>&nbsp;<a href=\"mailto:jullia.morais@fatec.sp.gov.br\" target=\"_blank\" rel=\"noopener\" title=\"\">jullia.morais@fatec.sp.gov.br<\/a><\/td><\/tr><\/tbody><\/table><\/figure>\n\n\n\n<p><\/p>\n<p><\/p>","protected":false},"excerpt":{"rendered":"<p>Conhe\u00e7a o corpo t\u00e9cnico-administrativo da Fatec Barueri: &nbsp;Anna Clara Bezerra BarbosaCargo:&nbsp;Bibliotec\u00e1riaContato:&nbsp;anna.barbosa01@fatec.sp.gov.br Emilly Luana Jesus dos SantosCargo:&nbsp;Agente T\u00e9cnico e AdministrativoContato:&nbsp;emilly.santos3@fatec.sp.gov.br J\u00fallia Campos MoraisCargo:&nbsp;Agente T\u00e9cnico e AdministrativoContato:&nbsp;jullia.morais@fatec.sp.gov.br<\/p>\n","protected":false},"author":2,"featured_media":0,"parent":0,"menu_order":0,"comment_status":"closed","ping_status":"closed","template":"template-no-sidebar.php","meta":{"footnotes":""},"class_list":["post-422","page","type-page","status-publish","hentry"],"_links":{"self":[{"href":"https:\/\/fatecbarueri.edu.br\/home\/wp-json\/wp\/v2\/pages\/422"}],"collection":[{"href":"https:\/\/fatecbarueri.edu.br\/home\/wp-json\/wp\/v2\/pages"}],"about":[{"href":"https:\/\/fatecbarueri.edu.br\/home\/wp-json\/wp\/v2\/types\/page"}],"author":[{"embeddable":true,"href":"https:\/\/fatecbarueri.edu.br\/home\/wp-json\/wp\/v2\/users\/2"}],"replies":[{"embeddable":true,"href":"https:\/\/fatecbarueri.edu.br\/home\/wp-json\/wp\/v2\/comments?post=422"}],"version-history":[{"count":4,"href":"https:\/\/fatecbarueri.edu.br\/home\/wp-json\/wp\/v2\/pages\/422\/revisions"}],"predecessor-version":[{"id":1132,"href":"https:\/\/fatecbarueri.edu.br\/home\/wp-json\/wp\/v2\/pages\/422\/revisions\/1132"}],"wp:attachment":[{"href":"https:\/\/fatecbarueri.edu.br\/home\/wp-json\/wp\/v2\/media?parent=422"}],"curies":[{"name":"wp","href":"https:\/\/api.w.org\/{rel}","templated":true}]}}