{"id":42,"date":"2025-05-23T17:50:02","date_gmt":"2025-05-23T17:50:02","guid":{"rendered":"https:\/\/fatecbarueri.edu.br\/home\/?page_id=42"},"modified":"2025-12-15T14:48:51","modified_gmt":"2025-12-15T14:48:51","slug":"boletim-fatec-barueri","status":"publish","type":"page","link":"https:\/\/fatecbarueri.edu.br\/home\/boletim-fatec-barueri\/","title":{"rendered":"Boletim Fatec Barueri"},"content":{"rendered":"\n<p>A Fatec Barueri n\u00e3o para! Fique por dentro de todas as novidades, conquistas e realiza\u00e7\u00f5es da nossa Fatec. Baixe os boletins e veja o que est\u00e1 rolando.<\/p>\n\n\n\n<figure class=\"wp-block-image size-full\"><a href=\"https:\/\/fatecbarueri.edu.br\/home\/wp-content\/uploads\/2025\/12\/Fatec-News-Barueri-02-2025.pdf\" target=\"_blank\" rel=\"noreferrer noopener\"><img loading=\"lazy\" decoding=\"async\" width=\"1636\" height=\"1088\" src=\"https:\/\/fatecbarueri.edu.br\/home\/wp-content\/uploads\/2025\/12\/Fatec-News-Barueri-02-2025.jpg\" alt=\"Fatec News Barueri 02 - 2025\" class=\"wp-image-1204\" srcset=\"https:\/\/fatecbarueri.edu.br\/home\/wp-content\/uploads\/2025\/12\/Fatec-News-Barueri-02-2025.jpg 1636w, https:\/\/fatecbarueri.edu.br\/home\/wp-content\/uploads\/2025\/12\/Fatec-News-Barueri-02-2025-300x200.jpg 300w, https:\/\/fatecbarueri.edu.br\/home\/wp-content\/uploads\/2025\/12\/Fatec-News-Barueri-02-2025-1024x681.jpg 1024w, https:\/\/fatecbarueri.edu.br\/home\/wp-content\/uploads\/2025\/12\/Fatec-News-Barueri-02-2025-768x511.jpg 768w, https:\/\/fatecbarueri.edu.br\/home\/wp-content\/uploads\/2025\/12\/Fatec-News-Barueri-02-2025-1536x1021.jpg 1536w\" sizes=\"(max-width: 1636px) 100vw, 1636px\" \/><\/a><figcaption class=\"wp-element-caption\">Fatec News Barueri 02 &#8211; 2025<\/figcaption><\/figure>\n\n\n\n<p><\/p>\n\n\n\n<p><\/p>\n\n\n\n<figure class=\"wp-block-table is-style-stripes\"><table class=\"has-fixed-layout\"><tbody><tr><td><strong>2025<\/strong><\/td><\/tr><tr><td><a href=\"https:\/\/fatecbarueri.edu.br\/home\/wp-content\/uploads\/2025\/12\/Fatec-News-Barueri-02-2025.pdf\" data-type=\"link\" data-id=\"https:\/\/fatecbarueri.edu.br\/home\/wp-content\/uploads\/2025\/12\/Fatec-News-Barueri-02-2025.pdf\">Fatec News Edi\u00e7\u00e3o #02<\/a><\/td><\/tr><tr><td><a href=\"https:\/\/fatecbarueri.edu.br\/home\/wp-content\/uploads\/2025\/09\/Fatec_News_Barueri_01_2025_Ago_Set-1.pdf\">Fatec News Edi\u00e7\u00e3o #01<\/a><\/td><\/tr><tr><td><a href=\"https:\/\/fatecbarueri.edu.br\/home\/wp-content\/uploads\/2025\/08\/BOLETIM-2025-ED-30-5-v2.pdf\" data-type=\"link\" data-id=\"https:\/\/fatecbarueri.edu.br\/home\/wp-content\/uploads\/2025\/08\/BOLETIM-2025-ED-30-5-v2.pdf\" target=\"_blank\" rel=\"noreferrer noopener\">Boletim Informativo Fatec Barueri &#8211; Edi\u00e7\u00e3o #30<\/a><\/td><\/tr><tr><td><a href=\"https:\/\/fatecbarueri.edu.br\/home\/wp-content\/uploads\/2025\/07\/BOLETIM-2025-ED-30-4.pdf\" data-type=\"link\" data-id=\"https:\/\/fatecbarueri.edu.br\/home\/wp-content\/uploads\/2025\/05\/BOLETIM-2025-ED-29.pdf\" target=\"_blank\" rel=\"noreferrer noopener\">Boletim Informativo Fatec Barueri &#8211; Edi\u00e7\u00e3o #29<\/a><\/td><\/tr><tr><td><strong>2024<\/strong><\/td><\/tr><tr><td><a href=\"https:\/\/fatecbarueri.edu.br\/home\/wp-content\/uploads\/2025\/06\/BOLETIM-2024-ED-28.pdf\" target=\"_blank\" rel=\"noopener\" title=\"Boletim Informativo Fatec Barueri - Edi\u00e7\u00e3o #28\">Boletim Informativo Fatec Barueri &#8211; Edi\u00e7\u00e3o #28<\/a><\/td><\/tr><tr><td><a href=\"https:\/\/fatecbarueri.edu.br\/home\/wp-content\/uploads\/2025\/05\/BOLETIM-2024-ED-27.pdf\" target=\"_blank\" rel=\"noopener\" title=\"Boletim Informativo Fatec Barueri - Edi\u00e7\u00e3o #27\">Boletim Informativo Fatec Barueri &#8211; Edi\u00e7\u00e3o #27<\/a><\/td><\/tr><tr><td><a href=\"https:\/\/fatecbarueri.edu.br\/home\/wp-content\/uploads\/2024\/07\/Boletim-Informativo-Edicao-26_v2.pdf\" target=\"_blank\" rel=\"noopener\" title=\"Boletim Informativo Fatec Barueri - Edi\u00e7\u00e3o #26\">Boletim Informativo Fatec Barueri &#8211; Edi\u00e7\u00e3o #26<\/a><\/td><\/tr><tr><td><a href=\"https:\/\/fatecbarueri.edu.br\/home\/wp-content\/uploads\/2024\/06\/Boletim-Informativo-Edicao-25.pdf\" target=\"_blank\" rel=\"noopener\" title=\"Boletim Informativo Fatec Barueri - Edi\u00e7\u00e3o #25\">Boletim Informativo Fatec Barueri &#8211; Edi\u00e7\u00e3o #25<\/a><\/td><\/tr><tr><td><strong>2023<\/strong><\/td><\/tr><tr><td><a href=\"https:\/\/fatecbarueri.edu.br\/home\/wp-content\/uploads\/2025\/06\/BOLETIM-2023-ED-24_v2.pdf\" target=\"_blank\" rel=\"noopener\" title=\"Boletim Informativo Fatec Barueri - Edi\u00e7\u00e3o #24\">Boletim Informativo Fatec Barueri &#8211; Edi\u00e7\u00e3o #24<\/a><\/td><\/tr><tr><td><a href=\"https:\/\/fatecbarueri.edu.br\/home\/wp-content\/uploads\/2025\/06\/Boletim-Informativo-Edicao-23.pdf\" target=\"_blank\" rel=\"noopener\" title=\"Boletim Informativo Fatec Barueri - Edi\u00e7\u00e3o #23\">Boletim Informativo Fatec Barueri &#8211; Edi\u00e7\u00e3o #23<\/a><\/td><\/tr><tr><td><a href=\"https:\/\/fatecbarueri.edu.br\/home\/wp-content\/uploads\/2023\/07\/Boletim-Informativo-Ano-6-Edicao-22-2023.pdf\" target=\"_blank\" rel=\"noopener\" title=\"Boletim Informativo Fatec Barueri - Edi\u00e7\u00e3o #22\">Boletim Informativo Fatec Barueri &#8211; Edi\u00e7\u00e3o #22<\/a><\/td><\/tr><tr><td><a href=\"https:\/\/fatecbarueri.edu.br\/home\/wp-content\/uploads\/2023\/07\/Boletim-Informativo-Ano-6-Edicao-21-2023.pdf\" target=\"_blank\" rel=\"noopener\" title=\"Boletim Informativo Fatec Barueri - Edi\u00e7\u00e3o #21\">Boletim Informativo Fatec Barueri &#8211; Edi\u00e7\u00e3o #21<\/a><\/td><\/tr><tr><td><strong>2022<\/strong><\/td><\/tr><tr><td><a href=\"https:\/\/fatecbarueri.edu.br\/home\/wp-content\/uploads\/2022\/12\/BOLETIM-2022-2-ED-20.pdf\" target=\"_blank\" rel=\"noopener\" title=\"Boletim Informativo Fatec Barueri - Edi\u00e7\u00e3o #20\">Boletim Informativo Fatec Barueri &#8211; Edi\u00e7\u00e3o #20<\/a><\/td><\/tr><tr><td><a href=\"https:\/\/fatecbarueri.edu.br\/home\/wp-content\/uploads\/2022\/12\/BOLETIM-2022-2-ED-19.pdf\" target=\"_blank\" rel=\"noopener\" title=\"Boletim Informativo Fatec Barueri - Edi\u00e7\u00e3o #19\">Boletim Informativo Fatec Barueri &#8211; Edi\u00e7\u00e3o #19<\/a><\/td><\/tr><tr><td><a href=\"https:\/\/fatecbarueri.edu.br\/home\/wp-content\/uploads\/2022\/12\/Doc.-I-Boletim-Informativo-2022-Ed.-18a.pdf\" target=\"_blank\" rel=\"noopener\" title=\"Boletim Informativo Fatec Barueri - Edi\u00e7\u00e3o #18\">Boletim Informativo Fatec Barueri &#8211; Edi\u00e7\u00e3o #18<\/a><\/td><\/tr><tr><td><a href=\"https:\/\/fatecbarueri.edu.br\/home\/wp-content\/uploads\/2025\/06\/BOLETIM-20211-ED-17.pdf\" target=\"_blank\" rel=\"noopener\" title=\"Boletim Informativo Fatec Barueri - Edi\u00e7\u00e3o #17\">Boletim Informativo Fatec Barueri &#8211; Edi\u00e7\u00e3o #17<\/a><\/td><\/tr><tr><td><strong>2021<\/strong><\/td><\/tr><tr><td><a href=\"https:\/\/fatecbarueri.edu.br\/home\/wp-content\/uploads\/2025\/06\/Boletim-Informativo-Edicao-16.pdf\" target=\"_blank\" rel=\"noopener\" title=\"Boletim Informativo Fatec Barueri - Edi\u00e7\u00e3o #16\">Boletim Informativo Fatec Barueri &#8211; Edi\u00e7\u00e3o #16<\/a><\/td><\/tr><tr><td><a href=\"https:\/\/fatecbarueri.edu.br\/home\/wp-content\/uploads\/2025\/06\/Boletim-Informativo-Edicao-15.pdf\" target=\"_blank\" rel=\"noopener\" title=\"Boletim Informativo Fatec Barueri - Edi\u00e7\u00e3o #15\">Boletim Informativo Fatec Barueri &#8211; Edi\u00e7\u00e3o #15<\/a><\/td><\/tr><tr><td><a href=\"https:\/\/fatecbarueri.edu.br\/home\/wp-content\/uploads\/2025\/06\/Boletim-20211-Edicao-14.pdf\" target=\"_blank\" rel=\"noopener\" title=\"Boletim Informativo Fatec Barueri - Edi\u00e7\u00e3o #14\">Boletim Informativo Fatec Barueri &#8211; Edi\u00e7\u00e3o #14<\/a><\/td><\/tr><tr><td><a href=\"https:\/\/fatecbarueri.edu.br\/home\/wp-content\/uploads\/2025\/06\/BOLETIM-20211-ED-13.pdf\" target=\"_blank\" rel=\"noopener\" title=\"Boletim Informativo Fatec Barueri - Edi\u00e7\u00e3o #13\">Boletim Informativo Fatec Barueri &#8211; Edi\u00e7\u00e3o #13<\/a><\/td><\/tr><tr><td><strong>2020<\/strong><\/td><\/tr><tr><td><a href=\"https:\/\/fatecbarueri.edu.br\/home\/wp-content\/uploads\/2025\/06\/BOLETIM-20202-ED-12-menor-1.pdf\" target=\"_blank\" rel=\"noopener\" title=\"Boletim Informativo Fatec Barueri - Edi\u00e7\u00e3o #12\">Boletim Informativo Fatec Barueri &#8211; Edi\u00e7\u00e3o #12<\/a><\/td><\/tr><tr><td><a href=\"https:\/\/fatecbarueri.edu.br\/home\/wp-content\/uploads\/2025\/06\/Boletim-11-_V3.pdf\" target=\"_blank\" rel=\"noopener\" title=\"Boletim Informativo Fatec Barueri - Edi\u00e7\u00e3o #11\">Boletim Informativo Fatec Barueri &#8211; Edi\u00e7\u00e3o #11<\/a><\/td><\/tr><tr><td><a href=\"https:\/\/fatecbarueri.edu.br\/home\/wp-content\/uploads\/2025\/06\/BOLETIM-20201-ED-10.pdf\" target=\"_blank\" rel=\"noopener\" title=\"Boletim Informativo Fatec Barueri - Edi\u00e7\u00e3o #10\">Boletim Informativo Fatec Barueri &#8211; Edi\u00e7\u00e3o #10<\/a><\/td><\/tr><tr><td><a href=\"https:\/\/fatecbarueri.edu.br\/home\/wp-content\/uploads\/2025\/06\/BOLETIM-INFORMATIVO-9-VF2.pdf\" target=\"_blank\" rel=\"noopener\" title=\"Boletim Informativo Fatec Barueri - Edi\u00e7\u00e3o #09\">Boletim Informativo Fatec Barueri &#8211; Edi\u00e7\u00e3o #09<\/a><\/td><\/tr><tr><td><strong>2019<\/strong><\/td><\/tr><tr><td><a href=\"https:\/\/fatecbarueri.edu.br\/home\/wp-content\/uploads\/2025\/06\/Boletim-Informativo-Setembro-Dezembro-2019-ed-08.pdf\" target=\"_blank\" rel=\"noopener\" title=\"Boletim Informativo Fatec Barueri - Edi\u00e7\u00e3o #08\">Boletim Informativo Fatec Barueri &#8211; Edi\u00e7\u00e3o #08<\/a><\/td><\/tr><tr><td><a href=\"https:\/\/fatecbarueri.edu.br\/home\/wp-content\/uploads\/2025\/06\/Fatec-Barueri-BOLETIM-Informativo-ANO-2-7a-Edicao-Edicao-ESPECIAL-2019-FINAL.pdf\" target=\"_blank\" rel=\"noopener\" title=\"Boletim Informativo Fatec Barueri - Edi\u00e7\u00e3o #07\">Boletim Informativo Fatec Barueri &#8211; Edi\u00e7\u00e3o #07<\/a><\/td><\/tr><tr><td><a href=\"https:\/\/fatecbarueri.edu.br\/home\/wp-content\/uploads\/2025\/06\/Fatec-Barueri-BOLETIM-Informativo-ANO-2-6a-Edicao-MAR-2019-.pdf\" target=\"_blank\" rel=\"noopener\" title=\"Boletim Informativo Fatec Barueri - Edi\u00e7\u00e3o #06\">Boletim Informativo Fatec Barueri &#8211; Edi\u00e7\u00e3o #06<\/a><\/td><\/tr><tr><td><strong>2018<\/strong><\/td><\/tr><tr><td><a href=\"https:\/\/fatecbarueri.edu.br\/home\/wp-content\/uploads\/2025\/06\/Fatec-Barueri-BOLETIM-INFORMATIVO-Ano-2-Edicao-5-2019-1.pdf\" target=\"_blank\" rel=\"noopener\" title=\"Boletim Informativo Fatec Barueri - Edi\u00e7\u00e3o #05\">Boletim Informativo Fatec Barueri &#8211; Edi\u00e7\u00e3o #05<\/a><\/td><\/tr><tr><td><a href=\"https:\/\/fatecbarueri.edu.br\/home\/wp-content\/uploads\/2025\/06\/Boletim-Informativo-Novembro-Dezembro-2018-ed-04.pdf\" target=\"_blank\" rel=\"noopener\" title=\"Boletim Informativo Fatec Barueri - Edi\u00e7\u00e3o #04\">Boletim Informativo Fatec Barueri &#8211; Edi\u00e7\u00e3o #04<\/a><\/td><\/tr><tr><td><a href=\"https:\/\/fatecbarueri.edu.br\/home\/wp-content\/uploads\/2025\/06\/Boletim-FATEC-03-de-2018-REV01.pdf\" target=\"_blank\" rel=\"noopener\" title=\"Boletim Informativo Fatec Barueri - Edi\u00e7\u00e3o #03\">Boletim Informativo Fatec Barueri &#8211; Edi\u00e7\u00e3o #03<\/a><\/td><\/tr><tr><td><a href=\"https:\/\/fatecbarueri.edu.br\/home\/wp-content\/uploads\/2025\/06\/Boletim-FATEC-02-de-2018-REV01.pdf\" target=\"_blank\" rel=\"noopener\" title=\"Boletim Informativo Fatec Barueri - Edi\u00e7\u00e3o #02\">Boletim Informativo Fatec Barueri &#8211; Edi\u00e7\u00e3o #02<\/a><\/td><\/tr><tr><td><a title=\"Boletim Informativo Fatec Barueri - Edi\u00e7\u00e3o #01\" href=\"https:\/\/fatecbarueri.edu.br\/home\/wp-content\/uploads\/2025\/06\/Fatec-Barueri-BOLETIM-Informativo-N-1-1a-Edicao-AGOSTO-2018.pdf\" target=\"_blank\" rel=\"noopener\">Boletim Informativo Fatec Barueri &#8211; Edi\u00e7\u00e3o #01<\/a><\/td><\/tr><\/tbody><\/table><\/figure>\n\n\n\n<p><\/p>\n\n\n\n<p><\/p>\n<p><\/p>","protected":false},"excerpt":{"rendered":"<p>A Fatec Barueri n\u00e3o para! Fique por dentro de todas as novidades, conquistas e realiza\u00e7\u00f5es da nossa Fatec. Baixe os boletins e veja o que est\u00e1 rolando. 2025 Fatec News Edi\u00e7\u00e3o #02 Fatec News Edi\u00e7\u00e3o #01 Boletim Informativo Fatec Barueri &#8211; Edi\u00e7\u00e3o #30 Boletim Informativo Fatec Barueri &#8211; Edi\u00e7\u00e3o #29 2024 Boletim Informativo Fatec Barueri &#8211; Edi\u00e7\u00e3o #28 Boletim Informativo Fatec Barueri &#8211; Edi\u00e7\u00e3o #27 Boletim Informativo Fatec Barueri &#8211; Edi\u00e7\u00e3o #26 Boletim Informativo Fatec Barueri &#8211; Edi\u00e7\u00e3o #25 2023 Boletim Informativo Fatec Barueri &#8211; Edi\u00e7\u00e3o #24 Boletim Informativo Fatec Barueri &#8211; Edi\u00e7\u00e3o #23 Boletim Informativo Fatec Barueri &#8211; Edi\u00e7\u00e3o&#8230; <\/p>\n","protected":false},"author":2,"featured_media":0,"parent":0,"menu_order":0,"comment_status":"closed","ping_status":"closed","template":"template-no-sidebar.php","meta":{"footnotes":""},"class_list":["post-42","page","type-page","status-publish","hentry"],"_links":{"self":[{"href":"https:\/\/fatecbarueri.edu.br\/home\/wp-json\/wp\/v2\/pages\/42"}],"collection":[{"href":"https:\/\/fatecbarueri.edu.br\/home\/wp-json\/wp\/v2\/pages"}],"about":[{"href":"https:\/\/fatecbarueri.edu.br\/home\/wp-json\/wp\/v2\/types\/page"}],"author":[{"embeddable":true,"href":"https:\/\/fatecbarueri.edu.br\/home\/wp-json\/wp\/v2\/users\/2"}],"replies":[{"embeddable":true,"href":"https:\/\/fatecbarueri.edu.br\/home\/wp-json\/wp\/v2\/comments?post=42"}],"version-history":[{"count":33,"href":"https:\/\/fatecbarueri.edu.br\/home\/wp-json\/wp\/v2\/pages\/42\/revisions"}],"predecessor-version":[{"id":1207,"href":"https:\/\/fatecbarueri.edu.br\/home\/wp-json\/wp\/v2\/pages\/42\/revisions\/1207"}],"wp:attachment":[{"href":"https:\/\/fatecbarueri.edu.br\/home\/wp-json\/wp\/v2\/media?parent=42"}],"curies":[{"name":"wp","href":"https:\/\/api.w.org\/{rel}","templated":true}]}}