{"id":415,"date":"2025-05-31T21:29:09","date_gmt":"2025-05-31T21:29:09","guid":{"rendered":"https:\/\/fatecbarueri.edu.br\/home\/?page_id=415"},"modified":"2025-09-10T19:07:54","modified_gmt":"2025-09-10T19:07:54","slug":"nucleos-docentes-estruturantes","status":"publish","type":"page","link":"https:\/\/fatecbarueri.edu.br\/home\/nucleos-docentes-estruturantes\/","title":{"rendered":"N\u00facleos Docentes Estruturantes"},"content":{"rendered":"\n<p><strong>Cada Curso Superior de Tecnologia da Fatec Barueri<\/strong>, em conformidade com o Regimento das Faculdades de Tecnologia \u2013 Fatecs \u2013 do Centro Estadual de Educa\u00e7\u00e3o Tecnol\u00f3gica Paula Souza \u2013 Ceeteps, deve formar o seu N\u00facleo Docente Estruturante &#8211; NDE.<\/p>\n\n\n\n<p>O NDE de um curso de gradua\u00e7\u00e3o <strong>constitui-se de um grupo de docentes com atribui\u00e7\u00f5es acad\u00eamicas para atuar no processo de concep\u00e7\u00e3o, consolida\u00e7\u00e3o e cont\u00ednua atualiza\u00e7\u00e3o do Projeto Pedag\u00f3gico do Curso (PPC)<\/strong>, em conson\u00e2ncia com a Unidade do Ensino Superior de Gradua\u00e7\u00e3o \u2013 Cesu do Ceeteps.<\/p>\n\n\n\n<p>Conhe\u00e7a os membros dos N\u00facleos Docentes Estruturantes dos Cursos Superiores de Tecnologia oferecidos pela Fatec Barueri:<\/p>\n\n\n\n<figure class=\"wp-block-table is-style-stripes\"><table class=\"has-fixed-layout\"><tbody><tr><td><strong>Curso Superior de Tecnologia em Com\u00e9rcio Exterior<\/strong><\/td><\/tr><tr><td>Prof. Me. Antonio Fernando Degobbi<br>Prof. Me. Givan Aparecido Fortuoso da Silva<br>Prof. Dr. Oswaldo Soul\u00e9 Junior<br>Prof. Me. Tadeu Zaccarelli Tavares<br>Prof. Me. Gustavo Cardoso Garcia<\/td><\/tr><tr><td><strong>Curso Superior de Tecnologia em Design de M\u00eddias Digitais<\/strong><\/td><\/tr><tr><td>Profa. Me. Ernestina de Lourdes Cardoso Frigelg<br>Prof. Esp. Josenilson Costa de Oliveira<br>Prof. Esp. Luciano Deluqui Vasques<br>Prof. Dr. Nailton Santos de Matos<\/td><\/tr><tr><td><strong>Curso Superior de Tecnologia em Gest\u00e3o de Eventos<\/strong><\/td><\/tr><tr><td>Profa. Me. Isabel Cristina Contro Castaldo<br>Profa. Me. Maria Carolina Muniz e Silva de Brito<br>Prof. Me. Gustavo Cardoso Garcia<br>Prof. Esp. Josenilson Costa de Oliveira<br>Profa. Dra. Viviane Veiga Shibaki<\/td><\/tr><tr><td><strong>Curso Superior de Tecnologia em Gest\u00e3o da Tecnologia da Informa\u00e7\u00e3o<\/strong><\/td><\/tr><tr><td>Prof. Esp. Luciano Deluqui Vasques<br>Profa. Me. Monica Cairr\u00e3o Rodrigues<br>Prof. Dr. Nailton Santos de Matos<br>Prof. Dr. Oswaldo Soul\u00e9 Junior<br>Prof. Dr. Paulo Rogerio de Medeiros<br>Prof. Me. Antonio Fernando Degobbi<\/td><\/tr><tr><td><strong>Curso Superior de Tecnologia em Gest\u00e3o de Recursos Humanos<\/strong><\/td><\/tr><tr><td>Profa. Dra. Alair Helena Ferreira<br>Prof. Me. Carlos Antonio de Lima Penhalber<br>Prof. Me. Gustavo Cardoso Garcia<br>Prof. Dr. Nailton Santos de Matos<br>Prof. Dr. Paulo Rog\u00e9rio de Medeiros<br>Prof. Dr. Donizetti Le\u00f4nidas de Paiva<\/td><\/tr><tr><td><strong>Curso Superior de Tecnologia em Log\u00edstica<\/strong><\/td><\/tr><tr><td>Prof. Esp. Daniel Batista de Almeida<br>Prof. Me. Joelson Alves do Nascimento<br>Prof. Dr. Walter Aloisio Santana<\/td><\/tr><tr><td><strong>Curso Superior de Tecnologia em Transporte Terrestre<\/strong><\/td><\/tr><tr><td>Prof. Dr. Germano Manuel Correia<br>Prof. Dr. Eik Ten\u00f3rio<br>Profa. Dra. Lilian Marques Silva<br>Prof. Dr. Sandro Francisco Detoni<br>Prof. Me. Tadeu Zaccarelli Tavares<br>Profa. Dra. Juliana Pellegrinelli Barbosa Costa<\/td><\/tr><tr><td><strong>Curso Superior de Tecnologia em Gest\u00e3o de Com\u00e9rcio Eletr\u00f4nico<\/strong><\/td><\/tr><tr><td>Prof. Me. Marcos Ant\u00f4nio de Andrade<br>Prof. Esp. Daniel Batista de Almeida<br>Prof. Dr. Germano Manuel Correia<br>Prof. Me. Joelson Alves do Nascimento<br>Profa. Me. Monica Cairr\u00e3o Rodrigues<br>Prof. Dr. Nailton Santos de Matos<\/td><\/tr><tr><td><strong>Curso Superior de Tecnologia em Gest\u00e3o de Neg\u00f3cios e Pessoas<\/strong><\/td><\/tr><tr><td>Prof. Me. Carlos Antonio de Lima Penhalber<br>Prof. Me. Gustavo Cardoso Garcia<br>Prof. Dr. Nailton Santos de Matos<br>Prof. Dr. Paulo Rog\u00e9rio de Medeiros<\/td><\/tr><\/tbody><\/table><\/figure>\n\n\n\n<p><strong>Saiba mais sobre os N\u00facleos Docentes Estruturantes dos Cursos Superiores de Tecnologia oferecidos pela Fatec Barueri<\/strong> lendo os artigos 29 a 31 do Regimento das Fatecs do Ceeteps. Nestas disposi\u00e7\u00f5es normativas h\u00e1 diretrizes sobre a constitui\u00e7\u00e3o, forma de composi\u00e7\u00e3o e din\u00e2mica de funcionamento.<\/p>\n\n\n\n<p><\/p>\n<p><\/p>","protected":false},"excerpt":{"rendered":"<p>Cada Curso Superior de Tecnologia da Fatec Barueri, em conformidade com o Regimento das Faculdades de Tecnologia \u2013 Fatecs \u2013 do Centro Estadual de Educa\u00e7\u00e3o Tecnol\u00f3gica Paula Souza \u2013 Ceeteps, deve formar o seu N\u00facleo Docente Estruturante &#8211; NDE. O NDE de um curso de gradua\u00e7\u00e3o constitui-se de um grupo de docentes com atribui\u00e7\u00f5es acad\u00eamicas para atuar no processo de concep\u00e7\u00e3o, consolida\u00e7\u00e3o e cont\u00ednua atualiza\u00e7\u00e3o do Projeto Pedag\u00f3gico do Curso (PPC), em conson\u00e2ncia com a Unidade do Ensino Superior de Gradua\u00e7\u00e3o \u2013 Cesu do Ceeteps. Conhe\u00e7a os membros dos N\u00facleos Docentes Estruturantes dos Cursos Superiores de Tecnologia oferecidos pela Fatec&#8230; <\/p>\n","protected":false},"author":2,"featured_media":0,"parent":0,"menu_order":0,"comment_status":"closed","ping_status":"closed","template":"template-no-sidebar.php","meta":{"footnotes":""},"class_list":["post-415","page","type-page","status-publish","hentry"],"_links":{"self":[{"href":"https:\/\/fatecbarueri.edu.br\/home\/wp-json\/wp\/v2\/pages\/415"}],"collection":[{"href":"https:\/\/fatecbarueri.edu.br\/home\/wp-json\/wp\/v2\/pages"}],"about":[{"href":"https:\/\/fatecbarueri.edu.br\/home\/wp-json\/wp\/v2\/types\/page"}],"author":[{"embeddable":true,"href":"https:\/\/fatecbarueri.edu.br\/home\/wp-json\/wp\/v2\/users\/2"}],"replies":[{"embeddable":true,"href":"https:\/\/fatecbarueri.edu.br\/home\/wp-json\/wp\/v2\/comments?post=415"}],"version-history":[{"count":5,"href":"https:\/\/fatecbarueri.edu.br\/home\/wp-json\/wp\/v2\/pages\/415\/revisions"}],"predecessor-version":[{"id":1145,"href":"https:\/\/fatecbarueri.edu.br\/home\/wp-json\/wp\/v2\/pages\/415\/revisions\/1145"}],"wp:attachment":[{"href":"https:\/\/fatecbarueri.edu.br\/home\/wp-json\/wp\/v2\/media?parent=415"}],"curies":[{"name":"wp","href":"https:\/\/api.w.org\/{rel}","templated":true}]}}