{"id":400,"date":"2025-05-31T20:56:10","date_gmt":"2025-05-31T20:56:10","guid":{"rendered":"https:\/\/fatecbarueri.edu.br\/home\/?page_id=400"},"modified":"2025-09-10T18:08:39","modified_gmt":"2025-09-10T18:08:39","slug":"diretoria","status":"publish","type":"page","link":"https:\/\/fatecbarueri.edu.br\/home\/diretoria\/","title":{"rendered":"Coordenadora da Fatec Barueri"},"content":{"rendered":"\n<p><strong>A Coordena\u00e7\u00e3o da Fatec Barueri<\/strong>, em conformidade com o Regimento das Faculdades de Tecnologia \u2013 Fatecs \u2013 do Centro Estadual de Educa\u00e7\u00e3o Tecnol\u00f3gica Paula Souza \u2013 Ceeteps, <strong>\u00e9 \u00f3rg\u00e3o executivo encarregado de dirigir e coordenar as atividades da Faculdade.<\/strong><\/p>\n\n\n\n<p>A escolha do(a) Coordenador(a) \u00e9 feita pelo(a) Presidente do Ceeteps, com base em lista tr\u00edplice elaborada pela Congrega\u00e7\u00e3o, para exerc\u00edcio do mandato.<\/p>\n\n\n\n<div class=\"wp-block-media-text is-stacked-on-mobile is-vertically-aligned-top\" style=\"grid-template-columns:24% auto\"><figure class=\"wp-block-media-text__media\"><img loading=\"lazy\" decoding=\"async\" width=\"665\" height=\"745\" src=\"https:\/\/fatecbarueri.edu.br\/home\/wp-content\/uploads\/2025\/09\/WhatsApp-Image-2025-09-10-at-13.08.26.jpeg\" alt=\"\" class=\"wp-image-1135 size-full\" srcset=\"https:\/\/fatecbarueri.edu.br\/home\/wp-content\/uploads\/2025\/09\/WhatsApp-Image-2025-09-10-at-13.08.26.jpeg 665w, https:\/\/fatecbarueri.edu.br\/home\/wp-content\/uploads\/2025\/09\/WhatsApp-Image-2025-09-10-at-13.08.26-268x300.jpeg 268w\" sizes=\"(max-width: 665px) 100vw, 665px\" \/><\/figure><div class=\"wp-block-media-text__content\">\n<p>A Coordena\u00e7\u00e3o da Fatec Barueri <strong>\u00e9 exercida pela Profa. Dra. Viviane Minati Panzeri<\/strong>, e composta pela Chefia de Servi\u00e7os Administrativos e pela Chefia de Servi\u00e7os Acad\u00eamicos.<\/p>\n\n\n\n<p><\/p>\n<\/div><\/div>\n\n\n\n<p><strong>Saiba mais sobre a Coordena\u00e7\u00e3o da Fatec Barueri lendo os artigos 14 a 18 do Regimento das Fatecs do Ceeteps<\/strong>. Nestas disposi\u00e7\u00f5es normativas h\u00e1 diretrizes sobre a escolha de diretor(a), requisitos para exerc\u00edcio do cargo e suas atribui\u00e7\u00f5es.<\/p>\n\n\n\n<p><\/p>\n<p><\/p>","protected":false},"excerpt":{"rendered":"<p>A Coordena\u00e7\u00e3o da Fatec Barueri, em conformidade com o Regimento das Faculdades de Tecnologia \u2013 Fatecs \u2013 do Centro Estadual de Educa\u00e7\u00e3o Tecnol\u00f3gica Paula Souza \u2013 Ceeteps, \u00e9 \u00f3rg\u00e3o executivo encarregado de dirigir e coordenar as atividades da Faculdade. A escolha do(a) Coordenador(a) \u00e9 feita pelo(a) Presidente do Ceeteps, com base em lista tr\u00edplice elaborada pela Congrega\u00e7\u00e3o, para exerc\u00edcio do mandato. A Coordena\u00e7\u00e3o da Fatec Barueri \u00e9 exercida pela Profa. Dra. Viviane Minati Panzeri, e composta pela Chefia de Servi\u00e7os Administrativos e pela Chefia de Servi\u00e7os Acad\u00eamicos. Saiba mais sobre a Coordena\u00e7\u00e3o da Fatec Barueri lendo os artigos 14 a&#8230; <\/p>\n","protected":false},"author":2,"featured_media":0,"parent":0,"menu_order":0,"comment_status":"closed","ping_status":"closed","template":"template-no-sidebar.php","meta":{"footnotes":""},"class_list":["post-400","page","type-page","status-publish","hentry"],"_links":{"self":[{"href":"https:\/\/fatecbarueri.edu.br\/home\/wp-json\/wp\/v2\/pages\/400"}],"collection":[{"href":"https:\/\/fatecbarueri.edu.br\/home\/wp-json\/wp\/v2\/pages"}],"about":[{"href":"https:\/\/fatecbarueri.edu.br\/home\/wp-json\/wp\/v2\/types\/page"}],"author":[{"embeddable":true,"href":"https:\/\/fatecbarueri.edu.br\/home\/wp-json\/wp\/v2\/users\/2"}],"replies":[{"embeddable":true,"href":"https:\/\/fatecbarueri.edu.br\/home\/wp-json\/wp\/v2\/comments?post=400"}],"version-history":[{"count":4,"href":"https:\/\/fatecbarueri.edu.br\/home\/wp-json\/wp\/v2\/pages\/400\/revisions"}],"predecessor-version":[{"id":1138,"href":"https:\/\/fatecbarueri.edu.br\/home\/wp-json\/wp\/v2\/pages\/400\/revisions\/1138"}],"wp:attachment":[{"href":"https:\/\/fatecbarueri.edu.br\/home\/wp-json\/wp\/v2\/media?parent=400"}],"curies":[{"name":"wp","href":"https:\/\/api.w.org\/{rel}","templated":true}]}}