{"id":38,"date":"2025-05-23T17:46:09","date_gmt":"2025-05-23T17:46:09","guid":{"rendered":"https:\/\/fatecbarueri.edu.br\/home\/?page_id=38"},"modified":"2025-07-15T15:08:41","modified_gmt":"2025-07-15T15:08:41","slug":"areas-de-pesquisa","status":"publish","type":"page","link":"https:\/\/fatecbarueri.edu.br\/home\/areas-de-pesquisa\/","title":{"rendered":"\u00c1reas de Pesquisa"},"content":{"rendered":"\n<p>A Fatec Barueri tem&nbsp;desenvolvido&nbsp;estrat\u00e9gias para o <strong>fortalecimento do trip\u00e9&nbsp;ensino-pesquisa-extens\u00e3o<\/strong>,&nbsp;posto a produ\u00e7\u00e3o cient\u00edfica nas institui\u00e7\u00f5es de ensino de n\u00edvel superior ocupar um espa\u00e7o fundamental na forma\u00e7\u00e3o superior.<\/p>\n\n\n\n<p>Assim, atua com <strong>linhas&nbsp;de&nbsp;pesquisa&nbsp;que se articulam com as \u00e1reas&nbsp;de&nbsp;concentra\u00e7\u00e3o dos cursos superiores ofertados e&nbsp;com a Revista Cient\u00edfica InGeTec<\/strong>, a saber: inova\u00e7\u00e3o, gest\u00e3o&nbsp;e&nbsp;tecnologia.<\/p>\n\n\n\n<p><strong>Conhe\u00e7a as \u00e1reas de concentra\u00e7\u00e3o e as linhas de pesquisa<\/strong> da Fatec Barueri:<\/p>\n\n\n\n<figure class=\"wp-block-table is-style-stripes\"><table class=\"has-fixed-layout\"><tbody><tr><td rowspan=\"8\"><strong>\u00c1rea 1: Inova\u00e7\u00e3o<\/strong> <strong>&nbsp;<\/strong> <br>Esta \u00e1rea tem foco o estudo cr\u00edtico e anal\u00edtico dos processos e das metodologias utilizados para melhoria e implementa\u00e7\u00e3o de novos processos, permeadas pelo uso de tecnologias, com a finalidade de gerar, analisar e difundir a constru\u00e7\u00e3o de novos conhecimentos e pr\u00e1ticas na atualidade, com destaque ao papel da gest\u00e3o e do uso da informa\u00e7\u00e3o como estrat\u00e9gia de inova\u00e7\u00e3o para diferentes modelos de neg\u00f3cios.&nbsp; Considera as a\u00e7\u00f5es inovadoras e os novos neg\u00f3cios que contemplam diferentes tipos de inova\u00e7\u00e3o tais como inova\u00e7\u00e3o de produtos e servi\u00e7os; inova\u00e7\u00e3o de processos; inova\u00e7\u00e3o de gest\u00e3o ou organizacional; inova\u00e7\u00e3o de modelo de neg\u00f3cios.<\/td><td><strong><u>Empreendedorismo<\/u><\/strong>: Contempla as a\u00e7\u00f5es direcionadas \u00e0 cria\u00e7\u00e3o de novos modelos de neg\u00f3cios e a rela\u00e7\u00e3o o dessas empresas com o ecossistema de inova\u00e7\u00e3o tais como incubadoras, parques tecnol\u00f3gicos, fontes de financiamento, governo, universidades, etc.<\/td><\/tr><tr><td><strong><u>Educa\u00e7\u00e3o corporativa<\/u><\/strong>: Contempla estudos com foco em pol\u00edticas e pr\u00e1ticas em organiza\u00e7\u00f5es que aprendem. Busca ainda analisar as abordagens pedag\u00f3gicas, bem como identificar Indicadores de aprendizagem em processos cont\u00ednuos de desenvolvimento organizacional e profissional.<\/td><\/tr><tr><td><strong><u>Inova\u00e7\u00e3o em gest\u00e3o organizacional<\/u><\/strong>: Contempla estudos sobre as estrat\u00e9gias e processos de implementa\u00e7\u00e3o da gest\u00e3o. Tem interesse em verificar os crit\u00e9rios de avalia\u00e7\u00e3o e melhoria cont\u00ednua das organiza\u00e7\u00f5es nos que se refere a quest\u00f5es como sustentabilidade; planejamento, produtividade, competitividade e&nbsp;&nbsp; estrat\u00e9gias para implementa\u00e7\u00e3o de inova\u00e7\u00e3o tecnol\u00f3gica.<\/td><\/tr><tr><td><strong><u>Gest\u00e3o de projetos e tecnologias emergentes<\/u><\/strong>: Compreende estudos que t\u00eam como objetivo analisar estrat\u00e9gias e processos de implementa\u00e7\u00e3o de projetos de gest\u00e3o com foco no planejamento e gest\u00e3o de projetos no contexto das tecnologias emergentes.<\/td><\/tr><tr><td><strong><u>Inova\u00e7\u00e3o e competitividade<\/u><\/strong>: Contempla estudos sobre as dimens\u00f5es relacionadas \u00e0 inova\u00e7\u00e3o e \u00e0 competitividade como fator de crescimento, desenvolvimento e sustentabilidade das organiza\u00e7\u00f5es em cen\u00e1rios de mercados regionais, nacionais e internacionais<\/td><\/tr><tr><td><strong><u>Informa\u00e7\u00e3o e conhecimento para Inova\u00e7\u00e3o<\/u><\/strong>: Compreende os estudos sobre gest\u00e3o, organiza\u00e7\u00e3o, media\u00e7\u00e3o, visibilidade e acesso \u00e0 informa\u00e7\u00e3o e ao conhecimento considerando-os como elementos estrat\u00e9gicos para a inova\u00e7\u00e3o.<\/td><\/tr><tr><td><strong><u>Desenvolvimento de Projetos, Produtos e Processos<\/u><\/strong>: Compreende estudos que tem como objetivo analisar estrat\u00e9gias e gest\u00e3o de projetos, design de inova\u00e7\u00e3o, metodologias de pesquisa e desenvolvimento de novos produtos e processos.<\/td><\/tr><tr><td><strong><u>Estrutura e Din\u00e2mica Organizacional<\/u><\/strong>: Desenvolve estudos relacionados \u00e0 estrutura, \u00e0 din\u00e2mica organizacional e dos elementos internos e externos das organiza\u00e7\u00f5es, atinentes aos seus objetivos, metas e indicadores de avalia\u00e7\u00e3o.<\/td><\/tr><tr><td rowspan=\"9\"><strong>\u00c1rea 2: Gest\u00e3o<\/strong> <strong>&nbsp;<\/strong> <br>Esta \u00e1rea tem como foco a compreens\u00e3o dos conceitos organizacionais e as inter-rela\u00e7\u00f5es entre sujeitos, organiza\u00e7\u00f5es e ambiente. As linhas de pesquisa desta \u00e1rea buscam compreender e analisar as din\u00e2micas destas rela\u00e7\u00f5es, com interesse em identificar os diferentes impactos sobre o desenvolvimento intra e inter organizacional que estes modelos de gest\u00e3o podem proporcionar.<\/td><td><strong><u>Gest\u00e3o de servi\u00e7os<\/u><\/strong>: Contempla estudos com foco em teorias, princ\u00edpios e finalidades da administra\u00e7\u00e3o\/organiza\u00e7\u00e3o de servi\u00e7os, gerenciamento e modelos de servi\u00e7os.<\/td><\/tr><tr><td><strong><u>Gest\u00e3o de neg\u00f3cios e internacionaliza\u00e7\u00e3o<\/u><\/strong>: Compreende estudos sobre temas relacionados as estrat\u00e9gias de internacionaliza\u00e7\u00e3o das empresas para o fortalecimento da posi\u00e7\u00e3o comercial, a normaliza\u00e7\u00e3o dos processos em cen\u00e1rios internacionais.<\/td><\/tr><tr><td><strong><u>Gest\u00e3o da tecnologia da informa\u00e7\u00e3o<\/u><\/strong>: Tem como foco estudos sobre a gest\u00e3o da Tecnologia da Informa\u00e7\u00e3o, visando ao desenvolvimento de teorias, modelos e pr\u00e1ticas para aplica\u00e7\u00e3o nas organiza\u00e7\u00f5es.<\/td><\/tr><tr><td><strong><u>Estrat\u00e9gias de gest\u00e3o e sociedade<\/u><\/strong>: Compreende estudos sobre a gest\u00e3o de pessoas e rela\u00e7\u00f5es de trabalho, do desenvolvimento sustent\u00e1vel e das organiza\u00e7\u00f5es e suas articula\u00e7\u00f5es com mercado e sociedade.<\/td><\/tr><tr><td><strong><u>Pol\u00edticas e gest\u00e3o da informa\u00e7\u00e3o e do conhecimento<\/u><\/strong>: Contempla estudos sobre gest\u00e3o por compet\u00eancias, modelos de lideran\u00e7a e desenvolvimento gerencial, trabalho em equipe, cultura e clima organizacional.<\/td><\/tr><tr><td><strong><u>\u00c9tica e governan\u00e7a corporativa<\/u><\/strong>: Compreende estudos anal\u00edticos que englobam conceitos e pr\u00e1ticas de \u00e9tica e governan\u00e7a corporativa, refletindo sobre os seus efeitos sobre os resultados, o engajamento e a produtividade das organiza\u00e7\u00f5es.<\/td><\/tr><tr><td><strong><u>Gest\u00e3o e sustentabilidade<\/u><\/strong>: Essa linha de pesquisa tem por objetivo estudos que buscam compreender os desafios e benef\u00edcios para implementa\u00e7\u00e3o de projeto de sustentabilidade tendo como foco a an\u00e1lise de a\u00e7\u00f5es e\/ou defini\u00e7\u00f5es de pol\u00edticas de gest\u00e3o ambiental nas organiza\u00e7\u00f5es<\/td><\/tr><tr><td><strong><u>Finan\u00e7as e gest\u00e3o organizacional<\/u><\/strong>: Contempla estudos que envolvem aspectos relacionados \u00e0s estrat\u00e9gias de mercado, gest\u00e3o financeira, controladoria e tomada de decis\u00e3o.<\/td><\/tr><tr><td><strong><u>Linguagens, Comunica\u00e7\u00e3o organizacional:<\/u><\/strong> Compreen-de estudos sobre as diferentes manifesta\u00e7\u00f5es das linguagens \u2013 oral, escrita, imag\u00e9tica fixa e audiovisual, empregadas na comunica\u00e7\u00e3o no ambiente organizacional, buscando entender os modos de elabora\u00e7\u00e3o, divulga\u00e7\u00e3o e recep\u00e7\u00e3o e impacto que a comunica\u00e7\u00e3o pode produzir na gest\u00e3o estrat\u00e9gica das organiza\u00e7\u00f5es. &nbsp;<\/td><\/tr><tr><td rowspan=\"6\"><strong>\u00c1rea 3: Tecnologia<\/strong> <strong>&nbsp;<\/strong> <br>Esta \u00e1rea tem como foco estudos sobre o papel das tecnologias nos processos inovativos que viabilizem a apropria\u00e7\u00e3o, transfer\u00eancia, gerenciamento, an\u00e1lise e melhoria de processos no ambiente organizacional, potencializando a arquitetura da informa\u00e7\u00e3o, bases de dados, redes e sistemas de informa\u00e7\u00e3o cient\u00edfica e tecnol\u00f3gica.<\/td><td><strong><u>Tecnologia, Inova\u00e7\u00e3o e Sociedade<\/u><\/strong>: Os estudos dessa linha tem como objetivo a reflex\u00e3o e o desenvolvimento de investiga\u00e7\u00f5es sobre as rela\u00e7\u00f5es entre Ci\u00eancia, Tecnologia e Sociedade, bem como a natureza, a apropria\u00e7\u00e3o, a constru\u00e7\u00e3o, a avalia\u00e7\u00e3o social e os impactos das tecnologias na sociedade.<\/td><\/tr><tr><td><strong><u>Tecnologias e ferramentas de gest\u00e3o<\/u><\/strong>: Compreende o estudo de tecnologias, recursos e ferramentas no processo de gest\u00e3o, al\u00e9m de investigar as potencialidades e possibilidades de uso de tecnologias que possam contribuir para potencializar resultados nas organiza\u00e7\u00f5es.<\/td><\/tr><tr><td><strong><u>Informa\u00e7\u00e3o, Comunica\u00e7\u00e3o e Processos Tecnol\u00f3gicos<\/u><\/strong>: Contempla&nbsp; estudos sobre o papel de das tecnologias nos processos inovativos, os sistemas de informa\u00e7\u00e3o como suporte estrat\u00e9gico para tomada de decis\u00e3o, al\u00e9m de&nbsp; analisar pol\u00edticas, processos, procedimentos, atividades, teorias e metodologias que integram a rede sociot\u00e9cnica e processos tecnol\u00f3gicos, em contextos local, regional, nacional e internacional<\/td><\/tr><tr><td><strong><u>Tecnologias em Processos e Produtos<\/u><\/strong>: Compreende estudos voltados para aplica\u00e7\u00e3o de tecnologias no \u00e2mbito da melhoria de processos e produtos em sistemas de produ\u00e7\u00e3o e para&nbsp; utiliza\u00e7\u00e3o de t\u00e9cnicas de monitoramento e an\u00e1lise de par\u00e2metros em busca de solu\u00e7\u00f5es otimizadas e vi\u00e1veis economicamente para produtos e servi\u00e7os..<\/td><\/tr><tr><td><strong><u>M\u00eddias, Comunica\u00e7\u00e3o e Tecnologia<\/u><\/strong>: Contempla estudos, propostas, produtos e pesquisas interdisciplinares que problematizem os aspectos que dizem respeito \u00e0 interface entre m\u00eddias digitais e suas rela\u00e7\u00f5es com as tecnologias.<\/td><\/tr><tr><td><strong><u>Ind\u00fastria 4.0: impactos, benef\u00edcios e tecnologias<\/u><\/strong>: Contempla estudos interdisciplinares que analisa como tecnologias da Ind\u00fastria 4.0 impacta no jeito de ser e agir das organiza\u00e7\u00f5es, al\u00e9m de verificar quais os desafios para&nbsp; implementa\u00e7\u00e3o destas tecnologias em diferentes modelos de neg\u00f3cio.<\/td><\/tr><\/tbody><\/table><\/figure>\n\n\n\n<p><strong>Conhe\u00e7a os docentes da Fatec Barueri<\/strong>, sob o escopo do interesse acad\u00eamico alinhado \u00e0s \u00e1reas de concentra\u00e7\u00e3o e \u00e0s linhas de pesquisa:<\/p>\n\n\n\n<p><strong><a href=\"https:\/\/fatecbarueri.edu.br\/home\/wp-content\/uploads\/2025\/07\/TRABALHO-DE-GRADUACAO-LINHAS-DE-PESQUISA-DADOS-DOS-PROFESSORES.pdf\" data-type=\"link\" data-id=\"https:\/\/fatecbarueri.edu.br\/home\/wp-content\/uploads\/2025\/07\/TRABALHO-DE-GRADUACAO-LINHAS-DE-PESQUISA-DADOS-DOS-PROFESSORES.pdf\" target=\"_blank\" rel=\"noreferrer noopener\">Linhas de Pesquisa e Professores Orientadores<\/a><\/strong><\/p>\n\n\n\n<p><\/p>\n<p><\/p>","protected":false},"excerpt":{"rendered":"<p>A Fatec Barueri tem&nbsp;desenvolvido&nbsp;estrat\u00e9gias para o fortalecimento do trip\u00e9&nbsp;ensino-pesquisa-extens\u00e3o,&nbsp;posto a produ\u00e7\u00e3o cient\u00edfica nas institui\u00e7\u00f5es de ensino de n\u00edvel superior ocupar um espa\u00e7o fundamental na forma\u00e7\u00e3o superior. Assim, atua com linhas&nbsp;de&nbsp;pesquisa&nbsp;que se articulam com as \u00e1reas&nbsp;de&nbsp;concentra\u00e7\u00e3o dos cursos superiores ofertados e&nbsp;com a Revista Cient\u00edfica InGeTec, a saber: inova\u00e7\u00e3o, gest\u00e3o&nbsp;e&nbsp;tecnologia. Conhe\u00e7a as \u00e1reas de concentra\u00e7\u00e3o e as linhas de pesquisa da Fatec Barueri: \u00c1rea 1: Inova\u00e7\u00e3o &nbsp; Esta \u00e1rea tem foco o estudo cr\u00edtico e anal\u00edtico dos processos e das metodologias utilizados para melhoria e implementa\u00e7\u00e3o de novos processos, permeadas pelo uso de tecnologias, com a finalidade de gerar, analisar e difundir&#8230; <\/p>\n","protected":false},"author":2,"featured_media":0,"parent":0,"menu_order":0,"comment_status":"closed","ping_status":"closed","template":"template-no-sidebar.php","meta":{"footnotes":""},"class_list":["post-38","page","type-page","status-publish","hentry"],"_links":{"self":[{"href":"https:\/\/fatecbarueri.edu.br\/home\/wp-json\/wp\/v2\/pages\/38"}],"collection":[{"href":"https:\/\/fatecbarueri.edu.br\/home\/wp-json\/wp\/v2\/pages"}],"about":[{"href":"https:\/\/fatecbarueri.edu.br\/home\/wp-json\/wp\/v2\/types\/page"}],"author":[{"embeddable":true,"href":"https:\/\/fatecbarueri.edu.br\/home\/wp-json\/wp\/v2\/users\/2"}],"replies":[{"embeddable":true,"href":"https:\/\/fatecbarueri.edu.br\/home\/wp-json\/wp\/v2\/comments?post=38"}],"version-history":[{"count":5,"href":"https:\/\/fatecbarueri.edu.br\/home\/wp-json\/wp\/v2\/pages\/38\/revisions"}],"predecessor-version":[{"id":951,"href":"https:\/\/fatecbarueri.edu.br\/home\/wp-json\/wp\/v2\/pages\/38\/revisions\/951"}],"wp:attachment":[{"href":"https:\/\/fatecbarueri.edu.br\/home\/wp-json\/wp\/v2\/media?parent=38"}],"curies":[{"name":"wp","href":"https:\/\/api.w.org\/{rel}","templated":true}]}}