{"id":362,"date":"2025-05-31T20:09:41","date_gmt":"2025-05-31T20:09:41","guid":{"rendered":"https:\/\/fatecbarueri.edu.br\/home\/?page_id=362"},"modified":"2026-04-09T18:32:13","modified_gmt":"2026-04-09T18:32:13","slug":"perfil","status":"publish","type":"page","link":"https:\/\/fatecbarueri.edu.br\/home\/perfil\/","title":{"rendered":"Perfil"},"content":{"rendered":"\n<p><strong>A Fatec Barueri<\/strong> \u00e9 uma das Unidades de Ensino Superior pertencente ao <a href=\"https:\/\/www.cps.sp.gov.br\/\" target=\"_blank\" rel=\"noreferrer noopener\">Centro Estadual de Educa\u00e7\u00e3o Tecnol\u00f3gica Paula Souza \u2013 CEETEPS<\/a>, autarquia do <a href=\"https:\/\/www.sp.gov.br\/sp\" target=\"_blank\" rel=\"noreferrer noopener\">Governo do Estado de S\u00e3o Paulo<\/a>, vinculada \u00e0 Secretaria de Ci\u00eancia, Tecnologia e Inova\u00e7\u00e3o.<\/p>\n\n\n\n<p>A Fatec Barueri oferece <strong>9 cursos superiores gratuitos<\/strong>, com dura\u00e7\u00e3o de <strong>3 anos<\/strong>. S\u00e3o <strong>8 cursos presenciais<\/strong>, nos per\u00edodos da manh\u00e3, tarde e noite, e <strong>1 na modalidade EaD<\/strong> (Unidade Polo). <\/p>\n\n\n\n<p>Os cursos s\u00e3o voltados \u00e0 forma\u00e7\u00e3o de profissionais preparados para atender as reais necessidades do mercado e da sociedade.<\/p>\n\n\n\n<figure class=\"wp-block-table is-style-stripes\"><table class=\"has-fixed-layout\"><tbody><tr><td><a href=\"https:\/\/fatecbarueri.edu.br\/home\/tecnologo-em-comercio-exterior\/\">Com\u00e9rcio Exterior<\/a><\/td><\/tr><tr><td><a href=\"https:\/\/fatecbarueri.edu.br\/home\/tecnologo-em-design-de-midias-digitais\/\">Design de M\u00eddias Digitais<\/a><\/td><\/tr><tr><td><a href=\"https:\/\/fatecbarueri.edu.br\/home\/tecnologo-em-gestao-de-comercio-eletronico\/\">Gest\u00e3o de Com\u00e9rcio Eletr\u00f4nico<\/a><\/td><\/tr><tr><td><a href=\"https:\/\/fatecbarueri.edu.br\/home\/tecnologo-em-gestao-de-negocios-e-pessoas\/\">Gest\u00e3o de Neg\u00f3cios e Pessoas<\/a><\/td><\/tr><tr><td><a href=\"https:\/\/fatecbarueri.edu.br\/home\/tecnologo-em-gestao-de-eventos\/\">Gest\u00e3o de Eventos<\/a><\/td><\/tr><tr><td><a href=\"https:\/\/fatecbarueri.edu.br\/home\/tecnologo-em-gestao-da-tecnologia-da-informacao\/\">Gest\u00e3o da Tecnologia da Informa\u00e7\u00e3o<\/a><\/td><\/tr><tr><td><a href=\"https:\/\/fatecbarueri.edu.br\/home\/tecnologo-em-gestao-de-recursos-humanos\/\">Gest\u00e3o de Recursos Humanos<\/a><\/td><\/tr><tr><td><a href=\"https:\/\/fatecbarueri.edu.br\/home\/tecnologo-em-gestao-empresarial-ead\/\">Gest\u00e3o Empresarial (EaD)<\/a>&nbsp;<\/td><\/tr><tr><td><a href=\"https:\/\/fatecbarueri.edu.br\/home\/tecnologo-em-transporte-terrestre\/\">Transporte Terrestre<\/a><\/td><\/tr><tr><td><\/td><\/tr><\/tbody><\/table><\/figure>\n\n\n\n<p>As inscri\u00e7\u00f5es para a Fatec Barueri s\u00e3o realizadas semestralmente, com a oferta de 400 vagas por semestre (800 vagas por ano), por meio do <strong>Processo Seletivo Vestibular<\/strong> e <strong>Prov\u00e3o paulista<\/strong>.<\/p>\n\n\n\n<p>Assista ao v\u00eddeo institucional:<\/p>\n\n\n\n<figure class=\"wp-block-embed is-type-video is-provider-youtube wp-block-embed-youtube wp-embed-aspect-16-9 wp-has-aspect-ratio\"><div class=\"wp-block-embed__wrapper\">\n<iframe loading=\"lazy\" title=\"Fatec Barueri - Video Institucional 2025\" width=\"500\" height=\"281\" src=\"https:\/\/www.youtube.com\/embed\/rYJTt3bZ-NE?feature=oembed\" frameborder=\"0\" allow=\"accelerometer; autoplay; clipboard-write; encrypted-media; gyroscope; picture-in-picture; web-share\" referrerpolicy=\"strict-origin-when-cross-origin\" allowfullscreen><\/iframe>\n<\/div><\/figure>\n\n\n\n<p><\/p>\n<p><\/p>","protected":false},"excerpt":{"rendered":"<p>A Fatec Barueri \u00e9 uma das Unidades de Ensino Superior pertencente ao Centro Estadual de Educa\u00e7\u00e3o Tecnol\u00f3gica Paula Souza \u2013 CEETEPS, autarquia do Governo do Estado de S\u00e3o Paulo, vinculada \u00e0 Secretaria de Ci\u00eancia, Tecnologia e Inova\u00e7\u00e3o. A Fatec Barueri oferece 9 cursos superiores gratuitos, com dura\u00e7\u00e3o de 3 anos. S\u00e3o 8 cursos presenciais, nos per\u00edodos da manh\u00e3, tarde e noite, e 1 na modalidade EaD (Unidade Polo). Os cursos s\u00e3o voltados \u00e0 forma\u00e7\u00e3o de profissionais preparados para atender as reais necessidades do mercado e da sociedade. Com\u00e9rcio Exterior Design de M\u00eddias Digitais Gest\u00e3o de Com\u00e9rcio Eletr\u00f4nico Gest\u00e3o de Neg\u00f3cios&#8230; <\/p>\n","protected":false},"author":2,"featured_media":0,"parent":0,"menu_order":0,"comment_status":"closed","ping_status":"closed","template":"template-no-sidebar.php","meta":{"footnotes":""},"class_list":["post-362","page","type-page","status-publish","hentry"],"_links":{"self":[{"href":"https:\/\/fatecbarueri.edu.br\/home\/wp-json\/wp\/v2\/pages\/362"}],"collection":[{"href":"https:\/\/fatecbarueri.edu.br\/home\/wp-json\/wp\/v2\/pages"}],"about":[{"href":"https:\/\/fatecbarueri.edu.br\/home\/wp-json\/wp\/v2\/types\/page"}],"author":[{"embeddable":true,"href":"https:\/\/fatecbarueri.edu.br\/home\/wp-json\/wp\/v2\/users\/2"}],"replies":[{"embeddable":true,"href":"https:\/\/fatecbarueri.edu.br\/home\/wp-json\/wp\/v2\/comments?post=362"}],"version-history":[{"count":9,"href":"https:\/\/fatecbarueri.edu.br\/home\/wp-json\/wp\/v2\/pages\/362\/revisions"}],"predecessor-version":[{"id":1442,"href":"https:\/\/fatecbarueri.edu.br\/home\/wp-json\/wp\/v2\/pages\/362\/revisions\/1442"}],"wp:attachment":[{"href":"https:\/\/fatecbarueri.edu.br\/home\/wp-json\/wp\/v2\/media?parent=362"}],"curies":[{"name":"wp","href":"https:\/\/api.w.org\/{rel}","templated":true}]}}