{"id":33,"date":"2025-05-23T17:40:51","date_gmt":"2025-05-23T17:40:51","guid":{"rendered":"https:\/\/fatecbarueri.edu.br\/home\/?page_id=33"},"modified":"2025-09-04T19:08:27","modified_gmt":"2025-09-04T19:08:27","slug":"atividades-academico-cientifico-culturais","status":"publish","type":"page","link":"https:\/\/fatecbarueri.edu.br\/home\/atividades-academico-cientifico-culturais\/","title":{"rendered":"Atividades Acad\u00eamico Cient\u00edfico Culturais"},"content":{"rendered":"\n<p><em>Fa\u00e7a o download da <a href=\"https:\/\/fatecbarueri.edu.br\/home\/wp-content\/uploads\/2025\/09\/AACC_portaria_n_74_2019_07_03_Renata.pdf\" target=\"_blank\" rel=\"noreferrer noopener\">Portaria Atividades Acad\u00eamico, Cientifico, Culturais &#8211; Revisada <\/a>&nbsp;(arquivo em pdf).<\/em><\/p>\n\n\n\n<p><\/p>\n\n\n\n<p>Download do <a href=\"https:\/\/fatecbarueri.edu.br\/home\/wp-content\/uploads\/2025\/09\/AACC_anexo_01_TabelaDeAtividades.pdf\">Anexo I &#8211; Tabela das Atividades Acad\u00eamico Cient\u00edfico Culturais Crit\u00e9rios e carga hor\u00e1ria<\/a><\/p>\n\n\n\n<p>Download da\u00a0<a href=\"https:\/\/fatecbarueri.edu.br\/home\/wp-content\/uploads\/2025\/09\/AACC_anexo_02_FichaDeAcompanhamento.pdf\" target=\"_blank\" rel=\"noreferrer noopener\">Anexo II &#8211; Ficha de AACC<\/a>.<\/p>\n\n\n\n<p><strong>PORTARIA DA DIRE\u00c7\u00c3O N\u00ba 74 DE 03 DE JULHO DE 2019.<\/strong><\/p>\n\n\n\n<p>Estabelece diretrizes para o desenvolvimento de Atividades Acad\u00eamico Cient\u00edfico Culturais nos Cursos Superiores de Tecnologia em Gest\u00e3o da Tecnologia da Informa\u00e7\u00e3o e Transporte Terrestre oferecidos pela Faculdade de Tecnologia de Barueri.<\/p>\n\n\n\n<p>A Diretora da Faculdade de Tecnologia de Barueri \u201cPadre Danilo Jos\u00e9 de Oliveira Ohl\u201d, no uso de suas atribui\u00e7\u00f5es legais que lhe foram conferidas e tendo em vista a Delibera\u00e7\u00e3o da Egr\u00e9gia Congrega\u00e7\u00e3o desta Unidade de Ensino, em sua 35\u00aa Reuni\u00e3o Extraordin\u00e1ria, realizada em 28 de junho de 2019, expede a seguinte portaria:<\/p>\n\n\n\n<p><strong>Art. 1\u00ba<\/strong> &#8211; As Atividades Acad\u00eamico Cient\u00edfico Culturais (AACCs) s\u00e3o atividades did\u00e1ticas previstas nos Projetos Pedag\u00f3gicos dos Cursos Superiores de Tecnologia em Gest\u00e3o da Tecnologia da Informa\u00e7\u00e3o e Transporte Terrestre, oferecidos pela Faculdade de Tecnologia de Barueri, e constituem-se em a\u00e7\u00f5es que devem ser desenvolvidas segundo quantidade de horas especificada nos Projetos Pedag\u00f3gicos de cada um dos respectivos cursos, buscando complementar o aprendizado do aluno e a intera\u00e7\u00e3o te\u00f3rico-pr\u00e1tica.<\/p>\n\n\n\n<p>Par\u00e1grafo \u00fanico. As AACCs s\u00e3o consideradas atividades complementares que abarcam eventos de ensino, pesquisa, extens\u00e3o, arte e esporte, desde que propiciem aquisi\u00e7\u00e3o ou troca de conhecimento, cultura, forma\u00e7\u00e3o geral, forma\u00e7\u00e3o de cidadania ou presta\u00e7\u00e3o de servi\u00e7os \u00e0 comunidade social.<\/p>\n\n\n\n<p><strong>Art. 2\u00ba<\/strong> &#8211; O aluno ser\u00e1 matriculado automaticamente nas AACCs quando estas estiverem disposta no primeiro semestre da matriz curricular do curso, devendo efetuar matr\u00edcula neste componente curricular quando dispostas em semestre futuro.<\/p>\n\n\n\n<p>\u00a7 1\u00ba &#8211; As AACCs somente ser\u00e3o consideradas conclu\u00eddas quando o aluno atingir as horas estipuladas no Projeto Pedag\u00f3gico do Curso (PPC).<\/p>\n\n\n\n<p>\u00a7 2\u00ba &#8211; O aluno que n\u00e3o cursar este componente curricular ou n\u00e3o cumprir as horas estabelecidas no semestre em que est\u00e3o previstas no PPC estar\u00e1 reprovado.<\/p>\n\n\n\n<p><strong>Art. 3\u00ba<\/strong> &#8211; Para serem validadas, as AACCs precisar\u00e3o ser registradas em Portf\u00f3lio, acompanhadas de documenta\u00e7\u00e3o comprobat\u00f3ria.<\/p>\n\n\n\n<p>\u00a7 1\u00ba &#8211; Para efeito de comprova\u00e7\u00e3o dever\u00e3o ser apresentados certificados, declara\u00e7\u00f5es, atestados, fotos, bilhetes de ingresso e outros, de acordo com as atividades realizadas.<\/p>\n\n\n\n<p>\u00a7 2\u00ba &#8211; O aluno ser\u00e1 respons\u00e1vel pela guarda de seu portf\u00f3lio.<\/p>\n\n\n\n<p><strong>Art. 4\u00ba<\/strong> &#8211; A valida\u00e7\u00e3o das AACCs ser\u00e1 feita pelo Coordenador do Curso em que o aluno est\u00e1 regularmente matriculado.<\/p>\n\n\n\n<p>\u00a7 1\u00ba &#8211; A avalia\u00e7\u00e3o ser\u00e1 feita considerando os crit\u00e9rios descritos no ANEXO 1.<\/p>\n\n\n\n<p>\u00a7 2\u00ba &#8211; Al\u00e9m da an\u00e1lise do portf\u00f3lio, o Coordenador do Curso poder\u00e1 entrevistar o aluno a respeito da(s) atividade(s) desenvolvida(s).<\/p>\n\n\n\n<p><strong>Art. 5\u00ba<\/strong> &#8211; O portf\u00f3lio das AACCs do aluno consistir\u00e1 em uma pasta simples e identificada com etiqueta que apresentar\u00e1 seu nome, n\u00famero do Registro Acad\u00eamico (RA) e curso no qual est\u00e1 regularmente matriculado.<\/p>\n\n\n\n<p>Par\u00e1grafo \u00fanico. Na pasta do portf\u00f3lio o aluno organizar\u00e1 para cada atividade o conjunto de informa\u00e7\u00f5es, comprova\u00e7\u00f5es e relat\u00f3rios referentes as AACCs.<\/p>\n\n\n\n<p><strong>Art. 6\u00ba<\/strong> &#8211; A documenta\u00e7\u00e3o de cada AACC devidamente organizada no portf\u00f3lio do aluno, juntamente com a ficha de acompanhamento, conforme ANEXO 2, devidamente preenchida, dever\u00e1 ser protocolada na Secretaria Acad\u00eamica, via Requerimento Global, dirigido ao Coordenador do Curso at\u00e9 um m\u00eas ap\u00f3s a realiza\u00e7\u00e3o do evento\/atividade.<\/p>\n\n\n\n<p>Par\u00e1grafo \u00fanico. O prazo m\u00e1ximo para protocolar a pasta de AACCs perante a Secretaria Acad\u00eamica estar\u00e1 previsto semestralmente no Calend\u00e1rio Acad\u00eamico.<\/p>\n\n\n\n<p><strong>Art. 7\u00ba<\/strong> &#8211; Caber\u00e1 ao Coordenador do Curso lan\u00e7ar no Sistema Integrado (SIGA) a nota referente a integraliza\u00e7\u00e3o do componente curricular denominado AACCs, ap\u00f3s o aluno demonstrar, por meio de seu portf\u00f3lio, que atingiu o m\u00ednimo de horas exigidas no Projeto Pedag\u00f3gico do Curso em que est\u00e1 matriculado.<\/p>\n\n\n\n<p><strong>Art. 8\u00ba<\/strong> &#8211; Esta portaria entra em vigor na data da sua publica\u00e7\u00e3o, ficando revogadas a Portaria n\u00ba 15 de 04 de outubro de 2011 e outras disposi\u00e7\u00f5es em sentido contr\u00e1rio.<\/p>\n\n\n\n<p>Barueri, 03 de julho de 2019.<\/p>\n\n\n\n<p><strong>Pra\u00e7a Dra. Renata Giovanoni Di Mauro<\/strong><br>Diretora da Fatec Barueri<br>\u201cPe. Danilo Jos\u00e9 de Oliveira Oh!\u201d<\/p>\n<p><\/p>","protected":false},"excerpt":{"rendered":"<p>Fa\u00e7a o download da Portaria Atividades Acad\u00eamico, Cientifico, Culturais &#8211; Revisada &nbsp;(arquivo em pdf). Download do Anexo I &#8211; Tabela das Atividades Acad\u00eamico Cient\u00edfico Culturais Crit\u00e9rios e carga hor\u00e1ria Download da\u00a0Anexo II &#8211; Ficha de AACC. PORTARIA DA DIRE\u00c7\u00c3O N\u00ba 74 DE 03 DE JULHO DE 2019. Estabelece diretrizes para o desenvolvimento de Atividades Acad\u00eamico Cient\u00edfico Culturais nos Cursos Superiores de Tecnologia em Gest\u00e3o da Tecnologia da Informa\u00e7\u00e3o e Transporte Terrestre oferecidos pela Faculdade de Tecnologia de Barueri. A Diretora da Faculdade de Tecnologia de Barueri \u201cPadre Danilo Jos\u00e9 de Oliveira Ohl\u201d, no uso de suas atribui\u00e7\u00f5es legais que lhe&#8230; <\/p>\n","protected":false},"author":2,"featured_media":0,"parent":0,"menu_order":0,"comment_status":"closed","ping_status":"closed","template":"template-no-sidebar.php","meta":{"footnotes":""},"class_list":["post-33","page","type-page","status-publish","hentry"],"_links":{"self":[{"href":"https:\/\/fatecbarueri.edu.br\/home\/wp-json\/wp\/v2\/pages\/33"}],"collection":[{"href":"https:\/\/fatecbarueri.edu.br\/home\/wp-json\/wp\/v2\/pages"}],"about":[{"href":"https:\/\/fatecbarueri.edu.br\/home\/wp-json\/wp\/v2\/types\/page"}],"author":[{"embeddable":true,"href":"https:\/\/fatecbarueri.edu.br\/home\/wp-json\/wp\/v2\/users\/2"}],"replies":[{"embeddable":true,"href":"https:\/\/fatecbarueri.edu.br\/home\/wp-json\/wp\/v2\/comments?post=33"}],"version-history":[{"count":11,"href":"https:\/\/fatecbarueri.edu.br\/home\/wp-json\/wp\/v2\/pages\/33\/revisions"}],"predecessor-version":[{"id":1123,"href":"https:\/\/fatecbarueri.edu.br\/home\/wp-json\/wp\/v2\/pages\/33\/revisions\/1123"}],"wp:attachment":[{"href":"https:\/\/fatecbarueri.edu.br\/home\/wp-json\/wp\/v2\/media?parent=33"}],"curies":[{"name":"wp","href":"https:\/\/api.w.org\/{rel}","templated":true}]}}