{"id":322,"date":"2025-05-30T21:01:10","date_gmt":"2025-05-30T21:01:10","guid":{"rendered":"https:\/\/fatecbarueri.edu.br\/home\/?page_id=322"},"modified":"2026-02-09T16:57:25","modified_gmt":"2026-02-09T16:57:25","slug":"coordenadorias-de-curso","status":"publish","type":"page","link":"https:\/\/fatecbarueri.edu.br\/home\/coordenadorias-de-curso\/","title":{"rendered":"Coordenadorias de Curso"},"content":{"rendered":"\n<p><strong>As Coordenadorias de Cursos da Fatec Barueri<\/strong>, em conformidade com o Regimento das Faculdades de Tecnologia \u2013 Fatecs \u2013 do Centro Estadual de Educa\u00e7\u00e3o Tecnol\u00f3gica Paula Souza \u2013 Ceeteps, s\u00e3o \u00f3rg\u00e3os da estrutura da Faculdade <strong>respons\u00e1veis pelo planejamento, controle, avalia\u00e7\u00e3o e registro das atividades acad\u00eamico-pedag\u00f3gicas e acad\u00eamico-administrativas <\/strong>vinculadas aos Projetos Pedag\u00f3gicos dos Cursos e ao planejamento de gest\u00e3o da Unidade de Ensino,<strong> al\u00e9m da otimiza\u00e7\u00e3o dos recursos f\u00edsicos e did\u00e1ticos que estejam dispon\u00edveis<\/strong>.<\/p>\n\n\n\n<p>Cada Coordenador(a) de Curso \u00e9 escolhido(a) pelo(a) Diretor(a) da Fatec Barueri, mediante lista tr\u00edplice, elaborada a partir de consulta ao corpo docente da Coordenadoria do Curso, respeitando-se a compatibilidade da \u00e1rea de forma\u00e7\u00e3o com o eixo tecnol\u00f3gico respectivo, sendo composta preferencialmente por docentes titulados, em n\u00edvel de p\u00f3s-gradua\u00e7\u00e3o, nos termos da legisla\u00e7\u00e3o vigente.<\/p>\n\n\n\n<p><strong>S\u00e3o Coordenadores de Cursos da Fatec Barueri:<\/strong><\/p>\n\n\n\n<figure class=\"wp-block-table is-style-stripes\"><table class=\"has-fixed-layout\"><tbody><tr><td><strong>Curso Superior de Tecnologia em Com\u00e9rcio Exterior<\/strong><\/td><td>Prof. Me. Gustavo Cardoso Garcia<\/td><\/tr><tr><td><strong>Curso Superior de Tecnologia em Gest\u00e3o de Eventos<\/strong><\/td><td>Profa. Me. Maria Carolina Muniz e Silva de Brito<\/td><\/tr><tr><td><strong>Curso Superior de Tecnologia em Transporte Terrestre<\/strong><\/td><td>Prof. Dr. Germano Manuel Correia<\/td><\/tr><tr><td><strong>Curso Superior de Tecnologia em Gest\u00e3o da Tecnologia da Informa\u00e7\u00e3o<\/strong><\/td><td>Prof. Me. Antonio Fernando Degobbi<\/td><\/tr><tr><td><strong>Curso Superior de Tecnologia em Log\u00edstica<\/strong><\/td><td><\/td><\/tr><tr><td><strong>Curso Superior de Tecnologia em Design de M\u00eddias Digitais<\/strong><\/td><td>Prof. Esp. Luciano Deluqui Vasques<\/td><\/tr><tr><td><strong>Curso Superior de Tecnologia em Gest\u00e3o de Recursos Humanos<\/strong><\/td><td>Prof. Dr. Donizetti Leonidas Paiva<\/td><\/tr><tr><td><strong>Curso Superior de Tecnologia em Gest\u00e3o de Neg\u00f3cios e Pessoas<\/strong><\/td><td>Prof. Dr. Nailton Santos de Matos<\/td><\/tr><tr><td><strong>Curso Superior de Tecnologia em Gest\u00e3o de Com\u00e9rcio Eletr\u00f4nico&nbsp;<\/strong><\/td><td>Prof. Dr. Oswaldo Soul\u00e9 Junior<\/td><\/tr><tr><td><strong>Curso Superior de Tecnologia em Gest\u00e3o Empresarial (EaD)<\/strong><\/td><td>Profa. Dra. Laudiceia Lino de Alencar Rodrigues (Orientadora de Polo)<\/td><\/tr><\/tbody><\/table><\/figure>\n\n\n\n<p><strong>Saiba mais sobre as Coordenadorias de Cursos da Fatec Barueri<\/strong> lendo os artigos 23 a 28 do Regimento das Fatecs do Ceeteps. Nestas disposi\u00e7\u00f5es normativas h\u00e1 diretrizes sobre a constitui\u00e7\u00e3o da coordenadoria de curso, designa\u00e7\u00e3o do(a) coordenador(a), bem como compet\u00eancia da coordenadoria do curso e atribui\u00e7\u00f5es do(a) coordenador(a).<\/p>\n<p><\/p>","protected":false},"excerpt":{"rendered":"<p>As Coordenadorias de Cursos da Fatec Barueri, em conformidade com o Regimento das Faculdades de Tecnologia \u2013 Fatecs \u2013 do Centro Estadual de Educa\u00e7\u00e3o Tecnol\u00f3gica Paula Souza \u2013 Ceeteps, s\u00e3o \u00f3rg\u00e3os da estrutura da Faculdade respons\u00e1veis pelo planejamento, controle, avalia\u00e7\u00e3o e registro das atividades acad\u00eamico-pedag\u00f3gicas e acad\u00eamico-administrativas vinculadas aos Projetos Pedag\u00f3gicos dos Cursos e ao planejamento de gest\u00e3o da Unidade de Ensino, al\u00e9m da otimiza\u00e7\u00e3o dos recursos f\u00edsicos e did\u00e1ticos que estejam dispon\u00edveis. Cada Coordenador(a) de Curso \u00e9 escolhido(a) pelo(a) Diretor(a) da Fatec Barueri, mediante lista tr\u00edplice, elaborada a partir de consulta ao corpo docente da Coordenadoria do Curso, respeitando-se&#8230; <\/p>\n","protected":false},"author":2,"featured_media":0,"parent":0,"menu_order":0,"comment_status":"closed","ping_status":"closed","template":"template-no-sidebar.php","meta":{"footnotes":""},"class_list":["post-322","page","type-page","status-publish","hentry"],"_links":{"self":[{"href":"https:\/\/fatecbarueri.edu.br\/home\/wp-json\/wp\/v2\/pages\/322"}],"collection":[{"href":"https:\/\/fatecbarueri.edu.br\/home\/wp-json\/wp\/v2\/pages"}],"about":[{"href":"https:\/\/fatecbarueri.edu.br\/home\/wp-json\/wp\/v2\/types\/page"}],"author":[{"embeddable":true,"href":"https:\/\/fatecbarueri.edu.br\/home\/wp-json\/wp\/v2\/users\/2"}],"replies":[{"embeddable":true,"href":"https:\/\/fatecbarueri.edu.br\/home\/wp-json\/wp\/v2\/comments?post=322"}],"version-history":[{"count":8,"href":"https:\/\/fatecbarueri.edu.br\/home\/wp-json\/wp\/v2\/pages\/322\/revisions"}],"predecessor-version":[{"id":1288,"href":"https:\/\/fatecbarueri.edu.br\/home\/wp-json\/wp\/v2\/pages\/322\/revisions\/1288"}],"wp:attachment":[{"href":"https:\/\/fatecbarueri.edu.br\/home\/wp-json\/wp\/v2\/media?parent=322"}],"curies":[{"name":"wp","href":"https:\/\/api.w.org\/{rel}","templated":true}]}}