{"id":299,"date":"2025-05-30T20:16:18","date_gmt":"2025-05-30T20:16:18","guid":{"rendered":"https:\/\/fatecbarueri.edu.br\/home\/?page_id=299"},"modified":"2026-04-08T19:21:19","modified_gmt":"2026-04-08T19:21:19","slug":"eventos-dos-cursos","status":"publish","type":"page","link":"https:\/\/fatecbarueri.edu.br\/home\/eventos-dos-cursos\/","title":{"rendered":"Eventos dos Cursos"},"content":{"rendered":"\n<p>A Fatec Barueri realiza regularmente <strong>eventos acad\u00eamicos vinculados aos Cursos Superiores que oferta, buscando dialogar, refletir e compartilhar conhecimentos<\/strong>.<\/p>\n\n\n\n<p>Acompanhe sempre nossa programa\u00e7\u00e3o de eventos acad\u00eamicos e participe!<\/p>\n\n\n\n<figure class=\"wp-block-table is-style-stripes\"><table class=\"has-fixed-layout\"><tbody><tr><td><strong>Primeiro Semestre de 2026<\/strong><\/td><td><strong>Evento<\/strong><\/td><\/tr><tr><td>25\/02, 25\/03, 29\/04 e 27\/05<\/td><td><strong>Eventos tem\u00e1ticos \u2013 CST em Gest\u00e3o Empresarial<\/strong><\/td><\/tr><tr><td>12 e 13\/05<\/td><td><strong>6\u00ba Simp\u00f3sio de Gest\u00e3o de Recursos Humanos<\/strong><\/td><\/tr><tr><td>12 e 13\/05<\/td><td><strong>13\u00ba Col\u00f3quio de Eventos<\/strong><\/td><\/tr><tr><td>22 e 23\/04<\/td><td><strong>15\u00ba Simp\u00f3sio de Transporte Terrestre &#8211; SIMTTE<\/strong><\/td><\/tr><tr><td>12 e 13\/05<\/td><td><strong>10\u00ba Simp\u00f3sio de Gest\u00e3o da Tecnologia da Informa\u00e7\u00e3o &#8211; SIGTEC<\/strong><\/td><\/tr><tr><td>29 e 30\/04<\/td><td><strong>3\u00ba Simp\u00f3sio de Gest\u00e3o de Com\u00e9rcio Eletr\u00f4nico<\/strong><\/td><\/tr><tr><td>29 e 30\/04<\/td><td><strong>8\u00ba Simp\u00f3sio de Design de M\u00eddias Digitais<\/strong><\/td><\/tr><tr><td>12 e 13\/05<\/td><td><strong>3\u00ba Simp\u00f3sio de Gest\u00e3o de Neg\u00f3cios e Pessoas<\/strong><\/td><\/tr><tr><td>06 e 07\/05<\/td><td><strong>10\u00ba Simp\u00f3sio de Com\u00e9rcio Exterior &#8211; SIMCOMEX<\/strong><\/td><\/tr><tr><td><\/td><td><\/td><\/tr><\/tbody><\/table><\/figure>\n\n\n\n<p><\/p>\n<p><\/p>","protected":false},"excerpt":{"rendered":"<p>A Fatec Barueri realiza regularmente eventos acad\u00eamicos vinculados aos Cursos Superiores que oferta, buscando dialogar, refletir e compartilhar conhecimentos. Acompanhe sempre nossa programa\u00e7\u00e3o de eventos acad\u00eamicos e participe! Primeiro Semestre de 2026 Evento 25\/02, 25\/03, 29\/04 e 27\/05 Eventos tem\u00e1ticos \u2013 CST em Gest\u00e3o Empresarial 12 e 13\/05 6\u00ba Simp\u00f3sio de Gest\u00e3o de Recursos Humanos 12 e 13\/05 13\u00ba Col\u00f3quio de Eventos 22 e 23\/04 15\u00ba Simp\u00f3sio de Transporte Terrestre &#8211; SIMTTE 12 e 13\/05 10\u00ba Simp\u00f3sio de Gest\u00e3o da Tecnologia da Informa\u00e7\u00e3o &#8211; SIGTEC 29 e 30\/04 3\u00ba Simp\u00f3sio de Gest\u00e3o de Com\u00e9rcio Eletr\u00f4nico 29 e 30\/04 8\u00ba Simp\u00f3sio&#8230; <\/p>\n","protected":false},"author":2,"featured_media":0,"parent":0,"menu_order":0,"comment_status":"closed","ping_status":"closed","template":"template-no-sidebar.php","meta":{"footnotes":""},"class_list":["post-299","page","type-page","status-publish","hentry"],"_links":{"self":[{"href":"https:\/\/fatecbarueri.edu.br\/home\/wp-json\/wp\/v2\/pages\/299"}],"collection":[{"href":"https:\/\/fatecbarueri.edu.br\/home\/wp-json\/wp\/v2\/pages"}],"about":[{"href":"https:\/\/fatecbarueri.edu.br\/home\/wp-json\/wp\/v2\/types\/page"}],"author":[{"embeddable":true,"href":"https:\/\/fatecbarueri.edu.br\/home\/wp-json\/wp\/v2\/users\/2"}],"replies":[{"embeddable":true,"href":"https:\/\/fatecbarueri.edu.br\/home\/wp-json\/wp\/v2\/comments?post=299"}],"version-history":[{"count":4,"href":"https:\/\/fatecbarueri.edu.br\/home\/wp-json\/wp\/v2\/pages\/299\/revisions"}],"predecessor-version":[{"id":1417,"href":"https:\/\/fatecbarueri.edu.br\/home\/wp-json\/wp\/v2\/pages\/299\/revisions\/1417"}],"wp:attachment":[{"href":"https:\/\/fatecbarueri.edu.br\/home\/wp-json\/wp\/v2\/media?parent=299"}],"curies":[{"name":"wp","href":"https:\/\/api.w.org\/{rel}","templated":true}]}}