{"id":297,"date":"2025-05-30T20:15:45","date_gmt":"2025-05-30T20:15:45","guid":{"rendered":"https:\/\/fatecbarueri.edu.br\/home\/?page_id=297"},"modified":"2026-04-18T15:52:47","modified_gmt":"2026-04-18T15:52:47","slug":"nivelamento-de-matematica","status":"publish","type":"page","link":"https:\/\/fatecbarueri.edu.br\/home\/nivelamento-de-matematica\/","title":{"rendered":"Nivelamento de Matem\u00e1tica"},"content":{"rendered":"\n<p>A Fatec Barueri oferece aos estudantes o <strong>Nivelamento de Matem\u00e1tica<\/strong>, um projeto com 10 encontros voltado ao fortalecimento dos conceitos fundamentais da \u00e1rea. A proposta \u00e9 apoiar o processo de ensino e aprendizagem nas disciplinas de exatas, presentes na maioria dos cursos superiores da unidade.<\/p>\n\n\n\n<p>As aulas s\u00e3o realizadas aos s\u00e1bados. Fique atento ao calend\u00e1rio acad\u00eamico.<\/p>\n\n\n\n<p><strong>Cronograma \u2013 1\u00ba semestre de 2026<\/strong><br>S\u00e1bados, das 13h30 \u00e0s 15h30<br>In\u00edcio: 07\/03\/2026<\/p>\n\n\n\n<p><\/p>\n\n\n\n<figure class=\"wp-block-table\"><table><thead><tr><th class=\"has-text-align-center\" data-align=\"center\"><strong>Encontro<\/strong><\/th><th class=\"has-text-align-center\" data-align=\"center\"><strong>Data<\/strong><\/th><th class=\"has-text-align-center\" data-align=\"center\"><strong>Professor<\/strong><\/th><th>           <strong>Conte\u00fado<\/strong><\/th><\/tr><\/thead><tbody><tr><td class=\"has-text-align-center\" data-align=\"center\">1<\/td><td class=\"has-text-align-center\" data-align=\"center\">07\/03\/26<\/td><td class=\"has-text-align-center\" data-align=\"center\">Volney<\/td><td>Express\u00f5es num\u00e9ricas.<\/td><\/tr><tr><td class=\"has-text-align-center\" data-align=\"center\">2<\/td><td class=\"has-text-align-center\" data-align=\"center\">14\/03\/26<\/td><td class=\"has-text-align-center\" data-align=\"center\">Olivaine<\/td><td>Opera\u00e7\u00f5es com Conjuntos e Intervalos Num\u00e9ricos.<\/td><\/tr><tr><td class=\"has-text-align-center\" data-align=\"center\">3<\/td><td class=\"has-text-align-center\" data-align=\"center\">21\/03\/26<\/td><td class=\"has-text-align-center\" data-align=\"center\">Volney<\/td><td>C\u00e1lculo de Porcentagem.<\/td><\/tr><tr><td class=\"has-text-align-center\" data-align=\"center\">4<\/td><td class=\"has-text-align-center\" data-align=\"center\">11\/04\/26<\/td><td class=\"has-text-align-center\" data-align=\"center\">Olivaine<\/td><td>Equa\u00e7\u00f5es e Inequa\u00e7\u00f5es com representa\u00e7\u00e3o alg\u00e9bricas e Gr\u00e1ficas do primeiro e segundo grau.<\/td><\/tr><tr><td class=\"has-text-align-center\" data-align=\"center\">5<\/td><td class=\"has-text-align-center\" data-align=\"center\">18\/04\/26<\/td><td class=\"has-text-align-center\" data-align=\"center\">Volney<\/td><td>Regra de Tr\u00eas Simples e Composta.<\/td><\/tr><tr><td class=\"has-text-align-center\" data-align=\"center\">6<\/td><td class=\"has-text-align-center\" data-align=\"center\">25\/04\/26<\/td><td class=\"has-text-align-center\" data-align=\"center\">Olivaine<\/td><td>Opera\u00e7\u00f5es Alg\u00e9bricas com Polin\u00f4mios; Fatora\u00e7\u00e3o e Produtos Not\u00e1veis.<\/td><\/tr><tr><td class=\"has-text-align-center\" data-align=\"center\">7<\/td><td class=\"has-text-align-center\" data-align=\"center\">09\/05\/26<\/td><td class=\"has-text-align-center\" data-align=\"center\">Volney<\/td><td>Potencia\u00e7\u00e3o e Radicia\u00e7\u00e3o.<\/td><\/tr><tr><td class=\"has-text-align-center\" data-align=\"center\">8<\/td><td class=\"has-text-align-center\" data-align=\"center\">16\/05\/26<\/td><td class=\"has-text-align-center\" data-align=\"center\">Olivaine<\/td><td>Rela\u00e7\u00e3o: Sistema Cartesiano Ortogonal; Produto&nbsp;Cartesiano.<\/td><\/tr><tr><td class=\"has-text-align-center\" data-align=\"center\">9<\/td><td class=\"has-text-align-center\" data-align=\"center\">23\/05\/26<\/td><td class=\"has-text-align-center\" data-align=\"center\">Volney<\/td><td>Exponencia\u00e7\u00e3o e Logaritma\u00e7\u00e3o.<\/td><\/tr><tr><td class=\"has-text-align-center\" data-align=\"center\">10<\/td><td class=\"has-text-align-center\" data-align=\"center\">30\/05\/26<\/td><td class=\"has-text-align-center\" data-align=\"center\">Olivaine<\/td><td>Fun\u00e7\u00e3o: Dom\u00ednio, Imagem e Contradom\u00ednio.<\/td><\/tr><\/tbody><\/table><\/figure>\n\n\n\n<p><\/p>\n<p><\/p>","protected":false},"excerpt":{"rendered":"<p>A Fatec Barueri oferece aos estudantes o Nivelamento de Matem\u00e1tica, um projeto com 10 encontros voltado ao fortalecimento dos conceitos fundamentais da \u00e1rea. A proposta \u00e9 apoiar o processo de ensino e aprendizagem nas disciplinas de exatas, presentes na maioria dos cursos superiores da unidade. As aulas s\u00e3o realizadas aos s\u00e1bados. Fique atento ao calend\u00e1rio acad\u00eamico. Cronograma \u2013 1\u00ba semestre de 2026S\u00e1bados, das 13h30 \u00e0s 15h30In\u00edcio: 07\/03\/2026 Encontro Data Professor Conte\u00fado 1 07\/03\/26 Volney Express\u00f5es num\u00e9ricas. 2 14\/03\/26 Olivaine Opera\u00e7\u00f5es com Conjuntos e Intervalos Num\u00e9ricos. 3 21\/03\/26 Volney C\u00e1lculo de Porcentagem. 4 11\/04\/26 Olivaine Equa\u00e7\u00f5es e Inequa\u00e7\u00f5es com representa\u00e7\u00e3o alg\u00e9bricas&#8230; <\/p>\n","protected":false},"author":2,"featured_media":0,"parent":0,"menu_order":0,"comment_status":"closed","ping_status":"closed","template":"template-no-sidebar.php","meta":{"footnotes":""},"class_list":["post-297","page","type-page","status-publish","hentry"],"_links":{"self":[{"href":"https:\/\/fatecbarueri.edu.br\/home\/wp-json\/wp\/v2\/pages\/297"}],"collection":[{"href":"https:\/\/fatecbarueri.edu.br\/home\/wp-json\/wp\/v2\/pages"}],"about":[{"href":"https:\/\/fatecbarueri.edu.br\/home\/wp-json\/wp\/v2\/types\/page"}],"author":[{"embeddable":true,"href":"https:\/\/fatecbarueri.edu.br\/home\/wp-json\/wp\/v2\/users\/2"}],"replies":[{"embeddable":true,"href":"https:\/\/fatecbarueri.edu.br\/home\/wp-json\/wp\/v2\/comments?post=297"}],"version-history":[{"count":6,"href":"https:\/\/fatecbarueri.edu.br\/home\/wp-json\/wp\/v2\/pages\/297\/revisions"}],"predecessor-version":[{"id":1449,"href":"https:\/\/fatecbarueri.edu.br\/home\/wp-json\/wp\/v2\/pages\/297\/revisions\/1449"}],"wp:attachment":[{"href":"https:\/\/fatecbarueri.edu.br\/home\/wp-json\/wp\/v2\/media?parent=297"}],"curies":[{"name":"wp","href":"https:\/\/api.w.org\/{rel}","templated":true}]}}