{"id":276,"date":"2025-05-25T22:32:52","date_gmt":"2025-05-25T22:32:52","guid":{"rendered":"https:\/\/fatecbarueri.edu.br\/home\/?page_id=276"},"modified":"2025-07-07T18:22:10","modified_gmt":"2025-07-07T18:22:10","slug":"ingetec-revista-cientifica-da-fatec-barueri","status":"publish","type":"page","link":"https:\/\/fatecbarueri.edu.br\/home\/ingetec-revista-cientifica-da-fatec-barueri\/","title":{"rendered":"Ingetec &#8211; Revista Cient\u00edfica da Fatec Barueri"},"content":{"rendered":"\n<p>A Revista Cient\u00edfica da Faculdade de Tecnologia de Barueri (FATEC) foca na publica\u00e7\u00e3o de trabalhos originais oriundos da gradua\u00e7\u00e3o, inicia\u00e7\u00e3o cient\u00edfica, p\u00f3s-gradua\u00e7\u00e3o e pesquisas de docentes que contribuam para estudo, inova\u00e7\u00e3o, perspectivas de futuro e desenvolvimento nas \u00e1reas de Com\u00e9rcio Exterior, Design de M\u00eddias Digitais, Eventos, Gest\u00e3o Empresarial, Gest\u00e3o da Tecnologia da Informa\u00e7\u00e3o, Gest\u00e3o de Recursos Humanos, Log\u00edstica, Transporte Terrestre e \u00e1reas afins.<br>A Inova\u00e7\u00e3o, Gest\u00e3o &amp; Tecnologias tem como objetivo contribuir para o desenvolvimento da pesquisa cient\u00edfica divulgando os avan\u00e7os conquistados pela comunidade acad\u00eamica nas \u00e1reas de atua\u00e7\u00e3o da FATEC Barueri.<br>A revista \u00e9 caracterizada por:<br>\u2022 Atender p\u00fablico acad\u00eamico;<br>\u2022 Garantir publica\u00e7\u00f5es multidisciplinares;<br>\u2022 Oferecer participa\u00e7\u00e3o \u00e0 comunidade;<br>\u2022 Construir parcerias com outras institui\u00e7\u00f5es nacionais;<br>\u2022 Buscar parcerias internacionais com vistas a internacionaliza\u00e7\u00e3o de conte\u00fado e conhecimento;<br>\u2022 Ser uma publica\u00e7\u00e3o em meio digital;<br>\u2022 Ter periodicidade semestral.<\/p>\n\n\n\n<p><a href=\"https:\/\/fatecbarueri.edu.br\/revista\/index.php\/ingetec\/index\" data-type=\"link\" data-id=\"https:\/\/fatecbarueri.edu.br\/revista\/index.php\/ingetec\/index\" target=\"_blank\" rel=\"noreferrer noopener\">Acesse a InGeTec \u2013 Revista Cient\u00edfica da Fatec Barueri clicando neste link.<\/a><\/p>\n\n\n\n<p><\/p>\n<p><\/p>","protected":false},"excerpt":{"rendered":"<p>A Revista Cient\u00edfica da Faculdade de Tecnologia de Barueri (FATEC) foca na publica\u00e7\u00e3o de trabalhos originais oriundos da gradua\u00e7\u00e3o, inicia\u00e7\u00e3o cient\u00edfica, p\u00f3s-gradua\u00e7\u00e3o e pesquisas de docentes que contribuam para estudo, inova\u00e7\u00e3o, perspectivas de futuro e desenvolvimento nas \u00e1reas de Com\u00e9rcio Exterior, Design de M\u00eddias Digitais, Eventos, Gest\u00e3o Empresarial, Gest\u00e3o da Tecnologia da Informa\u00e7\u00e3o, Gest\u00e3o de Recursos Humanos, Log\u00edstica, Transporte Terrestre e \u00e1reas afins.A Inova\u00e7\u00e3o, Gest\u00e3o &amp; Tecnologias tem como objetivo contribuir para o desenvolvimento da pesquisa cient\u00edfica divulgando os avan\u00e7os conquistados pela comunidade acad\u00eamica nas \u00e1reas de atua\u00e7\u00e3o da FATEC Barueri.A revista \u00e9 caracterizada por:\u2022 Atender p\u00fablico acad\u00eamico;\u2022 Garantir publica\u00e7\u00f5es&#8230; <\/p>\n","protected":false},"author":2,"featured_media":745,"parent":0,"menu_order":0,"comment_status":"closed","ping_status":"closed","template":"template-no-sidebar.php","meta":{"footnotes":""},"class_list":["post-276","page","type-page","status-publish","has-post-thumbnail","hentry"],"_links":{"self":[{"href":"https:\/\/fatecbarueri.edu.br\/home\/wp-json\/wp\/v2\/pages\/276"}],"collection":[{"href":"https:\/\/fatecbarueri.edu.br\/home\/wp-json\/wp\/v2\/pages"}],"about":[{"href":"https:\/\/fatecbarueri.edu.br\/home\/wp-json\/wp\/v2\/types\/page"}],"author":[{"embeddable":true,"href":"https:\/\/fatecbarueri.edu.br\/home\/wp-json\/wp\/v2\/users\/2"}],"replies":[{"embeddable":true,"href":"https:\/\/fatecbarueri.edu.br\/home\/wp-json\/wp\/v2\/comments?post=276"}],"version-history":[{"count":3,"href":"https:\/\/fatecbarueri.edu.br\/home\/wp-json\/wp\/v2\/pages\/276\/revisions"}],"predecessor-version":[{"id":746,"href":"https:\/\/fatecbarueri.edu.br\/home\/wp-json\/wp\/v2\/pages\/276\/revisions\/746"}],"wp:featuredmedia":[{"embeddable":true,"href":"https:\/\/fatecbarueri.edu.br\/home\/wp-json\/wp\/v2\/media\/745"}],"wp:attachment":[{"href":"https:\/\/fatecbarueri.edu.br\/home\/wp-json\/wp\/v2\/media?parent=276"}],"curies":[{"name":"wp","href":"https:\/\/api.w.org\/{rel}","templated":true}]}}