{"id":168,"date":"2025-05-23T19:47:27","date_gmt":"2025-05-23T19:47:27","guid":{"rendered":"https:\/\/fatecbarueri.edu.br\/home\/?page_id=168"},"modified":"2026-01-15T20:51:04","modified_gmt":"2026-01-15T20:51:04","slug":"trabalho-de-graduacao","status":"publish","type":"page","link":"https:\/\/fatecbarueri.edu.br\/home\/trabalho-de-graduacao\/","title":{"rendered":"Trabalho de Gradua\u00e7\u00e3o"},"content":{"rendered":"\n<p>O Trabalho de Gradua\u00e7\u00e3o \u00e9 um requisito obrigat\u00f3rio para a conclus\u00e3o dos Cursos Superiores de Gradua\u00e7\u00e3o Tecnol\u00f3gica oferecidos pela Fatec Barueri, situando-se nos dois \u00faltimos semestres, sob orienta\u00e7\u00e3o de docente da Unidade de Ensino.<\/p>\n\n\n\n<p>O Trabalho de Gradua\u00e7\u00e3o (TG) tem por finalidade o desenvolvimento de um trabalho cient\u00edfico\/tecnol\u00f3gico e\/ou desenvolvimento de produtos ou servi\u00e7os relevantes \u00e0 \u00e1rea de forma\u00e7\u00e3o do aluno.<\/p>\n\n\n\n<p>A realiza\u00e7\u00e3o do Trabalho de Gradua\u00e7\u00e3o possibilita ao aluno o exerc\u00edcio da reflex\u00e3o e desenvolvimento de habilidades de an\u00e1lise e de cr\u00edtica sobre as condi\u00e7\u00f5es e procedimentos, em que o saber, em seu campo de conhecimento, \u00e9 produzido.<\/p>\n\n\n\n<p>O Trabalho de Gradua\u00e7\u00e3o poder\u00e1 ser um trabalho de revis\u00e3o bibliogr\u00e1fica, uma pesquisa de campo, um estudo de caso, um relato tecnol\u00f3gico ou um plano de neg\u00f3cio.<\/p>\n\n\n\n<p><strong>Para saber mais sobre Trabalho de Gradua\u00e7\u00e3o <\/strong>consulte:<\/p>\n\n\n\n<p>Portaria da Dire\u00e7\u00e3o n\u00ba 96-2022<\/p>\n\n\n\n<p>Anexos da Portaria da Dire\u00e7\u00e3o<\/p>\n\n\n\n<p>Linhas de Pesquisa e Professores Orientadores<\/p>\n\n\n\n<p>Manual para Elabora\u00e7\u00e3o de Trabalho Acad\u00eamico-cient\u00edficos: Projeto de Pesquisa, Artigo Cient\u00edfico, Monografia, Relato de Experi\u00eancia e Plano de Neg\u00f3cio<\/p>\n\n\n\n<h2 class=\"wp-block-heading\"><strong>Trabalhos de Gradua\u00e7\u00e3o (downloads)<\/strong><\/h2>\n\n\n\n<p><strong><a href=\"https:\/\/fatecbarueri.edu.br\/home\/wp-content\/uploads\/2026\/01\/CALENDARIO-DE-ENTREGA-DA-DOCUMENTACAO-DO-TRABALHO-DE-GRADUACAO-1o2026_FATEC_BARUERI-2.pdf\">CALEND\u00c1RIO DO TRABALHO DE GRADUA\u00c7\u00c3O (1\u00ba Semestre 2026)<\/a><\/strong><\/p>\n\n\n\n<p><a href=\"https:\/\/fatecbarueri.edu.br\/home\/wp-content\/uploads\/2025\/07\/Portaria-da-Direcao-no-80_2025-Regulamenta-as-atividadades-de-TG.pdf\" data-type=\"link\" data-id=\"https:\/\/fatecbarueri.edu.br\/home\/wp-content\/uploads\/2025\/07\/Portaria-da-Direcao-no-80_2025-Regulamenta-as-atividadades-de-TG.pdf\" target=\"_blank\" rel=\"noreferrer noopener\"><strong>Portaria da Dire\u00e7\u00e3o n\u00ba 80 2025 &#8211; Regulamenta as atividadades de TG<\/strong><\/a><\/p>\n\n\n\n<p><strong>Anexos da Portaria (downloads):<\/strong><\/p>\n\n\n\n<p><a href=\"https:\/\/fatecbarueri.edu.br\/home\/wp-content\/uploads\/2025\/07\/Anexo-1-Formulario-de-inscricao-para-Trabalho-de-Graduacao-I-ou-II.docx\" data-type=\"link\" data-id=\"https:\/\/fatecbarueri.edu.br\/home\/wp-content\/uploads\/2025\/07\/Anexo-1-Formulario-de-inscricao-para-Trabalho-de-Graduacao-I-ou-II.docx\">Anexo 1 &#8211; Formul\u00e1rio de inscri\u00e7\u00e3o para Trabalho de Gradua\u00e7\u00e3o I ou II<\/a><\/p>\n\n\n\n<p><a href=\"https:\/\/fatecbarueri.edu.br\/home\/wp-content\/uploads\/2025\/07\/Anexo-2-Solicitacao-de-mudanca-de-orientador-de-Trabalho-de-Graduacao.docx\" data-type=\"link\" data-id=\"https:\/\/fatecbarueri.edu.br\/home\/wp-content\/uploads\/2025\/07\/Anexo-2-Solicitacao-de-mudanca-de-orientador-de-Trabalho-de-Graduacao.docx\" target=\"_blank\" rel=\"noreferrer noopener\">Anexo 2 &#8211; Solicita\u00e7\u00e3o de mudan\u00e7a de orientador de Trabalho de Gradua\u00e7\u00e3o<\/a><\/p>\n\n\n\n<p><a href=\"https:\/\/fatecbarueri.edu.br\/home\/wp-content\/uploads\/2025\/07\/Anexo-3-Solicitacao-de-mudanca-de-grupo-de-Trabalho-de-Graduacao.docx\" data-type=\"link\" data-id=\"https:\/\/fatecbarueri.edu.br\/home\/wp-content\/uploads\/2025\/07\/Anexo-3-Solicitacao-de-mudanca-de-grupo-de-Trabalho-de-Graduacao.docx\" target=\"_blank\" rel=\"noreferrer noopener\">Anexo 3 &#8211; Solicita\u00e7\u00e3o de mudan\u00e7a de grupo de Trabalho de Gradua\u00e7\u00e3o<\/a><\/p>\n\n\n\n<p><a href=\"https:\/\/fatecbarueri.edu.br\/home\/wp-content\/uploads\/2025\/07\/Anexo-4-Ficha-de-acompanhamento-de-orientacao-de-Trabalho-de-Graduacao-\u2013-TG-I-ou-TG-II.docx\" data-type=\"link\" data-id=\"https:\/\/fatecbarueri.edu.br\/home\/wp-content\/uploads\/2025\/07\/Anexo-4-Ficha-de-acompanhamento-de-orientacao-de-Trabalho-de-Graduacao-\u2013-TG-I-ou-TG-II.docx\">Anexo 4 &#8211; Ficha de acompanhamento de orienta\u00e7\u00e3o de Trabalho de Gradua\u00e7\u00e3o \u2013 TG I ou TG II<\/a><\/p>\n\n\n\n<p><a href=\"https:\/\/fatecbarueri.edu.br\/home\/wp-content\/uploads\/2025\/07\/Anexo-5-Termo-de-concordancia-a-submissao-do-Trabalho-de-Graduacao-a-banca-examinadora.docx\" data-type=\"link\" data-id=\"https:\/\/fatecbarueri.edu.br\/home\/wp-content\/uploads\/2025\/07\/Anexo-5-Termo-de-concordancia-a-submissao-do-Trabalho-de-Graduacao-a-banca-examinadora.docx\" target=\"_blank\" rel=\"noreferrer noopener\">Anexo 5 &#8211; Termo de concord\u00e2ncia \u00e0 submiss\u00e3o do Trabalho de Gradua\u00e7\u00e3o \u00e0 banca examinadora<\/a><\/p>\n\n\n\n<p><a href=\"https:\/\/fatecbarueri.edu.br\/home\/wp-content\/uploads\/2025\/07\/Anexo-6-Ata-de-defesa-publica-do-Trabalho-de-Graduacao.docx\" data-type=\"link\" data-id=\"https:\/\/fatecbarueri.edu.br\/home\/wp-content\/uploads\/2025\/07\/Anexo-6-Ata-de-defesa-publica-do-Trabalho-de-Graduacao.docx\" target=\"_blank\" rel=\"noreferrer noopener\">Anexo 6 &#8211; Ata de defesa p\u00fablica do Trabalho de Gradua\u00e7\u00e3o<\/a><\/p>\n\n\n\n<p><a href=\"https:\/\/fatecbarueri.edu.br\/home\/wp-content\/uploads\/2025\/07\/Anexo-7-Declaracao-da-entrega-da-versao-final-do-Trabalho-de-Graduacao-TG.docx\" data-type=\"link\" data-id=\"https:\/\/fatecbarueri.edu.br\/home\/wp-content\/uploads\/2025\/07\/Anexo-7-Declaracao-da-entrega-da-versao-final-do-Trabalho-de-Graduacao-TG.docx\" target=\"_blank\" rel=\"noreferrer noopener\">Anexo 7 &#8211; Declara\u00e7\u00e3o da entrega da vers\u00e3o final do Trabalho de Gradua\u00e7\u00e3o (TG)<\/a><\/p>\n\n\n\n<p><a href=\"https:\/\/fatecbarueri.edu.br\/home\/wp-content\/uploads\/2025\/07\/Anexo-8-Lista-de-alteracoes-sugeridas-pela-banca-examinadora-somente-em-caso-de-aprovacao.docx\" data-type=\"link\" data-id=\"https:\/\/fatecbarueri.edu.br\/home\/wp-content\/uploads\/2025\/07\/Anexo-8-Lista-de-alteracoes-sugeridas-pela-banca-examinadora-somente-em-caso-de-aprovacao.docx\" target=\"_blank\" rel=\"noreferrer noopener\">Anexo 8 &#8211; Lista de altera\u00e7\u00f5es sugeridas pela banca examinadora (somente em caso de aprova\u00e7\u00e3o)<\/a><\/p>\n\n\n\n<p><a href=\"https:\/\/fatecbarueri.edu.br\/home\/wp-content\/uploads\/2025\/07\/Anexo-9-Autorizacao-de-participacao-em-eventos-academicos-cientificos-ou-tecnologicos-para-fins-de-equivalencia-do-Trabalho-de-Graduacao-TG-I-ou-TG-II.docx\" data-type=\"link\" data-id=\"https:\/\/fatecbarueri.edu.br\/home\/wp-content\/uploads\/2025\/07\/Anexo-9-Autorizacao-de-participacao-em-eventos-academicos-cientificos-ou-tecnologicos-para-fins-de-equivalencia-do-Trabalho-de-Graduacao-TG-I-ou-TG-II.docx\" target=\"_blank\" rel=\"noreferrer noopener\">Anexo 9 &#8211; Autoriza\u00e7\u00e3o de participa\u00e7\u00e3o em eventos acad\u00eamicos, cient\u00edficos ou tecnol\u00f3gicos para fins de equival\u00eancia do Trabalho de Gradua\u00e7\u00e3o (TG I ou TG II)<\/a><\/p>\n\n\n\n<p><a href=\"https:\/\/fatecbarueri.edu.br\/home\/wp-content\/uploads\/2025\/07\/Anexo-10-Termo-de-autorizacao-para-Deposito-e-disponibilizacao-do-Trabalho-de-Graduacao-TG-no-Repositorio-Institucional-do-Conhecimento-RIC-CPS.docx\" data-type=\"link\" data-id=\"https:\/\/fatecbarueri.edu.br\/home\/wp-content\/uploads\/2025\/07\/Anexo-10-Termo-de-autorizacao-para-Deposito-e-disponibilizacao-do-Trabalho-de-Graduacao-TG-no-Repositorio-Institucional-do-Conhecimento-RIC-CPS.docx\" target=\"_blank\" rel=\"noreferrer noopener\">Anexo 10 &#8211; Termo de autoriza\u00e7\u00e3o para Dep\u00f3sito e disponibiliza\u00e7\u00e3o do Trabalho de Gradua\u00e7\u00e3o (TG) no Reposit\u00f3rio Institucional do Conhecimento (RIC-CPS)<\/a><\/p>\n\n\n\n<p><a href=\"https:\/\/fatecbarueri.edu.br\/home\/wp-content\/uploads\/2025\/07\/Apendice-A-\u2013-Areas-e-Linhas-de-Pesquisa.docx\" data-type=\"link\" data-id=\"https:\/\/fatecbarueri.edu.br\/home\/wp-content\/uploads\/2025\/07\/Apendice-A-\u2013-Areas-e-Linhas-de-Pesquisa.docx\" target=\"_blank\" rel=\"noreferrer noopener\">Ap\u00eandice A \u2013 \u00c1reas e Linhas de Pesquisa<\/a><\/p>\n\n\n\n<p><a href=\"https:\/\/fatecbarueri.edu.br\/home\/wp-content\/uploads\/2025\/07\/Apendice-B-\u2013-Diretrizes-para-avaliacao-de-Trabalho-de-Graduacao-I.docx\" data-type=\"link\" data-id=\"https:\/\/fatecbarueri.edu.br\/home\/wp-content\/uploads\/2025\/07\/Apendice-B-\u2013-Diretrizes-para-avaliacao-de-Trabalho-de-Graduacao-I.docx\" target=\"_blank\" rel=\"noreferrer noopener\">Ap\u00eandice B \u2013 Diretrizes para avalia\u00e7\u00e3o de Trabalho de Gradua\u00e7\u00e3o I<\/a><\/p>\n\n\n\n<p><a href=\"https:\/\/fatecbarueri.edu.br\/home\/wp-content\/uploads\/2025\/07\/Apendice-C-\u2013-Diretrizes-para-avaliacao-do-Trabalho-De-Graduacao-II.docx\" data-type=\"link\" data-id=\"https:\/\/fatecbarueri.edu.br\/home\/wp-content\/uploads\/2025\/07\/Apendice-C-\u2013-Diretrizes-para-avaliacao-do-Trabalho-De-Graduacao-II.docx\" target=\"_blank\" rel=\"noreferrer noopener\">Ap\u00eandice C \u2013 Diretrizes para avalia\u00e7\u00e3o do Trabalho De Gradua\u00e7\u00e3o II<\/a><\/p>\n\n\n\n<p><a href=\"https:\/\/fatecbarueri.edu.br\/home\/wp-content\/uploads\/2025\/08\/TG_Manual-Para-Elaboracao-de-Trabalhos-Academico-Cientificos-versao-2025.pdf\" target=\"_blank\" rel=\"noreferrer noopener\">MANUAL PARA ELABORA\u00c7\u00c3O DE TRABALHOS ACAD\u00caMICO-CIENT\u00cdFICOS: PROJETO DE PESQUISA, ARTIGO CIENT\u00cdFICO, MONOGRAFIA, RELATO DE EXPERI\u00caNCIA E PLANO DE NEG\u00d3CIO<\/a><\/p>\n\n\n\n<p><a href=\"https:\/\/fatecbarueri.edu.br\/home\/wp-content\/uploads\/2025\/07\/TRABALHO-DE-GRADUACAO-LINHAS-DE-PESQUISA-DADOS-DOS-PROFESSORES.pdf\" data-type=\"link\" data-id=\"https:\/\/fatecbarueri.edu.br\/home\/wp-content\/uploads\/2025\/07\/TRABALHO-DE-GRADUACAO-LINHAS-DE-PESQUISA-DADOS-DOS-PROFESSORES.pdf\" target=\"_blank\" rel=\"noreferrer noopener\">LINHAS DE PESQUISA E PROFESSORES ORIENTADORES<\/a><\/p>\n\n\n\n<p><\/p>\n<p><\/p>","protected":false},"excerpt":{"rendered":"<p>O Trabalho de Gradua\u00e7\u00e3o \u00e9 um requisito obrigat\u00f3rio para a conclus\u00e3o dos Cursos Superiores de Gradua\u00e7\u00e3o Tecnol\u00f3gica oferecidos pela Fatec Barueri, situando-se nos dois \u00faltimos semestres, sob orienta\u00e7\u00e3o de docente da Unidade de Ensino. O Trabalho de Gradua\u00e7\u00e3o (TG) tem por finalidade o desenvolvimento de um trabalho cient\u00edfico\/tecnol\u00f3gico e\/ou desenvolvimento de produtos ou servi\u00e7os relevantes \u00e0 \u00e1rea de forma\u00e7\u00e3o do aluno. A realiza\u00e7\u00e3o do Trabalho de Gradua\u00e7\u00e3o possibilita ao aluno o exerc\u00edcio da reflex\u00e3o e desenvolvimento de habilidades de an\u00e1lise e de cr\u00edtica sobre as condi\u00e7\u00f5es e procedimentos, em que o saber, em seu campo de conhecimento, \u00e9 produzido. O&#8230; <\/p>\n","protected":false},"author":2,"featured_media":0,"parent":0,"menu_order":0,"comment_status":"closed","ping_status":"closed","template":"template-no-sidebar.php","meta":{"footnotes":""},"class_list":["post-168","page","type-page","status-publish","hentry"],"_links":{"self":[{"href":"https:\/\/fatecbarueri.edu.br\/home\/wp-json\/wp\/v2\/pages\/168"}],"collection":[{"href":"https:\/\/fatecbarueri.edu.br\/home\/wp-json\/wp\/v2\/pages"}],"about":[{"href":"https:\/\/fatecbarueri.edu.br\/home\/wp-json\/wp\/v2\/types\/page"}],"author":[{"embeddable":true,"href":"https:\/\/fatecbarueri.edu.br\/home\/wp-json\/wp\/v2\/users\/2"}],"replies":[{"embeddable":true,"href":"https:\/\/fatecbarueri.edu.br\/home\/wp-json\/wp\/v2\/comments?post=168"}],"version-history":[{"count":11,"href":"https:\/\/fatecbarueri.edu.br\/home\/wp-json\/wp\/v2\/pages\/168\/revisions"}],"predecessor-version":[{"id":1252,"href":"https:\/\/fatecbarueri.edu.br\/home\/wp-json\/wp\/v2\/pages\/168\/revisions\/1252"}],"wp:attachment":[{"href":"https:\/\/fatecbarueri.edu.br\/home\/wp-json\/wp\/v2\/media?parent=168"}],"curies":[{"name":"wp","href":"https:\/\/api.w.org\/{rel}","templated":true}]}}