{"id":164,"date":"2025-05-23T19:45:50","date_gmt":"2025-05-23T19:45:50","guid":{"rendered":"https:\/\/fatecbarueri.edu.br\/home\/?page_id=164"},"modified":"2026-04-01T18:01:48","modified_gmt":"2026-04-01T18:01:48","slug":"tecnologo-em-transporte-terrestre","status":"publish","type":"page","link":"https:\/\/fatecbarueri.edu.br\/home\/tecnologo-em-transporte-terrestre\/","title":{"rendered":"Tecn\u00f3logo em Transporte Terrestre"},"content":{"rendered":"\n<figure class=\"wp-block-image size-full\"><img loading=\"lazy\" decoding=\"async\" width=\"1024\" height=\"416\" src=\"https:\/\/fatecbarueri.edu.br\/home\/wp-content\/uploads\/2025\/05\/TT.png\" alt=\"\" class=\"wp-image-186\" srcset=\"https:\/\/fatecbarueri.edu.br\/home\/wp-content\/uploads\/2025\/05\/TT.png 1024w, https:\/\/fatecbarueri.edu.br\/home\/wp-content\/uploads\/2025\/05\/TT-300x122.png 300w, https:\/\/fatecbarueri.edu.br\/home\/wp-content\/uploads\/2025\/05\/TT-768x312.png 768w\" sizes=\"(max-width: 1024px) 100vw, 1024px\" \/><\/figure>\n\n\n\n<p><\/p>\n\n\n\n<h3 class=\"wp-block-heading\">O que faz o Tecn\u00f3logo?<\/h3>\n\n\n\n<p>Os profissionais formados pelo curso de Tecnologia em Transporte Terrestre t\u00eam a qualifica\u00e7\u00e3o para tratar a quest\u00e3o da mobilidade urbana e a articula\u00e7\u00e3o de meios de transporte em vias urbanas, rodovi\u00e1rias e ferrovi\u00e1rias que as viabilizem de forma sustent\u00e1vel e com qualidade de vida \u00e0s pessoas.<\/p>\n\n\n\n<h3 class=\"wp-block-heading\">Onde atua?<\/h3>\n\n\n\n<p>Em companhias de tr\u00e1fego; nos setores de educa\u00e7\u00e3o, seguran\u00e7a no tr\u00e2nsito, sinaliza\u00e7\u00f5es rodovi\u00e1ria ou ferrovi\u00e1ria. Em institui\u00e7\u00f5es do setor p\u00fablico ou privado projetando, fiscalizando, acompanhando obras de infraestrutura rodovi\u00e1ria ou ferrovi\u00e1ria e analisando seus impactos ao meio. No setor de opera\u00e7\u00f5es de empresas de transporte.<\/p>\n\n\n\n<h3 class=\"wp-block-heading\">O que se estuda?<\/h3>\n\n\n\n<p>C\u00e1lculo, F\u00edsica, Resist\u00eancia dos Materiais, Mec\u00e2nica dos Solos, Desenho assistido por Computador, Projeto geom\u00e9trico vias, Dimensionamento de frota, Planejamento urbano, Tecnologia dos Transportes, Sinaliza\u00e7\u00e3o Rodovi\u00e1ria e Ferrovi\u00e1ria, Tecnologias Energ\u00e9ticas, Economia dos Transportes, Seguran\u00e7a vi\u00e1ria,Ingl\u00eas e muito mais.<\/p>\n\n\n\n<p><strong>Dura\u00e7\u00e3o do curso:<\/strong>&nbsp;6 semestres<\/p>\n\n\n\n<p><strong>Hor\u00e1rio das aulas<\/strong><\/p>\n\n\n\n<p><strong>Noturno: <\/strong>Segunda a Sexta-feira &#8211; das&nbsp;18h30min \u00e0s 22h50min<\/p>\n\n\n\n<p>Download do Novo <strong><a href=\"https:\/\/fatecbarueri.edu.br\/home\/wp-content\/uploads\/2025\/08\/PPC-CST_TT_Noturno.pdf\" data-type=\"link\" data-id=\"https:\/\/fatecbarueri.edu.br\/home\/wp-content\/uploads\/2025\/07\/PPC-CST-em-Transporte-Terrestre.pdf\">Projeto Pedag\u00f3gico do curso de Transporte Terrestre<\/a><\/strong> (Curriculariza\u00e7\u00e3o).<\/p>\n\n\n\n<p><\/p>\n\n\n\n<p>Saiba mais o que se estuda fazendo o download dos <a href=\"https:\/\/fatecbarueri.edu.br\/home\/wp-content\/uploads\/2021\/07\/TT_NovaMatrizCurricular.pdf\" target=\"_blank\" rel=\"noreferrer noopener\"><strong>Componentes Curriculares do curso (nova grade)<\/strong><\/a>.<\/p>\n\n\n\n<p>Download do <a href=\"https:\/\/fatecbarueri.edu.br\/home\/wp-content\/uploads\/2021\/07\/TransporteTerrestre_FatecBarueri_2021_v2.pdf\" target=\"_blank\" rel=\"noreferrer noopener\"><strong>Projeto Pedag\u00f3gico do curso de Transporte Terrestre<\/strong> Noturno<\/a>.<\/p>\n\n\n\n<p><\/p>\n\n\n\n<p><strong>Coordenador do curso: Prof. Dr. Germano Manuel Correia<\/strong><\/p>\n\n\n\n<p><strong>Contato:&nbsp;<\/strong><a href=\"mailto:f209coord.tte@cps.sp.gov.br\" target=\"_blank\" rel=\"noreferrer noopener\">f209coord.tte@cps.sp.gov.br<\/a><\/p>\n\n\n\n<p>Clique aqui e <strong><a href=\"https:\/\/fatecbarueri.edu.br\/home\/estude-conosco\/\">ESTUDE CONOSCO<\/a><\/strong>.<\/p>\n\n\n\n<p><\/p>\n<p><\/p>","protected":false},"excerpt":{"rendered":"<p>O que faz o Tecn\u00f3logo? Os profissionais formados pelo curso de Tecnologia em Transporte Terrestre t\u00eam a qualifica\u00e7\u00e3o para tratar a quest\u00e3o da mobilidade urbana e a articula\u00e7\u00e3o de meios de transporte em vias urbanas, rodovi\u00e1rias e ferrovi\u00e1rias que as viabilizem de forma sustent\u00e1vel e com qualidade de vida \u00e0s pessoas. Onde atua? Em companhias de tr\u00e1fego; nos setores de educa\u00e7\u00e3o, seguran\u00e7a no tr\u00e2nsito, sinaliza\u00e7\u00f5es rodovi\u00e1ria ou ferrovi\u00e1ria. Em institui\u00e7\u00f5es do setor p\u00fablico ou privado projetando, fiscalizando, acompanhando obras de infraestrutura rodovi\u00e1ria ou ferrovi\u00e1ria e analisando seus impactos ao meio. No setor de opera\u00e7\u00f5es de empresas de transporte. O que&#8230; <\/p>\n","protected":false},"author":2,"featured_media":0,"parent":0,"menu_order":0,"comment_status":"closed","ping_status":"closed","template":"template-no-sidebar.php","meta":{"footnotes":""},"class_list":["post-164","page","type-page","status-publish","hentry"],"_links":{"self":[{"href":"https:\/\/fatecbarueri.edu.br\/home\/wp-json\/wp\/v2\/pages\/164"}],"collection":[{"href":"https:\/\/fatecbarueri.edu.br\/home\/wp-json\/wp\/v2\/pages"}],"about":[{"href":"https:\/\/fatecbarueri.edu.br\/home\/wp-json\/wp\/v2\/types\/page"}],"author":[{"embeddable":true,"href":"https:\/\/fatecbarueri.edu.br\/home\/wp-json\/wp\/v2\/users\/2"}],"replies":[{"embeddable":true,"href":"https:\/\/fatecbarueri.edu.br\/home\/wp-json\/wp\/v2\/comments?post=164"}],"version-history":[{"count":13,"href":"https:\/\/fatecbarueri.edu.br\/home\/wp-json\/wp\/v2\/pages\/164\/revisions"}],"predecessor-version":[{"id":1415,"href":"https:\/\/fatecbarueri.edu.br\/home\/wp-json\/wp\/v2\/pages\/164\/revisions\/1415"}],"wp:attachment":[{"href":"https:\/\/fatecbarueri.edu.br\/home\/wp-json\/wp\/v2\/media?parent=164"}],"curies":[{"name":"wp","href":"https:\/\/api.w.org\/{rel}","templated":true}]}}