{"id":160,"date":"2025-05-23T19:44:36","date_gmt":"2025-05-23T19:44:36","guid":{"rendered":"https:\/\/fatecbarueri.edu.br\/home\/?page_id=160"},"modified":"2026-02-09T16:52:03","modified_gmt":"2026-02-09T16:52:03","slug":"tecnologo-em-gestao-empresarial-ead","status":"publish","type":"page","link":"https:\/\/fatecbarueri.edu.br\/home\/tecnologo-em-gestao-empresarial-ead\/","title":{"rendered":"Tecn\u00f3logo em Gest\u00e3o Empresarial EaD"},"content":{"rendered":"\n<figure class=\"wp-block-image size-full\"><img loading=\"lazy\" decoding=\"async\" width=\"1024\" height=\"416\" src=\"https:\/\/fatecbarueri.edu.br\/home\/wp-content\/uploads\/2025\/05\/GE.png\" alt=\"\" class=\"wp-image-180\" srcset=\"https:\/\/fatecbarueri.edu.br\/home\/wp-content\/uploads\/2025\/05\/GE.png 1024w, https:\/\/fatecbarueri.edu.br\/home\/wp-content\/uploads\/2025\/05\/GE-300x122.png 300w, https:\/\/fatecbarueri.edu.br\/home\/wp-content\/uploads\/2025\/05\/GE-768x312.png 768w\" sizes=\"(max-width: 1024px) 100vw, 1024px\" \/><\/figure>\n\n\n\n<p><\/p>\n\n\n\n<h3 class=\"wp-block-heading\">O que faz o Tecn\u00f3logo?<\/h3>\n\n\n\n<p>O Tecn\u00f3logo em Gest\u00e3o Empresarial (Processos Gerenciais) elabora e implementa planos de neg\u00f3cios, utilizando m\u00e9todos e t\u00e9cnicas de gest\u00e3o na forma\u00e7\u00e3o e organiza\u00e7\u00e3o empresarial especificamente nos processos de comercializa\u00e7\u00e3o, suprimento, armazenamento, movimenta\u00e7\u00e3o de materiais e no gerenciamento de recursos financeiros e humanos. A habilidade para lidar com pessoas, capacidade de comunica\u00e7\u00e3o, trabalho em equipe, lideran\u00e7a, negocia\u00e7\u00e3o, busca de informa\u00e7\u00f5es, tomada de decis\u00e3o em contextos econ\u00f4micos, pol\u00edticos, culturais e sociais distintos, s\u00e3o requisitos importantes a esse profissional.<\/p>\n\n\n\n<h3 class=\"wp-block-heading\">Onde atua?<\/h3>\n\n\n\n<p>Os profissionais formados podem atuar tanto em \u00e2mbito nacional, como gestor, em raz\u00e3o da forma\u00e7\u00e3o recebida, como em \u00e2mbito estadual com as compet\u00eancias espec\u00edficas para atuar nas peculiaridades da economia estadual\/regional, em especial em seu pr\u00f3prio neg\u00f3cio (consultoria, turismo, com\u00e9rcio, ind\u00fastria etc.), em pequenas empresas, na continuidade de empresas familiares, modernizando-as, nas m\u00e9dias empresas da regi\u00e3o, no setor p\u00fablico, nas entidades particulares, tais como: cooperativas e associa\u00e7\u00f5es, dentre outras.<\/p>\n\n\n\n<h3 class=\"wp-block-heading\">O que se estuda?<\/h3>\n\n\n\n<p>Comunica\u00e7\u00e3o e Express\u00e3o, Matem\u00e1tica, Contabilidade, Administra\u00e7\u00e3o, Inform\u00e1tica Aplicada a Gest\u00e3o, Comportamento Organizacional, Estat\u00edstica, Gest\u00e3o Ambiental, Economia, Gest\u00e3o e Planejamento de Marketing, Gest\u00e3o de Pessoas, Direito Empresarial, Gest\u00e3o Financeira, Log\u00edstica, An\u00e1lise de Investimentos, Gest\u00e3o de Projetos, Neg\u00f3cios Internacionais, Ingl\u00eas e Espanhol e muito mais&#8230;<\/p>\n\n\n\n<p><strong>Dura\u00e7\u00e3o do curso:<\/strong>&nbsp;6 semestres<\/p>\n\n\n\n<p><strong>Hor\u00e1rio das aulas:<\/strong> Curso a Dist\u00e2ncia.<\/p>\n\n\n\n<p><strong>Download<\/strong> do <a href=\"https:\/\/fatecbarueri.edu.br\/home\/wp-content\/uploads\/2025\/08\/PPC-Fatec-Sao-Paulo-CST-Gestao-Empresarial-EaD_2025-1.pdf\" target=\"_blank\" rel=\"noreferrer noopener\"><strong>Projeto Pedag\u00f3gico do curso de Gest\u00e3o Empresarial (EaD)<\/strong><\/a>.<\/p>\n\n\n\n<p><strong>Orientadora de polo: Prof. Dra. Laudiceia Lino de Alencar Rodrigues<\/strong><\/p>\n\n\n\n<p>Contato: <a href=\"mailto:f209.ge@fatec.sp.gov.br\" target=\"_blank\" rel=\"noreferrer noopener\">f209.ge@fatec.sp.gov.br<\/a><\/p>\n\n\n\n<p>Clique aqui e&nbsp;<strong><a href=\"https:\/\/fatecbarueri.edu.br\/home\/estude-conosco\/\">ESTUDE CONOSCO<\/a><\/strong>.<\/p>\n\n\n\n<p>Aluno, acesse o ambiente virtual de aprendizagem (AVA):<\/p>\n\n\n\n<div class=\"wp-block-buttons is-layout-flex wp-block-buttons-is-layout-flex\">\n<div class=\"wp-block-button\"><a class=\"wp-block-button__link wp-element-button\" href=\"https:\/\/eadfatec.cps.sp.gov.br\/\" target=\"_blank\" rel=\"noreferrer noopener\">AVA &#8211; EaD<\/a><\/div>\n<\/div>\n\n\n\n<p><\/p>\n<p><\/p>","protected":false},"excerpt":{"rendered":"<p>O que faz o Tecn\u00f3logo? O Tecn\u00f3logo em Gest\u00e3o Empresarial (Processos Gerenciais) elabora e implementa planos de neg\u00f3cios, utilizando m\u00e9todos e t\u00e9cnicas de gest\u00e3o na forma\u00e7\u00e3o e organiza\u00e7\u00e3o empresarial especificamente nos processos de comercializa\u00e7\u00e3o, suprimento, armazenamento, movimenta\u00e7\u00e3o de materiais e no gerenciamento de recursos financeiros e humanos. A habilidade para lidar com pessoas, capacidade de comunica\u00e7\u00e3o, trabalho em equipe, lideran\u00e7a, negocia\u00e7\u00e3o, busca de informa\u00e7\u00f5es, tomada de decis\u00e3o em contextos econ\u00f4micos, pol\u00edticos, culturais e sociais distintos, s\u00e3o requisitos importantes a esse profissional. Onde atua? Os profissionais formados podem atuar tanto em \u00e2mbito nacional, como gestor, em raz\u00e3o da forma\u00e7\u00e3o recebida, como&#8230; <\/p>\n","protected":false},"author":2,"featured_media":0,"parent":0,"menu_order":0,"comment_status":"closed","ping_status":"closed","template":"template-no-sidebar.php","meta":{"footnotes":""},"class_list":["post-160","page","type-page","status-publish","hentry"],"_links":{"self":[{"href":"https:\/\/fatecbarueri.edu.br\/home\/wp-json\/wp\/v2\/pages\/160"}],"collection":[{"href":"https:\/\/fatecbarueri.edu.br\/home\/wp-json\/wp\/v2\/pages"}],"about":[{"href":"https:\/\/fatecbarueri.edu.br\/home\/wp-json\/wp\/v2\/types\/page"}],"author":[{"embeddable":true,"href":"https:\/\/fatecbarueri.edu.br\/home\/wp-json\/wp\/v2\/users\/2"}],"replies":[{"embeddable":true,"href":"https:\/\/fatecbarueri.edu.br\/home\/wp-json\/wp\/v2\/comments?post=160"}],"version-history":[{"count":8,"href":"https:\/\/fatecbarueri.edu.br\/home\/wp-json\/wp\/v2\/pages\/160\/revisions"}],"predecessor-version":[{"id":1286,"href":"https:\/\/fatecbarueri.edu.br\/home\/wp-json\/wp\/v2\/pages\/160\/revisions\/1286"}],"wp:attachment":[{"href":"https:\/\/fatecbarueri.edu.br\/home\/wp-json\/wp\/v2\/media?parent=160"}],"curies":[{"name":"wp","href":"https:\/\/api.w.org\/{rel}","templated":true}]}}