{"id":158,"date":"2025-05-23T19:43:40","date_gmt":"2025-05-23T19:43:40","guid":{"rendered":"https:\/\/fatecbarueri.edu.br\/home\/?page_id=158"},"modified":"2025-08-07T17:34:19","modified_gmt":"2025-08-07T17:34:19","slug":"tecnologo-em-gestao-de-recursos-humanos","status":"publish","type":"page","link":"https:\/\/fatecbarueri.edu.br\/home\/tecnologo-em-gestao-de-recursos-humanos\/","title":{"rendered":"Tecn\u00f3logo em Gest\u00e3o de Recursos Humanos"},"content":{"rendered":"\n<figure class=\"wp-block-image size-full\"><img loading=\"lazy\" decoding=\"async\" width=\"1024\" height=\"416\" src=\"https:\/\/fatecbarueri.edu.br\/home\/wp-content\/uploads\/2025\/05\/GRH.png\" alt=\"\" class=\"wp-image-182\" srcset=\"https:\/\/fatecbarueri.edu.br\/home\/wp-content\/uploads\/2025\/05\/GRH.png 1024w, https:\/\/fatecbarueri.edu.br\/home\/wp-content\/uploads\/2025\/05\/GRH-300x122.png 300w, https:\/\/fatecbarueri.edu.br\/home\/wp-content\/uploads\/2025\/05\/GRH-768x312.png 768w\" sizes=\"(max-width: 1024px) 100vw, 1024px\" \/><\/figure>\n\n\n\n<p><\/p>\n\n\n\n<h3 class=\"wp-block-heading\">O que faz o Tecn\u00f3logo?<\/h3>\n\n\n\n<p>O tecn\u00f3logo em Gest\u00e3o de Recursos Humanos planeja e gerencia sistemas de gest\u00e3o de pessoas, tais como recrutamento e sele\u00e7\u00e3o, cargos e sal\u00e1rios, treinamento e desenvolvimento, rotinas de pessoal e benef\u00edcios. Desenvolve planos de carreira. Promove o desenvolvimento do comportamento individual (motiva\u00e7\u00e3o), de grupo (negocia\u00e7\u00e3o, lideran\u00e7a, poder e conflitos) e organizacionais (cultura, estrutura e tecnologias). Planeja programas de qualidade de vida no trabalho. Planeja e gerencia sistemas de avalia\u00e7\u00e3o de desempenho dos colaboradores da organiza\u00e7\u00e3o. Avalia a necessidade de contrata\u00e7\u00e3o de novos colaboradores. Avalia e emite parecer t\u00e9cnico em sua \u00e1rea de forma\u00e7\u00e3o.<\/p>\n\n\n\n<h3 class=\"wp-block-heading\">Onde atua?<\/h3>\n\n\n\n<p>Os profissionais atuam empresas de planejamento, desenvolvimento de projetos, assessoramento t\u00e9cnico e consultoria. Empresas em geral (ind\u00fastria, com\u00e9rcio e servi\u00e7os). \u00d3rg\u00e3os p\u00fablicos. Institutos e Centros de Pesquisa. Institui\u00e7\u00f5es de Ensino, mediante forma\u00e7\u00e3o requerida pela legisla\u00e7\u00e3o vigente.<\/p>\n\n\n\n<p>De acordo com a CBO \u2013 Classifica\u00e7\u00e3o Brasileira de Ocupa\u00e7\u00f5es h\u00e1 diversas ocupa\u00e7\u00f5es para esta forma\u00e7\u00e3o:<\/p>\n\n\n\n<ul class=\"wp-block-list\">\n<li>Analista de Recursos Humanos<\/li>\n\n\n\n<li>Supervisor de Recursos Humanos<\/li>\n\n\n\n<li>Gerente de Recursos Humanos e de Rela\u00e7\u00f5es de Trabalho<\/li>\n\n\n\n<li>Gerente de Departamento Pessoal<\/li>\n\n\n\n<li>Diretor de Recursos Humanos e de Rela\u00e7\u00f5es de Trabalho<\/li>\n<\/ul>\n\n\n\n<h3 class=\"wp-block-heading\">O que se estuda?<\/h3>\n\n\n\n<p>Matem\u00e1tica Elementar, Comportamento Organizacional, Psicologia das Rela\u00e7\u00f5es Humanas, Comunica\u00e7\u00e3o Empresarial, Teoria das Organiza\u00e7\u00f5es, M\u00e9todos para Produ\u00e7\u00e3o do Conhecimento, Estat\u00edstica, Capta\u00e7\u00e3o e Sele\u00e7\u00e3o de Talentos, Direito P\u00fablico e Privado, Sistemas de Informa\u00e7\u00e3o Aplicados aos Recursos Humanos, \u00c9tica e Responsabilidade Social Empresarial, Gest\u00e3o das Rotinas de Pessoal, Gest\u00e3o da Cultura e do Clima Organizacional, Educa\u00e7\u00e3o Corporativa, Direito Trabalhista e Previdenci\u00e1rio, Gest\u00e3o do Conhecimento, Planejamento e Gest\u00e3o de Carreira, Gest\u00e3o de Cargos, Sal\u00e1rios e Benef\u00edcios, Gest\u00e3o Conflitos e Negocia\u00e7\u00e3o, Ingl\u00eas e muito mais&#8230;<\/p>\n\n\n\n<p>Download&nbsp;do <a href=\"https:\/\/fatecbarueri.edu.br\/home\/wp-content\/uploads\/2025\/08\/PPC_CST_GRH_Matutino.pdf\" target=\"_blank\" rel=\"noreferrer noopener\"><strong>Projeto Pedag\u00f3gico do curso de Recursos Humanos<\/strong><\/a> <strong>(Manh\u00e3).<\/strong><\/p>\n\n\n\n<p>Download&nbsp;do <strong><a href=\"https:\/\/fatecbarueri.edu.br\/home\/wp-content\/uploads\/2025\/08\/PPC_CST_GRH_Noturno.pdf\" target=\"_blank\" rel=\"noreferrer noopener\">Projeto Pedag\u00f3gico do curso de Recursos Humanos<\/a><\/strong> <strong>(Noturno).<\/strong><\/p>\n\n\n\n<p><strong>Coordenador do curso: Prof. Dr. Donizetti Le\u00f4nidas de Paiva\u00a0<\/strong><\/p>\n\n\n\n<p><strong>Contato: <\/strong><a href=\"mailto:f209coord.grh@cps.sp.gov.br\" target=\"_blank\" rel=\"noreferrer noopener\">f209coord.grh@cps.sp.gov.br<\/a><\/p>\n\n\n\n<p>Clique aqui e&nbsp;<strong><a href=\"https:\/\/fatecbarueri.edu.br\/home\/estude-conosco\/\">ESTUDE CONOSCO<\/a><\/strong>.<\/p>\n<p><\/p>","protected":false},"excerpt":{"rendered":"<p>O que faz o Tecn\u00f3logo? O tecn\u00f3logo em Gest\u00e3o de Recursos Humanos planeja e gerencia sistemas de gest\u00e3o de pessoas, tais como recrutamento e sele\u00e7\u00e3o, cargos e sal\u00e1rios, treinamento e desenvolvimento, rotinas de pessoal e benef\u00edcios. Desenvolve planos de carreira. Promove o desenvolvimento do comportamento individual (motiva\u00e7\u00e3o), de grupo (negocia\u00e7\u00e3o, lideran\u00e7a, poder e conflitos) e organizacionais (cultura, estrutura e tecnologias). Planeja programas de qualidade de vida no trabalho. Planeja e gerencia sistemas de avalia\u00e7\u00e3o de desempenho dos colaboradores da organiza\u00e7\u00e3o. Avalia a necessidade de contrata\u00e7\u00e3o de novos colaboradores. Avalia e emite parecer t\u00e9cnico em sua \u00e1rea de forma\u00e7\u00e3o. Onde atua?&#8230; <\/p>\n","protected":false},"author":2,"featured_media":0,"parent":0,"menu_order":0,"comment_status":"closed","ping_status":"closed","template":"template-no-sidebar.php","meta":{"footnotes":""},"class_list":["post-158","page","type-page","status-publish","hentry"],"_links":{"self":[{"href":"https:\/\/fatecbarueri.edu.br\/home\/wp-json\/wp\/v2\/pages\/158"}],"collection":[{"href":"https:\/\/fatecbarueri.edu.br\/home\/wp-json\/wp\/v2\/pages"}],"about":[{"href":"https:\/\/fatecbarueri.edu.br\/home\/wp-json\/wp\/v2\/types\/page"}],"author":[{"embeddable":true,"href":"https:\/\/fatecbarueri.edu.br\/home\/wp-json\/wp\/v2\/users\/2"}],"replies":[{"embeddable":true,"href":"https:\/\/fatecbarueri.edu.br\/home\/wp-json\/wp\/v2\/comments?post=158"}],"version-history":[{"count":7,"href":"https:\/\/fatecbarueri.edu.br\/home\/wp-json\/wp\/v2\/pages\/158\/revisions"}],"predecessor-version":[{"id":1043,"href":"https:\/\/fatecbarueri.edu.br\/home\/wp-json\/wp\/v2\/pages\/158\/revisions\/1043"}],"wp:attachment":[{"href":"https:\/\/fatecbarueri.edu.br\/home\/wp-json\/wp\/v2\/media?parent=158"}],"curies":[{"name":"wp","href":"https:\/\/api.w.org\/{rel}","templated":true}]}}