{"id":156,"date":"2025-05-23T19:07:04","date_gmt":"2025-05-23T19:07:04","guid":{"rendered":"https:\/\/fatecbarueri.edu.br\/home\/?page_id=156"},"modified":"2025-08-07T19:23:56","modified_gmt":"2025-08-07T19:23:56","slug":"tecnologo-em-gestao-de-negocios-e-pessoas","status":"publish","type":"page","link":"https:\/\/fatecbarueri.edu.br\/home\/tecnologo-em-gestao-de-negocios-e-pessoas\/","title":{"rendered":"Tecnologo em Gest\u00e3o de Neg\u00f3cios e Pessoas"},"content":{"rendered":"\n<figure class=\"wp-block-image size-full\"><img loading=\"lazy\" decoding=\"async\" width=\"1024\" height=\"416\" src=\"https:\/\/fatecbarueri.edu.br\/home\/wp-content\/uploads\/2025\/05\/GNP.png\" alt=\"\" class=\"wp-image-181\" srcset=\"https:\/\/fatecbarueri.edu.br\/home\/wp-content\/uploads\/2025\/05\/GNP.png 1024w, https:\/\/fatecbarueri.edu.br\/home\/wp-content\/uploads\/2025\/05\/GNP-300x122.png 300w, https:\/\/fatecbarueri.edu.br\/home\/wp-content\/uploads\/2025\/05\/GNP-768x312.png 768w\" sizes=\"(max-width: 1024px) 100vw, 1024px\" \/><\/figure>\n\n\n\n<p><\/p>\n\n\n\n<h3 class=\"wp-block-heading\">O que o aluno estuda<\/h3>\n\n\n\n<p>Planejamento e Gest\u00e3o de Carreira, Economia e Finan\u00e7as Corporativas e Comportamento Organizacional s\u00e3o exemplos de disciplinas que norteiam o curso. O aluno vai aprender as dimens\u00f5es contempor\u00e2neas do trabalho &#8211; competitividade e esp\u00edrito empreendedor &#8211; e as perspectivas e o desenvolvimento de carreiras; vis\u00e3o global sobre planejamento e gest\u00e3o de carreiras; a carreira do gestor de neg\u00f3cios e pessoas. Conceito e fundamentos do marketing pessoal. Marketing pessoal, o produto \u00e9 voc\u00ea: mapeamento das potencialidades e fragilidades. Vencendo as barreiras: atitudes para mudan\u00e7as, exerc\u00edcios para aprimoramento e desenvolvimento de habilidades. Apresenta\u00e7\u00e3o e comunica\u00e7\u00e3o correta dos profissionais perante o mercado de trabalho. Introdu\u00e7\u00e3o \u00e0 teoria do consumidor e teoria do mercado. O mercado e pre\u00e7os. Oferta e demanda. Equil\u00edbrio de mercado. A unidade de produ\u00e7\u00e3o, seu funcionamento e a integra\u00e7\u00e3o no sistema econ\u00f4mico. Introdu\u00e7\u00e3o aos mercados e instrumentos financeiros. C\u00e1lculos financeiros b\u00e1sicos. Capitaliza\u00e7\u00e3o, amortiza\u00e7\u00e3o e m\u00e9todos equivalentes, para a sele\u00e7\u00e3o de alternativas. Cultura, poder e lideran\u00e7a nas organiza\u00e7\u00f5es, levando em considera\u00e7\u00e3o o contexto dos neg\u00f3cios empresariais e da gest\u00e3o de pessoas. Comportamento humano. Modelos e quadros de refer\u00eancia. Organiza\u00e7\u00f5es e Comportamento: indiv\u00edduo &#8211; vari\u00e1veis intr\u00ednsecas e extr\u00ednsecas determinantes do comportamento; atitude, percep\u00e7\u00e3o, aprendizagem, motiva\u00e7\u00e3o.<\/p>\n\n\n\n<h3 class=\"wp-block-heading\">O que o profissional faz<\/h3>\n\n\n\n<p>O futuro egresso do curso ser\u00e1 capaz de exercer atividade de elabora\u00e7\u00e3o de planos estrat\u00e9gicos das \u00e1reas de comercializa\u00e7\u00e3o, marketing e comunica\u00e7\u00e3o para empresas agroindustriais, industriais, de comercializa\u00e7\u00e3o e servi\u00e7os em geral; implementa\u00e7\u00e3o de atividades e coordena\u00e7\u00e3o de sua execu\u00e7\u00e3o; assessoramento da diretoria e setores da empresa na \u00e1rea de atua\u00e7\u00e3o, gerenciamento de recursos humanos, administra\u00e7\u00e3o de recursos materiais e financeiros e promo\u00e7\u00e3o de condi\u00e7\u00f5es de seguran\u00e7a, sa\u00fade, preserva\u00e7\u00e3o ambiental e qualidade. Este profissional com vis\u00e3o estrat\u00e9gica de neg\u00f3cios desenvolve a\u00e7\u00f5es que mobilizem pessoas para potencializa\u00e7\u00e3o de resultados.<\/p>\n\n\n\n<h3 class=\"wp-block-heading\">Onde trabalhar<\/h3>\n\n\n\n<p>Em empresas p\u00fablicas e privadas (ind\u00fastria, com\u00e9rcio e servi\u00e7os), institutos e centros de pesquisa em planejamento, desenvolvimento de projetos, assessoramento t\u00e9cnico, consultoria e inova\u00e7\u00e3o em neg\u00f3cios e pessoas. Os egressos do curso podem ocupar posi\u00e7\u00f5es de trabalho nos setores p\u00fablico e privado, nas \u00e1reas de planejamento, organiza\u00e7\u00e3o, lideran\u00e7a, estrat\u00e9gica, financeira, recursos humanos, pesquisa, marketing, inova\u00e7\u00e3o, consultoria e projetos.<\/p>\n\n\n\n<p><strong>Dura\u00e7\u00e3o do curso:<\/strong> 6 semestres<br><strong>Hor\u00e1rio das aulas:<\/strong><br><strong>Matutino:<\/strong> Segunda a Sexta-feira \u2013 das 8h00 \u00e0s 13h20min<\/p>\n\n\n\n<p>Download\u00a0do <a href=\"https:\/\/fatecbarueri.edu.br\/home\/wp-content\/uploads\/2025\/08\/PPC_CST_GNP_Matutimo.pdf\" target=\"_blank\" rel=\"noreferrer noopener\"><strong>Projeto Pedag\u00f3gico do curso de Gest\u00e3o de Neg\u00f3cios e Pessoas<\/strong><\/a><\/p>\n\n\n\n<p><strong>Coordenador do curso: Prof. Dr.&nbsp;Nailton Santos de Matos&nbsp;<\/strong><\/p>\n\n\n\n<p><strong>Contato: <\/strong><a href=\"mailto:f209coord.gnp@cps.sp.gov.br\" target=\"_blank\" rel=\"noreferrer noopener\">f209coord.gnp@cps.sp.gov.br<\/a><\/p>\n\n\n\n<p>Clique aqui e <strong><a href=\"https:\/\/fatecbarueri.edu.br\/home\/estude-conosco\/\">ESTUDE CONOSCO<\/a><\/strong>.<\/p>\n<p><\/p>","protected":false},"excerpt":{"rendered":"<p>O que o aluno estuda Planejamento e Gest\u00e3o de Carreira, Economia e Finan\u00e7as Corporativas e Comportamento Organizacional s\u00e3o exemplos de disciplinas que norteiam o curso. O aluno vai aprender as dimens\u00f5es contempor\u00e2neas do trabalho &#8211; competitividade e esp\u00edrito empreendedor &#8211; e as perspectivas e o desenvolvimento de carreiras; vis\u00e3o global sobre planejamento e gest\u00e3o de carreiras; a carreira do gestor de neg\u00f3cios e pessoas. Conceito e fundamentos do marketing pessoal. Marketing pessoal, o produto \u00e9 voc\u00ea: mapeamento das potencialidades e fragilidades. Vencendo as barreiras: atitudes para mudan\u00e7as, exerc\u00edcios para aprimoramento e desenvolvimento de habilidades. Apresenta\u00e7\u00e3o e comunica\u00e7\u00e3o correta dos profissionais&#8230; <\/p>\n","protected":false},"author":2,"featured_media":0,"parent":0,"menu_order":0,"comment_status":"closed","ping_status":"closed","template":"template-no-sidebar.php","meta":{"footnotes":""},"class_list":["post-156","page","type-page","status-publish","hentry"],"_links":{"self":[{"href":"https:\/\/fatecbarueri.edu.br\/home\/wp-json\/wp\/v2\/pages\/156"}],"collection":[{"href":"https:\/\/fatecbarueri.edu.br\/home\/wp-json\/wp\/v2\/pages"}],"about":[{"href":"https:\/\/fatecbarueri.edu.br\/home\/wp-json\/wp\/v2\/types\/page"}],"author":[{"embeddable":true,"href":"https:\/\/fatecbarueri.edu.br\/home\/wp-json\/wp\/v2\/users\/2"}],"replies":[{"embeddable":true,"href":"https:\/\/fatecbarueri.edu.br\/home\/wp-json\/wp\/v2\/comments?post=156"}],"version-history":[{"count":5,"href":"https:\/\/fatecbarueri.edu.br\/home\/wp-json\/wp\/v2\/pages\/156\/revisions"}],"predecessor-version":[{"id":1058,"href":"https:\/\/fatecbarueri.edu.br\/home\/wp-json\/wp\/v2\/pages\/156\/revisions\/1058"}],"wp:attachment":[{"href":"https:\/\/fatecbarueri.edu.br\/home\/wp-json\/wp\/v2\/media?parent=156"}],"curies":[{"name":"wp","href":"https:\/\/api.w.org\/{rel}","templated":true}]}}