{"id":154,"date":"2025-05-23T19:06:19","date_gmt":"2025-05-23T19:06:19","guid":{"rendered":"https:\/\/fatecbarueri.edu.br\/home\/?page_id=154"},"modified":"2026-02-09T16:49:34","modified_gmt":"2026-02-09T16:49:34","slug":"tecnologo-em-gestao-de-comercio-eletronico","status":"publish","type":"page","link":"https:\/\/fatecbarueri.edu.br\/home\/tecnologo-em-gestao-de-comercio-eletronico\/","title":{"rendered":"Tecnologo em Gest\u00e3o de Com\u00e9rcio Eletr\u00f4nico"},"content":{"rendered":"\n<figure class=\"wp-block-image size-full\"><img loading=\"lazy\" decoding=\"async\" width=\"1024\" height=\"416\" src=\"https:\/\/fatecbarueri.edu.br\/home\/wp-content\/uploads\/2025\/05\/GCE.png\" alt=\"\" class=\"wp-image-179\" srcset=\"https:\/\/fatecbarueri.edu.br\/home\/wp-content\/uploads\/2025\/05\/GCE.png 1024w, https:\/\/fatecbarueri.edu.br\/home\/wp-content\/uploads\/2025\/05\/GCE-300x122.png 300w, https:\/\/fatecbarueri.edu.br\/home\/wp-content\/uploads\/2025\/05\/GCE-768x312.png 768w\" sizes=\"(max-width: 1024px) 100vw, 1024px\" \/><\/figure>\n\n\n\n<p><\/p>\n\n\n\n<h3 class=\"wp-block-heading\">O que faz o tecn\u00f3logo em Gest\u00e3o de Com\u00e9rcio Eletr\u00f4nico?<\/h3>\n\n\n\n<p>Os profissionais formados pelo Curso Superior de Tecnologia em Gest\u00e3o de Com\u00e9rcio Eletr\u00f4nico s\u00e3o qualificados para criar e gerenciar lojas virtuais, marketplaces e opera\u00e7\u00f5es log\u00edsticas do e-commerce, atrav\u00e9s de habilidades adquiridas em marketing digital, modelos organizacionais e de tomada de decis\u00e3o, log\u00edstica, gest\u00e3o de custos e finance ira, levando sempre em conta as pol\u00edticas de respeito ao meio ambiente, de aspectos sociais e de governan\u00e7a.<\/p>\n\n\n\n<h3 class=\"wp-block-heading\">Onde atua?<\/h3>\n\n\n\n<p>Antes de tudo, \u00e9 bom saber que mais de 85% dos tecn\u00f3logos formados pela Fatec est\u00e3o empregados! O com\u00e9rcio eletr\u00f4nico brasileiro \u00e9 um mercado com mais de 50 milh\u00f5es de consumidores e que fatura mais de R$ 200 bilh\u00f5es por ano. O gestor de com\u00e9rcio eletr\u00f4nico pode atuar em empresas de varejo, e-commerce, marketplaces, log\u00edstica, entre outras. Ou seja, \u00e9 um profissional completo e preparado para os desafios do mercado atual!<\/p>\n\n\n\n<h3 class=\"wp-block-heading\">O que se estuda?<\/h3>\n\n\n\n<p>Modelos organizacionais de neg\u00f3cios digitais, ferramentas de tecnologia da informa\u00e7\u00e3o para tomada de decis\u00e3o em neg\u00f3cios digitais, direito para neg\u00f3cios digitais, comportamento do consumidor na era digital, gest\u00e3o de custos e fiscal em neg\u00f3cios digitais, princ\u00edpios de marketing digital, otimiza\u00e7\u00e3o de mecanismos de busca pela internet, metodologias \u00e1geis para tomada de decis\u00e3o, lideran\u00e7a e gest\u00e3o de pessoas, inova\u00e7\u00e3o, log\u00edstica do com\u00e9rcio eletr\u00f4nico e demais disciplinas profissionalizantes.<\/p>\n\n\n\n<p><strong>Dura\u00e7\u00e3o do curso:<\/strong> 6 semestres<br><strong>Hor\u00e1rio das aulas<\/strong><br><strong>Noturno:<\/strong> Segunda a Sexta feira \u2013 das 18h30 \u00e0s 22h50<\/p>\n\n\n\n<p>Download do <a href=\"https:\/\/fatecbarueri.edu.br\/home\/wp-content\/uploads\/2025\/08\/PPC-CST_GCE_Noturbo.pdf\" target=\"_blank\" rel=\"noreferrer noopener\"><strong>Projeto Pedag\u00f3gico do curso de Gest\u00e3o de Com\u00e9rcio Eletr\u00f4nico<\/strong><\/a><\/p>\n\n\n\n<p><strong>Coordenador do curso: Prof. Dr. Oswaldo Soul\u00e9 Junior<\/strong><\/p>\n\n\n\n<p><strong>Contato: <a href=\"mailto:f209coord.gce@cps.sp.gov.br\" target=\"_blank\" rel=\"noreferrer noopener\">f209coord.gce@cps.sp.gov.br<\/a><\/strong><\/p>\n\n\n\n<p>Clique aqui e <strong><a href=\"https:\/\/fatecbarueri.edu.br\/home\/estude-conosco\/\">ESTUDE CONOSCO<\/a><\/strong>.<\/p>\n<p><\/p>","protected":false},"excerpt":{"rendered":"<p>O que faz o tecn\u00f3logo em Gest\u00e3o de Com\u00e9rcio Eletr\u00f4nico? Os profissionais formados pelo Curso Superior de Tecnologia em Gest\u00e3o de Com\u00e9rcio Eletr\u00f4nico s\u00e3o qualificados para criar e gerenciar lojas virtuais, marketplaces e opera\u00e7\u00f5es log\u00edsticas do e-commerce, atrav\u00e9s de habilidades adquiridas em marketing digital, modelos organizacionais e de tomada de decis\u00e3o, log\u00edstica, gest\u00e3o de custos e finance ira, levando sempre em conta as pol\u00edticas de respeito ao meio ambiente, de aspectos sociais e de governan\u00e7a. Onde atua? Antes de tudo, \u00e9 bom saber que mais de 85% dos tecn\u00f3logos formados pela Fatec est\u00e3o empregados! O com\u00e9rcio eletr\u00f4nico brasileiro \u00e9 um&#8230; <\/p>\n","protected":false},"author":2,"featured_media":0,"parent":0,"menu_order":0,"comment_status":"closed","ping_status":"closed","template":"template-no-sidebar.php","meta":{"footnotes":""},"class_list":["post-154","page","type-page","status-publish","hentry"],"_links":{"self":[{"href":"https:\/\/fatecbarueri.edu.br\/home\/wp-json\/wp\/v2\/pages\/154"}],"collection":[{"href":"https:\/\/fatecbarueri.edu.br\/home\/wp-json\/wp\/v2\/pages"}],"about":[{"href":"https:\/\/fatecbarueri.edu.br\/home\/wp-json\/wp\/v2\/types\/page"}],"author":[{"embeddable":true,"href":"https:\/\/fatecbarueri.edu.br\/home\/wp-json\/wp\/v2\/users\/2"}],"replies":[{"embeddable":true,"href":"https:\/\/fatecbarueri.edu.br\/home\/wp-json\/wp\/v2\/comments?post=154"}],"version-history":[{"count":7,"href":"https:\/\/fatecbarueri.edu.br\/home\/wp-json\/wp\/v2\/pages\/154\/revisions"}],"predecessor-version":[{"id":1285,"href":"https:\/\/fatecbarueri.edu.br\/home\/wp-json\/wp\/v2\/pages\/154\/revisions\/1285"}],"wp:attachment":[{"href":"https:\/\/fatecbarueri.edu.br\/home\/wp-json\/wp\/v2\/media?parent=154"}],"curies":[{"name":"wp","href":"https:\/\/api.w.org\/{rel}","templated":true}]}}