{"id":152,"date":"2025-05-23T19:03:08","date_gmt":"2025-05-23T19:03:08","guid":{"rendered":"https:\/\/fatecbarueri.edu.br\/home\/?page_id=152"},"modified":"2026-02-09T16:48:28","modified_gmt":"2026-02-09T16:48:28","slug":"tecnologo-em-gestao-da-tecnologia-da-informacao","status":"publish","type":"page","link":"https:\/\/fatecbarueri.edu.br\/home\/tecnologo-em-gestao-da-tecnologia-da-informacao\/","title":{"rendered":"Tecn\u00f3logo em Gest\u00e3o da Tecnologia da Informa\u00e7\u00e3o"},"content":{"rendered":"\n<figure class=\"wp-block-image size-full\"><img loading=\"lazy\" decoding=\"async\" width=\"1024\" height=\"416\" src=\"https:\/\/fatecbarueri.edu.br\/home\/wp-content\/uploads\/2025\/05\/GTI.png\" alt=\"\" class=\"wp-image-183\" srcset=\"https:\/\/fatecbarueri.edu.br\/home\/wp-content\/uploads\/2025\/05\/GTI.png 1024w, https:\/\/fatecbarueri.edu.br\/home\/wp-content\/uploads\/2025\/05\/GTI-300x122.png 300w, https:\/\/fatecbarueri.edu.br\/home\/wp-content\/uploads\/2025\/05\/GTI-768x312.png 768w\" sizes=\"(max-width: 1024px) 100vw, 1024px\" \/><\/figure>\n\n\n\n<p><\/p>\n\n\n\n<h3 class=\"wp-block-heading\">O que faz o tecn\u00f3logo?<\/h3>\n\n\n\n<p>Atua na administra\u00e7\u00e3o dos recursos de TI de uma empresa que envolve a infraestrutura f\u00edsica e l\u00f3gica dos ambientes informatizados como redes, banco de dados e sistemas operacionais. Implanta, desenvolve e realiza manuten\u00e7\u00e3o de sistemas e programas. Gerencia os recursos humanos de TI da empresa e os projetos de TI.<\/p>\n\n\n\n<h3 class=\"wp-block-heading\">Onde ele atua?<\/h3>\n\n\n\n<p>O egresso desse curso pode atuar como um empreendedor na \u00e1rea de TI administrando a pr\u00f3pria empresa, empresas de todos os portes e \u00e1reas que utilizem a TI, Fabricantes de softwares e sistemas, Datacenters, Fabricantes de hardwares, bancos, corpora\u00e7\u00f5es financeiras, prestadores de servi\u00e7os de TI, Empresas de TI, etc<\/p>\n\n\n\n<h3 class=\"wp-block-heading\">O que se estuda?<\/h3>\n\n\n\n<p>A forma\u00e7\u00e3o concentra-se nos aspectos gerenciais da tecnologia, nos m\u00e9todos, ferramentas e processos de gest\u00e3o, com uma vis\u00e3o estrat\u00e9gica das organiza\u00e7\u00f5es e do uso dos sistemas de informa\u00e7\u00e3o a seu servi\u00e7o, sistemas operacionais, redes de computadores, engenharia de software, banco de dados, algoritmo, gest\u00e3o de projetos, linguagens de programa\u00e7\u00e3o, ingl\u00eas, comunica\u00e7\u00e3o e express\u00e3o, metodologia cientifica e muito mais.<\/p>\n\n\n\n<p><strong>Dura\u00e7\u00e3o do curso:<\/strong>&nbsp;6 semestres<\/p>\n\n\n\n<p><strong>Hor\u00e1rio das aulas:<\/strong><\/p>\n\n\n\n<p><strong>Matutino: <\/strong>Segunda a Sexta-feira &#8211;&nbsp;das 8h00 \u00e0s 13h20min<\/p>\n\n\n\n<p>Download do <a href=\"https:\/\/fatecbarueri.edu.br\/home\/wp-content\/uploads\/2025\/08\/PPC_CST_GTI_Matutino.pdf\" target=\"_blank\" rel=\"noreferrer noopener\"><strong>Projeto Pedag\u00f3gico de Gest\u00e3o da Tecnologia da Informa\u00e7\u00e3o<\/strong><\/a> (Curriculariza\u00e7\u00e3o).<\/p>\n\n\n\n<p><strong>Coordenador de curso:<\/strong> <strong>Prof. Me. Antonio Fernando Degobbi<\/strong><\/p>\n\n\n\n<p><strong>Contato:<\/strong>&nbsp;<a href=\"mailto:f209coord.gti@cps.sp.gov.br\" target=\"_blank\" rel=\"noreferrer noopener\">f209coord.gti@cps.sp.gov.br<\/a><\/p>\n\n\n\n<p>Clique aqui e&nbsp;<strong><a href=\"https:\/\/fatecbarueri.edu.br\/home\/estude-conosco\/\">ESTUDE CONOSCO<\/a><\/strong>.<\/p>\n\n\n\n<p><\/p>\n<p><\/p>","protected":false},"excerpt":{"rendered":"<p>O que faz o tecn\u00f3logo? Atua na administra\u00e7\u00e3o dos recursos de TI de uma empresa que envolve a infraestrutura f\u00edsica e l\u00f3gica dos ambientes informatizados como redes, banco de dados e sistemas operacionais. Implanta, desenvolve e realiza manuten\u00e7\u00e3o de sistemas e programas. Gerencia os recursos humanos de TI da empresa e os projetos de TI. Onde ele atua? O egresso desse curso pode atuar como um empreendedor na \u00e1rea de TI administrando a pr\u00f3pria empresa, empresas de todos os portes e \u00e1reas que utilizem a TI, Fabricantes de softwares e sistemas, Datacenters, Fabricantes de hardwares, bancos, corpora\u00e7\u00f5es financeiras, prestadores de&#8230; <\/p>\n","protected":false},"author":2,"featured_media":0,"parent":0,"menu_order":0,"comment_status":"closed","ping_status":"closed","template":"template-no-sidebar.php","meta":{"footnotes":""},"class_list":["post-152","page","type-page","status-publish","hentry"],"_links":{"self":[{"href":"https:\/\/fatecbarueri.edu.br\/home\/wp-json\/wp\/v2\/pages\/152"}],"collection":[{"href":"https:\/\/fatecbarueri.edu.br\/home\/wp-json\/wp\/v2\/pages"}],"about":[{"href":"https:\/\/fatecbarueri.edu.br\/home\/wp-json\/wp\/v2\/types\/page"}],"author":[{"embeddable":true,"href":"https:\/\/fatecbarueri.edu.br\/home\/wp-json\/wp\/v2\/users\/2"}],"replies":[{"embeddable":true,"href":"https:\/\/fatecbarueri.edu.br\/home\/wp-json\/wp\/v2\/comments?post=152"}],"version-history":[{"count":7,"href":"https:\/\/fatecbarueri.edu.br\/home\/wp-json\/wp\/v2\/pages\/152\/revisions"}],"predecessor-version":[{"id":1284,"href":"https:\/\/fatecbarueri.edu.br\/home\/wp-json\/wp\/v2\/pages\/152\/revisions\/1284"}],"wp:attachment":[{"href":"https:\/\/fatecbarueri.edu.br\/home\/wp-json\/wp\/v2\/media?parent=152"}],"curies":[{"name":"wp","href":"https:\/\/api.w.org\/{rel}","templated":true}]}}