{"id":150,"date":"2025-05-23T19:02:11","date_gmt":"2025-05-23T19:02:11","guid":{"rendered":"https:\/\/fatecbarueri.edu.br\/home\/?page_id=150"},"modified":"2025-08-07T17:35:36","modified_gmt":"2025-08-07T17:35:36","slug":"tecnologo-em-gestao-de-eventos","status":"publish","type":"page","link":"https:\/\/fatecbarueri.edu.br\/home\/tecnologo-em-gestao-de-eventos\/","title":{"rendered":"Tecn\u00f3logo em Gest\u00e3o de Eventos"},"content":{"rendered":"\n<figure class=\"wp-block-image size-full\"><img loading=\"lazy\" decoding=\"async\" width=\"1024\" height=\"416\" src=\"https:\/\/fatecbarueri.edu.br\/home\/wp-content\/uploads\/2025\/06\/GEventos.png\" alt=\"\" class=\"wp-image-628\" srcset=\"https:\/\/fatecbarueri.edu.br\/home\/wp-content\/uploads\/2025\/06\/GEventos.png 1024w, https:\/\/fatecbarueri.edu.br\/home\/wp-content\/uploads\/2025\/06\/GEventos-300x122.png 300w, https:\/\/fatecbarueri.edu.br\/home\/wp-content\/uploads\/2025\/06\/GEventos-768x312.png 768w\" sizes=\"(max-width: 1024px) 100vw, 1024px\" \/><\/figure>\n\n\n\n<p><\/p>\n\n\n\n<h3 class=\"wp-block-heading\">O que faz o Tecn\u00f3logo?<\/h3>\n\n\n\n<p>Planeja e organiza eventos sociais, esportivos, culturais, cient\u00edficos, art\u00edsticos, corporativos, gastron\u00f4micos e tur\u00edsticos. Realiza a capta\u00e7\u00e3o de eventos. Elabora projetos de capta\u00e7\u00e3o de recursos para os diversos tipos de eventos. Aplica e gerencia o cerimonial, protocolo e etiqueta formal. Atua como consultor na elabora\u00e7\u00e3o de card\u00e1pios para eventos. Coordena servi\u00e7os de entretenimento em eventos. Planeja log\u00edstica de eventos. Articula a comunica\u00e7\u00e3o entre a organiza\u00e7\u00e3o do evento, clientes e patrocinadores. Coordena estrat\u00e9gias de promo\u00e7\u00e3o e vendas de eventos. Planeja e coordena o lan\u00e7amento de produtos com ou sem v\u00ednculo de ag\u00eancia publicit\u00e1ria. Desenvolve programas, roteiros e atividades de recrea\u00e7\u00e3o complementares a eventos. Vistoria, avalia e emite parecer t\u00e9cnico em sua \u00e1rea de forma\u00e7\u00e3o.<\/p>\n\n\n\n<h3 class=\"wp-block-heading\">Onde atua?<\/h3>\n\n\n\n<p>Clubes e associa\u00e7\u00f5es de turismo, esporte, lazer e cultura. Centros culturais. Centros de conven\u00e7\u00f5es. Embaixadas e consulados. Convention Bureau, Ag\u00eancias de fomento e Institutos de Pesquisa. Empresas de hospedagem. Empresas de organiza\u00e7\u00e3o de eventos. \u00d3rg\u00e3os p\u00fablicos de turismo, esportes, lazer e cultura. Parques tem\u00e1ticos, aqu\u00e1ticos e cruzeiros mar\u00edtimos. Assessoria e Consultoria em Cerimonial e Alimentos e Bebidas. Institui\u00e7\u00f5es de Ensino, mediante forma\u00e7\u00e3o requerida pela legisla\u00e7\u00e3o vigente. ONGs atuantes em \u00e1reas correlatas. Ag\u00eancias de Publicidade.<\/p>\n\n\n\n<h3 class=\"wp-block-heading\">O que se estuda?<\/h3>\n\n\n\n<p>Eventos e Hospitalidade, Gest\u00e3o do Patrim\u00f4nio Cultural, Planejamento e Organiza\u00e7\u00e3o de Eventos, Gest\u00e3o de Marketing de Servi\u00e7os, Capta\u00e7\u00e3o de Eventos e Comercializa\u00e7\u00e3o, Ingl\u00eas, Espanhol, Portugu\u00eas, Matem\u00e1tica, Alimentos e Bebidas, Cerimonial, Lazer, Gest\u00e3o de Projetos, Plano de Neg\u00f3cios e muito mais&#8230;<\/p>\n\n\n\n<p><strong>Dura\u00e7\u00e3o do curso:<\/strong> 6 semestres<\/p>\n\n\n\n<p><strong>Hor\u00e1rio das aulas<\/strong><br><strong>Matutino: <\/strong>Segunda a Sexta-feira &#8211;&nbsp;das 8h00 \u00e0s 13h20min<\/p>\n\n\n\n<p>Download do Novo <a href=\"https:\/\/fatecbarueri.edu.br\/home\/wp-content\/uploads\/2025\/07\/PPC-CST-em-Gestao-de-Eventos.pdf\" data-type=\"link\" data-id=\"https:\/\/fatecbarueri.edu.br\/home\/wp-content\/uploads\/2025\/07\/PPC-CST-em-Gestao-de-Eventos.pdf\" target=\"_blank\" rel=\"noreferrer noopener\"><strong>Projeto Pedag\u00f3gico do curso de Gest\u00e3o de Eventos<\/strong><\/a><\/p>\n\n\n\n<p><strong>Coordenadora do curso:<\/strong>\u00a0<strong>Profa. Me. Maria Carolina Muniz e Silva de Brito<\/strong><\/p>\n\n\n\n<p><strong>Contato:<\/strong>&nbsp;<a href=\"mailto:f209coord.evt@cps.so.gov.br\" target=\"_blank\" rel=\"noreferrer noopener\">f209coord.evt@cps.sp.gov.br<\/a><\/p>\n\n\n\n<p>Clique aqui e <strong><a href=\"https:\/\/fatecbarueri.edu.br\/home\/estude-conosco\/\">ESTUDE CONOSCO<\/a><\/strong>.<\/p>\n<p><\/p>","protected":false},"excerpt":{"rendered":"<p>O que faz o Tecn\u00f3logo? Planeja e organiza eventos sociais, esportivos, culturais, cient\u00edficos, art\u00edsticos, corporativos, gastron\u00f4micos e tur\u00edsticos. Realiza a capta\u00e7\u00e3o de eventos. Elabora projetos de capta\u00e7\u00e3o de recursos para os diversos tipos de eventos. Aplica e gerencia o cerimonial, protocolo e etiqueta formal. Atua como consultor na elabora\u00e7\u00e3o de card\u00e1pios para eventos. Coordena servi\u00e7os de entretenimento em eventos. Planeja log\u00edstica de eventos. Articula a comunica\u00e7\u00e3o entre a organiza\u00e7\u00e3o do evento, clientes e patrocinadores. Coordena estrat\u00e9gias de promo\u00e7\u00e3o e vendas de eventos. Planeja e coordena o lan\u00e7amento de produtos com ou sem v\u00ednculo de ag\u00eancia publicit\u00e1ria. Desenvolve programas, roteiros e&#8230; <\/p>\n","protected":false},"author":2,"featured_media":0,"parent":0,"menu_order":0,"comment_status":"closed","ping_status":"closed","template":"template-no-sidebar.php","meta":{"footnotes":""},"class_list":["post-150","page","type-page","status-publish","hentry"],"_links":{"self":[{"href":"https:\/\/fatecbarueri.edu.br\/home\/wp-json\/wp\/v2\/pages\/150"}],"collection":[{"href":"https:\/\/fatecbarueri.edu.br\/home\/wp-json\/wp\/v2\/pages"}],"about":[{"href":"https:\/\/fatecbarueri.edu.br\/home\/wp-json\/wp\/v2\/types\/page"}],"author":[{"embeddable":true,"href":"https:\/\/fatecbarueri.edu.br\/home\/wp-json\/wp\/v2\/users\/2"}],"replies":[{"embeddable":true,"href":"https:\/\/fatecbarueri.edu.br\/home\/wp-json\/wp\/v2\/comments?post=150"}],"version-history":[{"count":9,"href":"https:\/\/fatecbarueri.edu.br\/home\/wp-json\/wp\/v2\/pages\/150\/revisions"}],"predecessor-version":[{"id":1044,"href":"https:\/\/fatecbarueri.edu.br\/home\/wp-json\/wp\/v2\/pages\/150\/revisions\/1044"}],"wp:attachment":[{"href":"https:\/\/fatecbarueri.edu.br\/home\/wp-json\/wp\/v2\/media?parent=150"}],"curies":[{"name":"wp","href":"https:\/\/api.w.org\/{rel}","templated":true}]}}