{"id":148,"date":"2025-05-23T19:01:06","date_gmt":"2025-05-23T19:01:06","guid":{"rendered":"https:\/\/fatecbarueri.edu.br\/home\/?page_id=148"},"modified":"2026-03-03T21:51:31","modified_gmt":"2026-03-03T21:51:31","slug":"tecnologo-em-design-de-midias-digitais","status":"publish","type":"page","link":"https:\/\/fatecbarueri.edu.br\/home\/tecnologo-em-design-de-midias-digitais\/","title":{"rendered":"Tecn\u00f3logo em Design de M\u00eddias Digitais"},"content":{"rendered":"\n<figure class=\"wp-block-image size-full\"><img loading=\"lazy\" decoding=\"async\" width=\"1024\" height=\"416\" src=\"https:\/\/fatecbarueri.edu.br\/home\/wp-content\/uploads\/2025\/05\/DmD.png\" alt=\"\" class=\"wp-image-177\" srcset=\"https:\/\/fatecbarueri.edu.br\/home\/wp-content\/uploads\/2025\/05\/DmD.png 1024w, https:\/\/fatecbarueri.edu.br\/home\/wp-content\/uploads\/2025\/05\/DmD-300x122.png 300w, https:\/\/fatecbarueri.edu.br\/home\/wp-content\/uploads\/2025\/05\/DmD-768x312.png 768w\" sizes=\"(max-width: 1024px) 100vw, 1024px\" \/><\/figure>\n\n\n\n<p><\/p>\n\n\n\n<h3 class=\"wp-block-heading\">O que faz o tecn\u00f3logo?<\/h3>\n\n\n\n<p>O Tecn\u00f3logo em Design de M\u00eddias Digitais, possuir\u00e1 forma\u00e7\u00e3o human\u00edstica, t\u00e9cnica e cient\u00edfica, sendo conhecedor e manipulador de m\u00e9todos e processos referentes \u00e0 \u00e1rea de design e m\u00eddias digitais, computa\u00e7\u00e3o e marketing e que constituir\u00e3o seu cotidiano acad\u00eamico e profissional, demonstrando capacidade de avalia\u00e7\u00e3o de tecnologias e m\u00eddias digitais apropriadas para as necessidades e contexto sociocultural envolvidos nos produtos digitais, considerando o impacto dessas escolhas ao longo de todo o ciclo de vida do produto, da concep\u00e7\u00e3o ao descarte.<\/p>\n\n\n\n<h3 class=\"wp-block-heading\">Onde ele atua?<\/h3>\n\n\n\n<p>Nas empresas de tecnologia, ag\u00eancias de publicidade, empresas de marketing, empresas em geral, (ind\u00fastria, com\u00e9rcio e servi\u00e7os), portais de informa\u00e7\u00e3o, produtoras de conte\u00fados digitais, provedores de acesso, organiza\u00e7\u00f5es n\u00e3o-governamentais, \u00f3rg\u00e3os p\u00fablicos, institutos e centros de pesquisa entre outras.<\/p>\n\n\n\n<h3 class=\"wp-block-heading\">O que se estuda?<\/h3>\n\n\n\n<p>Administra\u00e7\u00e3o Geral, Empreendedorismo e Inova\u00e7\u00e3o, Princ\u00edpios de Marketing, Ingl\u00eas, Pesquisa Mercadol\u00f3gica, Algoritmo e L\u00f3gica de Programa\u00e7\u00e3o, Redes e Internet, T\u00e9cnicas de Apresenta\u00e7\u00e3o de Portf\u00f3lio, Design Digital, Programa\u00e7\u00e3o Orientada a Objetos, Plano de Marketing, Direito Empresarial e do Consumidor, Comunica\u00e7\u00e3o Visual, Comunica\u00e7\u00e3o Interna, Experi\u00eancia do Usu\u00e1rio, Cria\u00e7\u00e3o de Websites Programa\u00e7\u00e3o para Ambientes Multim\u00eddia, Gest\u00e3o de Projetos, Marketing Digital, Gest\u00e3o de Marcas, Seguran\u00e7a no Desenvolvimento de Aplica\u00e7\u00f5es, Design Audiovisual, Ci\u00eancia dos Dados e muito mais&#8230;<\/p>\n\n\n\n<p><strong>Dura\u00e7\u00e3o do curso:<\/strong>&nbsp;6 semestres<\/p>\n\n\n\n<p><strong>Hor\u00e1rio das aulas<\/strong><\/p>\n\n\n\n<p><strong>Noturno:&nbsp;<\/strong>Segunda a Sexta-feira&nbsp;&#8211;&nbsp;das 19h20min \u00e0s 22h50min e s\u00e1bados das 08h30min \u00e0s 12h00<\/p>\n\n\n\n<p><\/p>\n\n\n\n<p>Download\u00a0do Novo <a href=\"https:\/\/fatecbarueri.edu.br\/home\/wp-content\/uploads\/2026\/03\/PPC-CST-em-Design-de-Midias-Digitais_2024_2.pdf\" data-type=\"link\" data-id=\"https:\/\/fatecbarueri.edu.br\/home\/wp-content\/uploads\/2025\/07\/PPC-CST-em-Design-de-Midias-Digitais.pdf\" target=\"_blank\" rel=\"noreferrer noopener\"><strong>Projeto Pedag\u00f3gico do curso de Design de M\u00eddias Digitais<\/strong><\/a> (Curriculariza\u00e7\u00e3o).<\/p>\n\n\n\n<p><strong>Coordenador do Curso: Prof. Esp. Luciano Deluqui Vasques<\/strong><\/p>\n\n\n\n<p><strong>Contato:<\/strong>&nbsp;<a href=\"mailto:f209coord.dmd@cps.sp.gov.br\" data-type=\"mailto\" data-id=\"mailto:f209coord.dmd@cps.sp.gov.br\" target=\"_blank\" rel=\"noreferrer noopener\">f209coord.dmd@cps.sp.gov.br<\/a><\/p>\n\n\n\n<p>Clique aqui e <strong><a href=\"https:\/\/fatecbarueri.edu.br\/home\/estude-conosco\/\">ESTUDE CONOSCO<\/a><\/strong>.<\/p>\n<p><\/p>","protected":false},"excerpt":{"rendered":"<p>O que faz o tecn\u00f3logo? O Tecn\u00f3logo em Design de M\u00eddias Digitais, possuir\u00e1 forma\u00e7\u00e3o human\u00edstica, t\u00e9cnica e cient\u00edfica, sendo conhecedor e manipulador de m\u00e9todos e processos referentes \u00e0 \u00e1rea de design e m\u00eddias digitais, computa\u00e7\u00e3o e marketing e que constituir\u00e3o seu cotidiano acad\u00eamico e profissional, demonstrando capacidade de avalia\u00e7\u00e3o de tecnologias e m\u00eddias digitais apropriadas para as necessidades e contexto sociocultural envolvidos nos produtos digitais, considerando o impacto dessas escolhas ao longo de todo o ciclo de vida do produto, da concep\u00e7\u00e3o ao descarte. Onde ele atua? Nas empresas de tecnologia, ag\u00eancias de publicidade, empresas de marketing, empresas em geral,&#8230; <\/p>\n","protected":false},"author":2,"featured_media":0,"parent":0,"menu_order":0,"comment_status":"closed","ping_status":"closed","template":"template-no-sidebar.php","meta":{"footnotes":""},"class_list":["post-148","page","type-page","status-publish","hentry"],"_links":{"self":[{"href":"https:\/\/fatecbarueri.edu.br\/home\/wp-json\/wp\/v2\/pages\/148"}],"collection":[{"href":"https:\/\/fatecbarueri.edu.br\/home\/wp-json\/wp\/v2\/pages"}],"about":[{"href":"https:\/\/fatecbarueri.edu.br\/home\/wp-json\/wp\/v2\/types\/page"}],"author":[{"embeddable":true,"href":"https:\/\/fatecbarueri.edu.br\/home\/wp-json\/wp\/v2\/users\/2"}],"replies":[{"embeddable":true,"href":"https:\/\/fatecbarueri.edu.br\/home\/wp-json\/wp\/v2\/comments?post=148"}],"version-history":[{"count":13,"href":"https:\/\/fatecbarueri.edu.br\/home\/wp-json\/wp\/v2\/pages\/148\/revisions"}],"predecessor-version":[{"id":1306,"href":"https:\/\/fatecbarueri.edu.br\/home\/wp-json\/wp\/v2\/pages\/148\/revisions\/1306"}],"wp:attachment":[{"href":"https:\/\/fatecbarueri.edu.br\/home\/wp-json\/wp\/v2\/media?parent=148"}],"curies":[{"name":"wp","href":"https:\/\/api.w.org\/{rel}","templated":true}]}}