{"id":146,"date":"2025-05-23T18:59:09","date_gmt":"2025-05-23T18:59:09","guid":{"rendered":"https:\/\/fatecbarueri.edu.br\/home\/?page_id=146"},"modified":"2026-02-09T16:44:24","modified_gmt":"2026-02-09T16:44:24","slug":"tecnologo-em-comercio-exterior","status":"publish","type":"page","link":"https:\/\/fatecbarueri.edu.br\/home\/tecnologo-em-comercio-exterior\/","title":{"rendered":"Tecn\u00f3logo em Com\u00e9rcio Exterior"},"content":{"rendered":"\n<figure class=\"wp-block-image size-full\"><img loading=\"lazy\" decoding=\"async\" width=\"1024\" height=\"416\" src=\"https:\/\/fatecbarueri.edu.br\/home\/wp-content\/uploads\/2025\/05\/Comex.png\" alt=\"\" class=\"wp-image-176\" srcset=\"https:\/\/fatecbarueri.edu.br\/home\/wp-content\/uploads\/2025\/05\/Comex.png 1024w, https:\/\/fatecbarueri.edu.br\/home\/wp-content\/uploads\/2025\/05\/Comex-300x122.png 300w, https:\/\/fatecbarueri.edu.br\/home\/wp-content\/uploads\/2025\/05\/Comex-768x312.png 768w\" sizes=\"(max-width: 1024px) 100vw, 1024px\" \/><\/figure>\n\n\n\n<p><\/p>\n\n\n\n<h3 class=\"wp-block-heading\">O que faz o Tecn\u00f3logo?<\/h3>\n\n\n\n<p>O Tecn\u00f3logo em Com\u00e9rcio Exterior \u00e9 o profissional empreendedor capaz de contribuir para a inser\u00e7\u00e3o das empresas no com\u00e9rcio internacional. Gerencia opera\u00e7\u00f5es de com\u00e9rcio exterior. Prospecta e pesquisa mercados, definindo planos de a\u00e7\u00e3o para exporta\u00e7\u00e3o e importa\u00e7\u00e3o. Negocia e executa opera\u00e7\u00f5es legais, tribut\u00e1rias e cambiais inerentes ao processo de exporta\u00e7\u00e3o e importa\u00e7\u00e3o. Al\u00e9m disso, gerencia o fluxo log\u00edstico da atividade de com\u00e9rcio exterior.<\/p>\n\n\n\n<h3 class=\"wp-block-heading\">Onde atua?<\/h3>\n\n\n\n<p>Nas Ind\u00fastrias, agroind\u00fastrias, empresas comerciais de importa\u00e7\u00e3o e exporta\u00e7\u00e3o (tradings companies), cooperativas, bancos, consultorias, assessoramento empresarial, empresas prestadoras de servi\u00e7os (transportadoras, agentes de cargas, corretoras de c\u00e2mbio, despachantes aduaneiro), entre outras.<\/p>\n\n\n\n<h3 class=\"wp-block-heading\">O que se estuda?<\/h3>\n\n\n\n<p>Comunica\u00e7\u00e3o e Express\u00e3o, Matem\u00e1tica Aplicada, Estat\u00edstica, Pol\u00edtica Comercial Externa, Direito Internacional, Economia, Sistemas de Informa\u00e7\u00f5es Cont\u00e1beis, Log\u00edstica Aplicada, Economia Internacional, Gest\u00e3o Financeira, Mercado e Finan\u00e7as Internacionais, Legisla\u00e7\u00e3o Aduaneira, Log\u00edstica Internacional, Sistem\u00e1tica do Com\u00e9rcio Exterior, Gest\u00e3o das Opera\u00e7\u00f5es em Com\u00e9rcio Exterior, Marketing Internacional, Negocia\u00e7\u00e3o Internacional, Gest\u00e3o Estrat\u00e9gica Internacional, Com\u00e9rcio Exterior e Sustentabilidade, Ingl\u00eas, Espanhol e muito mais&#8230;<\/p>\n\n\n\n<p><strong>Dura\u00e7\u00e3o do curso:<\/strong>&nbsp;6 semestres<\/p>\n\n\n\n<p><strong>Hor\u00e1rio das aulas<\/strong><\/p>\n\n\n\n<p><strong>Vespertino:&nbsp;<\/strong>Segunda a Sexta-feira &#8211; das 12h40min \u00e0s 18h00<\/p>\n\n\n\n<p><strong>Noturno: <\/strong>Segunda a Sexta-feira &#8211; das&nbsp;18h30min \u00e0s 22h50min<\/p>\n\n\n\n<p>Download do <strong><a href=\"https:\/\/fatecbarueri.edu.br\/home\/wp-content\/uploads\/2025\/08\/PPC_CST_COMEX_Vespertino.pdf\" target=\"_blank\" rel=\"noreferrer noopener\">Projeto Pedag\u00f3gico do curso de Com\u00e9rcio Exterior Vespertino<\/a>.<\/strong><\/p>\n\n\n\n<p>Download do <strong><a href=\"https:\/\/fatecbarueri.edu.br\/home\/wp-content\/uploads\/2025\/08\/PPC_CST_COMEX_Noturbo.pdf\" target=\"_blank\" rel=\"noreferrer noopener\">Projeto Pedag\u00f3gico do curso de Com\u00e9rcio Exterior Noturno<\/a>.<\/strong><\/p>\n\n\n\n<p><strong>Coordenador do curso:<\/strong>\u00a0<strong>Prof. Me. Gustavo Cardoso Garcia<\/strong><\/p>\n\n\n\n<p><strong>Contato:&nbsp;<\/strong><a href=\"mailto:f209coord.cex@cps.sp.gov.br\" data-type=\"mailto\" data-id=\"mailto:f209coord.cex@cps.sp.gov.br\" target=\"_blank\" rel=\"noreferrer noopener\">f209coord.cex@cps.sp.gov.br<\/a><\/p>\n\n\n\n<p>Clique aqui e <strong><a href=\"https:\/\/fatecbarueri.edu.br\/home\/estude-conosco\/\">ESTUDE CONOSCO<\/a><\/strong>.<\/p>\n<p><\/p>","protected":false},"excerpt":{"rendered":"<p>O que faz o Tecn\u00f3logo? O Tecn\u00f3logo em Com\u00e9rcio Exterior \u00e9 o profissional empreendedor capaz de contribuir para a inser\u00e7\u00e3o das empresas no com\u00e9rcio internacional. Gerencia opera\u00e7\u00f5es de com\u00e9rcio exterior. Prospecta e pesquisa mercados, definindo planos de a\u00e7\u00e3o para exporta\u00e7\u00e3o e importa\u00e7\u00e3o. Negocia e executa opera\u00e7\u00f5es legais, tribut\u00e1rias e cambiais inerentes ao processo de exporta\u00e7\u00e3o e importa\u00e7\u00e3o. Al\u00e9m disso, gerencia o fluxo log\u00edstico da atividade de com\u00e9rcio exterior. Onde atua? Nas Ind\u00fastrias, agroind\u00fastrias, empresas comerciais de importa\u00e7\u00e3o e exporta\u00e7\u00e3o (tradings companies), cooperativas, bancos, consultorias, assessoramento empresarial, empresas prestadoras de servi\u00e7os (transportadoras, agentes de cargas, corretoras de c\u00e2mbio, despachantes aduaneiro), entre&#8230; <\/p>\n","protected":false},"author":2,"featured_media":0,"parent":0,"menu_order":0,"comment_status":"closed","ping_status":"closed","template":"template-no-sidebar.php","meta":{"footnotes":""},"class_list":["post-146","page","type-page","status-publish","hentry"],"_links":{"self":[{"href":"https:\/\/fatecbarueri.edu.br\/home\/wp-json\/wp\/v2\/pages\/146"}],"collection":[{"href":"https:\/\/fatecbarueri.edu.br\/home\/wp-json\/wp\/v2\/pages"}],"about":[{"href":"https:\/\/fatecbarueri.edu.br\/home\/wp-json\/wp\/v2\/types\/page"}],"author":[{"embeddable":true,"href":"https:\/\/fatecbarueri.edu.br\/home\/wp-json\/wp\/v2\/users\/2"}],"replies":[{"embeddable":true,"href":"https:\/\/fatecbarueri.edu.br\/home\/wp-json\/wp\/v2\/comments?post=146"}],"version-history":[{"count":10,"href":"https:\/\/fatecbarueri.edu.br\/home\/wp-json\/wp\/v2\/pages\/146\/revisions"}],"predecessor-version":[{"id":1281,"href":"https:\/\/fatecbarueri.edu.br\/home\/wp-json\/wp\/v2\/pages\/146\/revisions\/1281"}],"wp:attachment":[{"href":"https:\/\/fatecbarueri.edu.br\/home\/wp-json\/wp\/v2\/media?parent=146"}],"curies":[{"name":"wp","href":"https:\/\/api.w.org\/{rel}","templated":true}]}}