{"id":144,"date":"2025-05-23T18:57:36","date_gmt":"2025-05-23T18:57:36","guid":{"rendered":"https:\/\/fatecbarueri.edu.br\/home\/?page_id=144"},"modified":"2025-06-01T02:26:45","modified_gmt":"2025-06-01T02:26:45","slug":"sptrans-bilhete-unico-passe-escolar","status":"publish","type":"page","link":"https:\/\/fatecbarueri.edu.br\/home\/sptrans-bilhete-unico-passe-escolar\/","title":{"rendered":"SPTRANS &#8211; Bilhete \u00danico &#8211; Passe Escolar"},"content":{"rendered":"\n<p>Solicite o seu Passe Escolar.<br>Preencha o formul\u00e1rio abaixo. Voc\u00ea receber\u00e1 um e-mail de confirma\u00e7\u00e3o. Caso seus dados n\u00e3o estejam inseridos na SPTrans em at\u00e9 cinco dias \u00fateis, imprima o e-mail de confirma\u00e7\u00e3o e apresente na Secretaria.<\/p>\n\n\n\n<h3 class=\"wp-block-heading\">Formul\u00e1rio de requisi\u00e7\u00e3o de Passe Escolar<\/h3>\n\n\n<div class=\"wpforms-container wpforms-container-full wpforms-block wpforms-block-2da3272b-298b-4493-a60d-fce371b5538b wpforms-render-modern\" id=\"wpforms-561\"><form id=\"wpforms-form-561\" class=\"wpforms-validate wpforms-form wpforms-ajax-form\" data-formid=\"561\" method=\"post\" enctype=\"multipart\/form-data\" action=\"\/home\/wp-json\/wp\/v2\/pages\/144\" data-token=\"d958a842bf3cf8d7ecdaa9a5627ace83\" data-token-time=\"1778677724\"><noscript class=\"wpforms-error-noscript\">Please enable JavaScript in your browser to complete this form.<\/noscript><div id=\"wpforms-error-noscript\" style=\"display: none;\">Please enable JavaScript in your browser to complete this form.<\/div><div class=\"wpforms-field-container\"><div id=\"wpforms-561-field_1-container\" class=\"wpforms-field wpforms-field-text\" data-field-id=\"1\"><label class=\"wpforms-field-label\" for=\"wpforms-561-field_1\">Nome Completo <span class=\"wpforms-required-label\" aria-hidden=\"true\">*<\/span><\/label><input type=\"text\" id=\"wpforms-561-field_1\" class=\"wpforms-field-medium wpforms-field-required\" name=\"wpforms[fields][1]\" aria-errormessage=\"wpforms-561-field_1-error\" required><\/div><div id=\"wpforms-561-field_27-container\" class=\"wpforms-field wpforms-field-text\" data-field-id=\"27\"><label class=\"wpforms-field-label\" for=\"wpforms-561-field_27\">R.A. (Registro Acad\u00eamico) <span class=\"wpforms-required-label\" aria-hidden=\"true\">*<\/span><\/label><input type=\"text\" id=\"wpforms-561-field_27\" class=\"wpforms-field-small wpforms-field-required\" name=\"wpforms[fields][27]\" aria-errormessage=\"wpforms-561-field_27-error\" required><\/div><div id=\"wpforms-561-field_31-container\" class=\"wpforms-field wpforms-field-email\" data-field-id=\"31\"><label class=\"wpforms-field-label\" for=\"wpforms-561-field_31\">E-mail <span class=\"wpforms-required-label\" aria-hidden=\"true\">*<\/span><\/label><input type=\"email\" id=\"wpforms-561-field_31\" class=\"wpforms-field-medium wpforms-field-required\" name=\"wpforms[fields][31]\" spellcheck=\"false\" aria-errormessage=\"wpforms-561-field_31-error\" required><\/div><div id=\"wpforms-561-field_6-container\" class=\"wpforms-field wpforms-field-text\" data-field-id=\"6\"><label class=\"wpforms-field-label\" for=\"wpforms-561-field_6\">RG (SEM O D\u00cdGITO) <span class=\"wpforms-required-label\" aria-hidden=\"true\">*<\/span><\/label><input type=\"text\" id=\"wpforms-561-field_6\" class=\"wpforms-field-small wpforms-field-required wpforms-masked-input\" data-rule-inputmask-incomplete=\"1\" data-inputmask-mask=\"99.999.999\" name=\"wpforms[fields][6]\" aria-errormessage=\"wpforms-561-field_6-error\" required><\/div><div id=\"wpforms-561-field_28-container\" class=\"wpforms-field wpforms-field-text\" data-field-id=\"28\"><label class=\"wpforms-field-label\" for=\"wpforms-561-field_28\">RG (D\u00cdGITO) <span class=\"wpforms-required-label\" aria-hidden=\"true\">*<\/span><\/label><input type=\"text\" id=\"wpforms-561-field_28\" class=\"wpforms-field-small wpforms-field-required wpforms-masked-input wpforms-limit-characters-enabled\" data-rule-inputmask-incomplete=\"1\" data-inputmask-mask=\"*\" data-form-id=\"561\" data-field-id=\"28\" data-text-limit=\"1\" name=\"wpforms[fields][28]\" aria-errormessage=\"wpforms-561-field_28-error\" maxlength=\"1\" required><\/div><div id=\"wpforms-561-field_29-container\" class=\"wpforms-field wpforms-field-select wpforms-field-select-style-classic\" data-field-id=\"29\"><label class=\"wpforms-field-label\" for=\"wpforms-561-field_29\">RG (UF do \u00d3rg\u00e3o Emissor) <span class=\"wpforms-required-label\" aria-hidden=\"true\">*<\/span><\/label><select id=\"wpforms-561-field_29\" class=\"wpforms-field-medium wpforms-field-required\" name=\"wpforms[fields][29]\" required=\"required\"><option value=\"\" class=\"placeholder\" disabled  selected='selected'>&#8212; Select Choice &#8212;<\/option><option value=\"AC\"  class=\"choice-1 depth-1\"  >AC<\/option><option value=\"AL\"  class=\"choice-2 depth-1\"  >AL<\/option><option value=\"AM\"  class=\"choice-14 depth-1\"  >AM<\/option><option value=\"AP\"  class=\"choice-3 depth-1\"  >AP<\/option><option value=\"BA\"  class=\"choice-13 depth-1\"  >BA<\/option><option value=\"CE\"  class=\"choice-12 depth-1\"  >CE<\/option><option value=\"ES\"  class=\"choice-11 depth-1\"  >ES<\/option><option value=\"DF\"  class=\"choice-10 depth-1\"  >DF<\/option><option value=\"GO\"  class=\"choice-27 depth-1\"  >GO<\/option><option value=\"MA\"  class=\"choice-9 depth-1\"  >MA<\/option><option value=\"MG\"  class=\"choice-6 depth-1\"  >MG<\/option><option value=\"MS\"  class=\"choice-7 depth-1\"  >MS<\/option><option value=\"MT\"  class=\"choice-8 depth-1\"  >MT<\/option><option value=\"PA\"  class=\"choice-5 depth-1\"  >PA<\/option><option value=\"PB\"  class=\"choice-4 depth-1\"  >PB<\/option><option value=\"PE\"  class=\"choice-18 depth-1\"  >PE<\/option><option value=\"PI\"  class=\"choice-17 depth-1\"  >PI<\/option><option value=\"PR\"  class=\"choice-19 depth-1\"  >PR<\/option><option value=\"RJ\"  class=\"choice-16 depth-1\"  >RJ<\/option><option value=\"RN\"  class=\"choice-15 depth-1\"  >RN<\/option><option value=\"RO\"  class=\"choice-21 depth-1\"  >RO<\/option><option value=\"RR\"  class=\"choice-20 depth-1\"  >RR<\/option><option value=\"RS\"  class=\"choice-22 depth-1\"  >RS<\/option><option value=\"SC\"  class=\"choice-23 depth-1\"  >SC<\/option><option value=\"SE\"  class=\"choice-24 depth-1\"  >SE<\/option><option value=\"SP\"  class=\"choice-25 depth-1\"  >SP<\/option><option value=\"TO\"  class=\"choice-26 depth-1\"  >TO<\/option><\/select><\/div><div id=\"wpforms-561-field_9-container\" class=\"wpforms-field wpforms-field-text\" data-field-id=\"9\"><label class=\"wpforms-field-label\" for=\"wpforms-561-field_9\">CPF <span class=\"wpforms-required-label\" aria-hidden=\"true\">*<\/span><\/label><input type=\"text\" id=\"wpforms-561-field_9\" class=\"wpforms-field-small wpforms-field-required wpforms-masked-input\" data-rule-inputmask-incomplete=\"1\" data-inputmask-mask=\"999.999.999-99\" name=\"wpforms[fields][9]\" aria-errormessage=\"wpforms-561-field_9-error\" required><\/div><div id=\"wpforms-561-field_5-container\" class=\"wpforms-field wpforms-field-text\" data-field-id=\"5\"><label class=\"wpforms-field-label\" for=\"wpforms-561-field_5\">Data de Nascimento <span class=\"wpforms-required-label\" aria-hidden=\"true\">*<\/span><\/label><input type=\"text\" id=\"wpforms-561-field_5\" class=\"wpforms-field-small wpforms-field-required wpforms-masked-input\" data-rule-inputmask-incomplete=\"1\" data-inputmask-mask=\"99\/99\/9999\" name=\"wpforms[fields][5]\" aria-errormessage=\"wpforms-561-field_5-error\" required><\/div><div id=\"wpforms-561-field_2-container\" class=\"wpforms-field wpforms-field-select wpforms-field-select-style-classic\" data-field-id=\"2\"><label class=\"wpforms-field-label\" for=\"wpforms-561-field_2\">Curso <span class=\"wpforms-required-label\" aria-hidden=\"true\">*<\/span><\/label><select id=\"wpforms-561-field_2\" class=\"wpforms-field-medium wpforms-field-required\" name=\"wpforms[fields][2]\" required=\"required\"><option value=\"Com\u00e9rcio Exterior\"  class=\"choice-1 depth-1\"  >Com\u00e9rcio Exterior<\/option><option value=\"Design de M\u00eddias Digitais\"  class=\"choice-2 depth-1\"  >Design de M\u00eddias Digitais<\/option><option value=\"Gest\u00e3o de Eventos\"  class=\"choice-3 depth-1\"  >Gest\u00e3o de Eventos<\/option><option value=\"Gest\u00e3o de Recursos Humanos\"  class=\"choice-4 depth-1\"  >Gest\u00e3o de Recursos Humanos<\/option><option value=\"Gest\u00e3o de Tecnologia da Informa\u00e7\u00e3o\"  class=\"choice-5 depth-1\"  >Gest\u00e3o de Tecnologia da Informa\u00e7\u00e3o<\/option><option value=\"Gest\u00e3o de Com\u00e9rcio Eletr\u00f4nico\"  class=\"choice-6 depth-1\"  >Gest\u00e3o de Com\u00e9rcio Eletr\u00f4nico<\/option><option value=\"Gest\u00e3o de Neg\u00f3cios e Pessoas\"  class=\"choice-7 depth-1\"  >Gest\u00e3o de Neg\u00f3cios e Pessoas<\/option><option value=\"Log\u00edstica\"  class=\"choice-8 depth-1\"  >Log\u00edstica<\/option><option value=\"Transporte Terrestre\"  class=\"choice-9 depth-1\"  >Transporte Terrestre<\/option><\/select><\/div>\t\t<div id=\"wpforms-561-field_3-container\"\n\t\t\tclass=\"wpforms-field wpforms-field-text\"\n\t\t\tdata-field-type=\"text\"\n\t\t\tdata-field-id=\"3\"\n\t\t\t>\n\t\t\t<label class=\"wpforms-field-label\" for=\"wpforms-561-field_3\" >(D\u00cdGITO) Semestre N\u00famero<\/label>\n\t\t\t<input type=\"text\" id=\"wpforms-561-field_3\" class=\"wpforms-field-medium\" name=\"wpforms[fields][3]\" >\n\t\t<\/div>\n\t\t<div id=\"wpforms-561-field_4-container\" class=\"wpforms-field wpforms-field-select wpforms-field-select-style-classic\" data-field-id=\"4\"><label class=\"wpforms-field-label\" for=\"wpforms-561-field_4\">Semestre <span class=\"wpforms-required-label\" aria-hidden=\"true\">*<\/span><\/label><select id=\"wpforms-561-field_4\" class=\"wpforms-field-medium wpforms-field-required\" name=\"wpforms[fields][4]\" required=\"required\"><option value=\"Primeiro\"  class=\"choice-1 depth-1\"  >Primeiro<\/option><option value=\"Segundo\"  class=\"choice-2 depth-1\"  >Segundo<\/option><option value=\"Terceiro\"  class=\"choice-3 depth-1\"  >Terceiro<\/option><option value=\"Quarto\"  class=\"choice-4 depth-1\"  >Quarto<\/option><option value=\"Quinto\"  class=\"choice-6 depth-1\"  >Quinto<\/option><option value=\"Sexto\"  class=\"choice-5 depth-1\"  >Sexto<\/option><\/select><\/div><div id=\"wpforms-561-field_17-container\" class=\"wpforms-field wpforms-field-text\" data-field-id=\"17\"><label class=\"wpforms-field-label\" for=\"wpforms-561-field_17\">CEP da Resid\u00eancia <span class=\"wpforms-required-label\" aria-hidden=\"true\">*<\/span><\/label><input type=\"text\" id=\"wpforms-561-field_17\" class=\"wpforms-field-small wpforms-field-required wpforms-masked-input\" data-rule-inputmask-incomplete=\"1\" data-inputmask-mask=\"99999-999\" name=\"wpforms[fields][17]\" aria-errormessage=\"wpforms-561-field_17-error\" required><\/div><div id=\"wpforms-561-field_20-container\" class=\"wpforms-field wpforms-field-text\" data-field-id=\"20\"><label class=\"wpforms-field-label\" for=\"wpforms-561-field_20\">N\u00famero da Resid\u00eancia <span class=\"wpforms-required-label\" aria-hidden=\"true\">*<\/span><\/label><input type=\"text\" id=\"wpforms-561-field_20\" class=\"wpforms-field-medium wpforms-field-required\" name=\"wpforms[fields][20]\" aria-errormessage=\"wpforms-561-field_20-error\" aria-describedby=\"wpforms-561-field_20-description\" required><div id=\"wpforms-561-field_20-description\" class=\"wpforms-field-description\">Escreva S\/N se n\u00e3o tiver n\u00famero. <\/div><\/div><div id=\"wpforms-561-field_23-container\" class=\"wpforms-field wpforms-field-text\" data-field-id=\"23\"><label class=\"wpforms-field-label\" for=\"wpforms-561-field_23\">Complemento (Opcional)<\/label><input type=\"text\" id=\"wpforms-561-field_23\" class=\"wpforms-field-medium\" name=\"wpforms[fields][23]\" aria-errormessage=\"wpforms-561-field_23-error\" ><\/div><script>\n\t\t\t\t( function() {\n\t\t\t\t\tconst style = document.createElement( 'style' );\n\t\t\t\t\tstyle.appendChild( document.createTextNode( '#wpforms-561-field_3-container { position: absolute !important; overflow: hidden !important; display: inline !important; height: 1px !important; width: 1px !important; z-index: -1000 !important; padding: 0 !important; } #wpforms-561-field_3-container input { visibility: hidden; } #wpforms-conversational-form-page #wpforms-561-field_3-container label { counter-increment: none; }' ) );\n\t\t\t\t\tdocument.head.appendChild( style );\n\t\t\t\t\tdocument.currentScript?.remove();\n\t\t\t\t} )();\n\t\t\t<\/script><\/div><!-- .wpforms-field-container --><div class=\"wpforms-submit-container\" ><input type=\"hidden\" name=\"wpforms[id]\" value=\"561\"><input type=\"hidden\" name=\"page_title\" value=\"\"><input type=\"hidden\" name=\"page_url\" value=\"https:\/\/fatecbarueri.edu.br\/home\/wp-json\/wp\/v2\/pages\/144\"><input type=\"hidden\" name=\"url_referer\" value=\"\"><button type=\"submit\" name=\"wpforms[submit]\" id=\"wpforms-submit-561\" class=\"wpforms-submit\" data-alt-text=\"Enviando...\" data-submit-text=\"Enviar\" aria-live=\"assertive\" value=\"wpforms-submit\">Enviar<\/button><img loading=\"lazy\" decoding=\"async\" src=\"https:\/\/fatecbarueri.edu.br\/home\/wp-content\/plugins\/wpforms-lite\/assets\/images\/submit-spin.svg\" class=\"wpforms-submit-spinner\" style=\"display: none;\" width=\"26\" height=\"26\" alt=\"Loading\"><\/div><\/form><\/div>  <!-- .wpforms-container --><p><\/p>","protected":false},"excerpt":{"rendered":"<p>Solicite o seu Passe Escolar.Preencha o formul\u00e1rio abaixo. Voc\u00ea receber\u00e1 um e-mail de confirma\u00e7\u00e3o. Caso seus dados n\u00e3o estejam inseridos na SPTrans em at\u00e9 cinco dias \u00fateis, imprima o e-mail de confirma\u00e7\u00e3o e apresente na Secretaria. Formul\u00e1rio de requisi\u00e7\u00e3o de Passe Escolar<\/p>\n","protected":false},"author":2,"featured_media":0,"parent":0,"menu_order":0,"comment_status":"closed","ping_status":"closed","template":"template-no-sidebar.php","meta":{"footnotes":""},"class_list":["post-144","page","type-page","status-publish","hentry"],"_links":{"self":[{"href":"https:\/\/fatecbarueri.edu.br\/home\/wp-json\/wp\/v2\/pages\/144"}],"collection":[{"href":"https:\/\/fatecbarueri.edu.br\/home\/wp-json\/wp\/v2\/pages"}],"about":[{"href":"https:\/\/fatecbarueri.edu.br\/home\/wp-json\/wp\/v2\/types\/page"}],"author":[{"embeddable":true,"href":"https:\/\/fatecbarueri.edu.br\/home\/wp-json\/wp\/v2\/users\/2"}],"replies":[{"embeddable":true,"href":"https:\/\/fatecbarueri.edu.br\/home\/wp-json\/wp\/v2\/comments?post=144"}],"version-history":[{"count":2,"href":"https:\/\/fatecbarueri.edu.br\/home\/wp-json\/wp\/v2\/pages\/144\/revisions"}],"predecessor-version":[{"id":591,"href":"https:\/\/fatecbarueri.edu.br\/home\/wp-json\/wp\/v2\/pages\/144\/revisions\/591"}],"wp:attachment":[{"href":"https:\/\/fatecbarueri.edu.br\/home\/wp-json\/wp\/v2\/media?parent=144"}],"curies":[{"name":"wp","href":"https:\/\/api.w.org\/{rel}","templated":true}]}}