{"id":1439,"date":"2026-04-09T18:03:12","date_gmt":"2026-04-09T18:03:12","guid":{"rendered":"https:\/\/fatecbarueri.edu.br\/home\/?page_id=1439"},"modified":"2026-04-09T18:03:12","modified_gmt":"2026-04-09T18:03:12","slug":"websai-2026","status":"publish","type":"page","link":"https:\/\/fatecbarueri.edu.br\/home\/websai-2026\/","title":{"rendered":"WebSAI 2026"},"content":{"rendered":"\n<p>A pesquisa <strong>WebSai 2026<\/strong> j\u00e1 est\u00e1 dispon\u00edvel para preenchimento na plataforma.<\/p>\n\n\n\n<p>Neste ano, os alunos da modalidade EAD tamb\u00e9m participam, ampliando a import\u00e2ncia do engajamento de todos no processo.<\/p>\n\n\n\n<p>Sua participa\u00e7\u00e3o \u00e9 essencial para avaliar e aprimorar a institui\u00e7\u00e3o.<\/p>\n\n\n\n<p><a href=\"https:\/\/websai.cps.sp.gov.br\/\" target=\"_blank\" rel=\"noreferrer noopener\">Acesse<\/a> a plataforma e responda \u00e0 pesquisa. Sua contribui\u00e7\u00e3o faz a diferen\u00e7a.<\/p>\n\n\n\n<div class=\"wp-block-buttons is-content-justification-center is-layout-flex wp-container-core-buttons-is-layout-1 wp-block-buttons-is-layout-flex\">\n<div class=\"wp-block-button\"><a class=\"wp-block-button__link has-text-align-center wp-element-button\" href=\"https:\/\/websai.cps.sp.gov.br\/\" target=\"_blank\" rel=\"noreferrer noopener\">Participe<\/a><\/div>\n<\/div>\n<p><\/p>","protected":false},"excerpt":{"rendered":"<p>A pesquisa WebSai 2026 j\u00e1 est\u00e1 dispon\u00edvel para preenchimento na plataforma. Neste ano, os alunos da modalidade EAD tamb\u00e9m participam, ampliando a import\u00e2ncia do engajamento de todos no processo. Sua participa\u00e7\u00e3o \u00e9 essencial para avaliar e aprimorar a institui\u00e7\u00e3o. Acesse a plataforma e responda \u00e0 pesquisa. Sua contribui\u00e7\u00e3o faz a diferen\u00e7a.<\/p>\n","protected":false},"author":12,"featured_media":1434,"parent":0,"menu_order":0,"comment_status":"closed","ping_status":"closed","template":"","meta":{"footnotes":""},"class_list":["post-1439","page","type-page","status-publish","has-post-thumbnail","hentry"],"_links":{"self":[{"href":"https:\/\/fatecbarueri.edu.br\/home\/wp-json\/wp\/v2\/pages\/1439"}],"collection":[{"href":"https:\/\/fatecbarueri.edu.br\/home\/wp-json\/wp\/v2\/pages"}],"about":[{"href":"https:\/\/fatecbarueri.edu.br\/home\/wp-json\/wp\/v2\/types\/page"}],"author":[{"embeddable":true,"href":"https:\/\/fatecbarueri.edu.br\/home\/wp-json\/wp\/v2\/users\/12"}],"replies":[{"embeddable":true,"href":"https:\/\/fatecbarueri.edu.br\/home\/wp-json\/wp\/v2\/comments?post=1439"}],"version-history":[{"count":1,"href":"https:\/\/fatecbarueri.edu.br\/home\/wp-json\/wp\/v2\/pages\/1439\/revisions"}],"predecessor-version":[{"id":1440,"href":"https:\/\/fatecbarueri.edu.br\/home\/wp-json\/wp\/v2\/pages\/1439\/revisions\/1440"}],"wp:featuredmedia":[{"embeddable":true,"href":"https:\/\/fatecbarueri.edu.br\/home\/wp-json\/wp\/v2\/media\/1434"}],"wp:attachment":[{"href":"https:\/\/fatecbarueri.edu.br\/home\/wp-json\/wp\/v2\/media?parent=1439"}],"curies":[{"name":"wp","href":"https:\/\/api.w.org\/{rel}","templated":true}]}}