{"id":1033,"date":"2025-08-06T14:01:44","date_gmt":"2025-08-06T14:01:44","guid":{"rendered":"https:\/\/fatecbarueri.edu.br\/home\/?page_id=1033"},"modified":"2026-04-09T14:55:23","modified_gmt":"2026-04-09T14:55:23","slug":"alimentacao","status":"publish","type":"page","link":"https:\/\/fatecbarueri.edu.br\/home\/alimentacao\/","title":{"rendered":"Alimenta\u00e7\u00e3o"},"content":{"rendered":"\n<p><\/p>\n\n\n\n<p>A Fatec Barueri oferece alimenta\u00e7\u00e3o aos alunos de segunda a sexta-feira, com servi\u00e7o fornecido pela <strong>Coordenadoria T\u00e9cnica de Abastecimento<\/strong> da <strong>Prefeitura Municipal de Barueri<\/strong>.<\/p>\n\n\n\n<p>Quer saber o que ser\u00e1 servido? Acesse o <strong><a href=\"https:\/\/portal.barueri.sp.gov.br\/secretarias\/coordenadoria-de-abastecimento\/cardapio-2026\" target=\"_blank\" rel=\"noreferrer noopener\">CARD\u00c1PIO<\/a><\/strong>.<\/p>\n\n\n\n<p>Obs.: Card\u00e1pio sujeito a altera\u00e7\u00f5es.<\/p>\n<p><\/p>","protected":false},"excerpt":{"rendered":"<p>A Fatec Barueri oferece alimenta\u00e7\u00e3o aos alunos de segunda a sexta-feira, com servi\u00e7o fornecido pela Coordenadoria T\u00e9cnica de Abastecimento da Prefeitura Municipal de Barueri. Quer saber o que ser\u00e1 servido? Acesse o CARD\u00c1PIO. Obs.: Card\u00e1pio sujeito a altera\u00e7\u00f5es.<\/p>\n","protected":false},"author":2,"featured_media":0,"parent":0,"menu_order":0,"comment_status":"closed","ping_status":"closed","template":"template-no-sidebar.php","meta":{"footnotes":""},"class_list":["post-1033","page","type-page","status-publish","hentry"],"_links":{"self":[{"href":"https:\/\/fatecbarueri.edu.br\/home\/wp-json\/wp\/v2\/pages\/1033"}],"collection":[{"href":"https:\/\/fatecbarueri.edu.br\/home\/wp-json\/wp\/v2\/pages"}],"about":[{"href":"https:\/\/fatecbarueri.edu.br\/home\/wp-json\/wp\/v2\/types\/page"}],"author":[{"embeddable":true,"href":"https:\/\/fatecbarueri.edu.br\/home\/wp-json\/wp\/v2\/users\/2"}],"replies":[{"embeddable":true,"href":"https:\/\/fatecbarueri.edu.br\/home\/wp-json\/wp\/v2\/comments?post=1033"}],"version-history":[{"count":13,"href":"https:\/\/fatecbarueri.edu.br\/home\/wp-json\/wp\/v2\/pages\/1033\/revisions"}],"predecessor-version":[{"id":1428,"href":"https:\/\/fatecbarueri.edu.br\/home\/wp-json\/wp\/v2\/pages\/1033\/revisions\/1428"}],"wp:attachment":[{"href":"https:\/\/fatecbarueri.edu.br\/home\/wp-json\/wp\/v2\/media?parent=1033"}],"curies":[{"name":"wp","href":"https:\/\/api.w.org\/{rel}","templated":true}]}}