{"id":100,"date":"2025-05-23T18:23:04","date_gmt":"2025-05-23T18:23:04","guid":{"rendered":"https:\/\/fatecbarueri.edu.br\/home\/?page_id=100"},"modified":"2025-07-08T00:38:54","modified_gmt":"2025-07-08T00:38:54","slug":"midias-sociais","status":"publish","type":"page","link":"https:\/\/fatecbarueri.edu.br\/home\/midias-sociais\/","title":{"rendered":"M\u00eddias Sociais"},"content":{"rendered":"\n<p>Fique por dentro das novidades acessando tamb\u00e9m nossas m\u00eddias sociais.<\/p>\n\n\n\n<figure class=\"wp-block-table is-style-stripes\"><table class=\"has-fixed-layout\"><tbody><tr><td class=\"has-text-align-center\" data-align=\"center\"> <\/td><td class=\"has-text-align-center\" data-align=\"center\"><a title=\"\ufffc\" href=\"https:\/\/www.facebook.com\/fatecbaruerioficial\" target=\"_blank\" rel=\"noopener\"><img loading=\"lazy\" decoding=\"async\" width=\"150\" height=\"150\" class=\"wp-image-543\" style=\"width: 150px;\" src=\"https:\/\/fatecbarueri.edu.br\/home\/wp-content\/uploads\/2025\/06\/logo_facebook.png\" alt=\"\" srcset=\"https:\/\/fatecbarueri.edu.br\/home\/wp-content\/uploads\/2025\/06\/logo_facebook.png 706w, https:\/\/fatecbarueri.edu.br\/home\/wp-content\/uploads\/2025\/06\/logo_facebook-300x300.png 300w, https:\/\/fatecbarueri.edu.br\/home\/wp-content\/uploads\/2025\/06\/logo_facebook-150x150.png 150w\" sizes=\"(max-width: 150px) 100vw, 150px\" \/><\/a><\/td><td><\/td><td class=\"has-text-align-center\" data-align=\"center\"><a title=\"\ufffc\" href=\"https:\/\/www.instagram.com\/fatecbaruerioficial\/\" target=\"_blank\" rel=\"noopener\"><img loading=\"lazy\" decoding=\"async\" width=\"150\" height=\"150\" class=\"wp-image-545\" style=\"width: 150px;\" src=\"https:\/\/fatecbarueri.edu.br\/home\/wp-content\/uploads\/2025\/06\/logo_instagram.png\" alt=\"\" srcset=\"https:\/\/fatecbarueri.edu.br\/home\/wp-content\/uploads\/2025\/06\/logo_instagram.png 525w, https:\/\/fatecbarueri.edu.br\/home\/wp-content\/uploads\/2025\/06\/logo_instagram-300x300.png 300w, https:\/\/fatecbarueri.edu.br\/home\/wp-content\/uploads\/2025\/06\/logo_instagram-150x150.png 150w\" sizes=\"(max-width: 150px) 100vw, 150px\" \/><\/a><\/td><td><\/td><td class=\"has-text-align-center\" data-align=\"center\"><a href=\"https:\/\/www.youtube.com\/@fatecbaruerioficial62\" data-type=\"link\" data-id=\"https:\/\/www.youtube.com\/@fatecbaruerioficial62\" target=\"_blank\" rel=\"noreferrer noopener\"><img loading=\"lazy\" decoding=\"async\" width=\"150\" height=\"150\" class=\"wp-image-544\" style=\"width: 150px;\" src=\"https:\/\/fatecbarueri.edu.br\/home\/wp-content\/uploads\/2025\/06\/logo_youtube.png\" alt=\"\" srcset=\"https:\/\/fatecbarueri.edu.br\/home\/wp-content\/uploads\/2025\/06\/logo_youtube.png 556w, https:\/\/fatecbarueri.edu.br\/home\/wp-content\/uploads\/2025\/06\/logo_youtube-300x300.png 300w, https:\/\/fatecbarueri.edu.br\/home\/wp-content\/uploads\/2025\/06\/logo_youtube-150x150.png 150w\" sizes=\"(max-width: 150px) 100vw, 150px\" \/><\/a><\/td><td class=\"has-text-align-center\" data-align=\"center\"><\/td><\/tr><\/tbody><\/table><figcaption class=\"wp-element-caption\">M\u00eddias sociais oficiais da Fatec Barueri<\/figcaption><\/figure>\n\n\n\n<p><\/p>\n<p><\/p>","protected":false},"excerpt":{"rendered":"<p>Fique por dentro das novidades acessando tamb\u00e9m nossas m\u00eddias sociais. M\u00eddias sociais oficiais da Fatec Barueri<\/p>\n","protected":false},"author":2,"featured_media":0,"parent":0,"menu_order":0,"comment_status":"closed","ping_status":"closed","template":"template-no-sidebar.php","meta":{"footnotes":""},"class_list":["post-100","page","type-page","status-publish","hentry"],"_links":{"self":[{"href":"https:\/\/fatecbarueri.edu.br\/home\/wp-json\/wp\/v2\/pages\/100"}],"collection":[{"href":"https:\/\/fatecbarueri.edu.br\/home\/wp-json\/wp\/v2\/pages"}],"about":[{"href":"https:\/\/fatecbarueri.edu.br\/home\/wp-json\/wp\/v2\/types\/page"}],"author":[{"embeddable":true,"href":"https:\/\/fatecbarueri.edu.br\/home\/wp-json\/wp\/v2\/users\/2"}],"replies":[{"embeddable":true,"href":"https:\/\/fatecbarueri.edu.br\/home\/wp-json\/wp\/v2\/comments?post=100"}],"version-history":[{"count":14,"href":"https:\/\/fatecbarueri.edu.br\/home\/wp-json\/wp\/v2\/pages\/100\/revisions"}],"predecessor-version":[{"id":831,"href":"https:\/\/fatecbarueri.edu.br\/home\/wp-json\/wp\/v2\/pages\/100\/revisions\/831"}],"wp:attachment":[{"href":"https:\/\/fatecbarueri.edu.br\/home\/wp-json\/wp\/v2\/media?parent=100"}],"curies":[{"name":"wp","href":"https:\/\/api.w.org\/{rel}","templated":true}]}}